{"id":4561,"date":"2025-08-14T12:34:00","date_gmt":"2025-08-14T10:34:00","guid":{"rendered":"https:\/\/grski-zakladi.si\/?post_type=product&#038;p=4561"},"modified":"2026-03-16T15:34:06","modified_gmt":"2026-03-16T14:34:06","slug":"naravno-milo-aloe","status":"publish","type":"product","link":"https:\/\/grski-zakladi.si\/it\/prodotto\/naravno-milo-aloe\/","title":{"rendered":"Naravno milo &#8211; Aloe (100 gr)"},"content":{"rendered":"<p>Naravno trdo milo z aloe vero je primerno za celotno telo in obraz. \u010cisti, vla\u017ei in naredi ko\u017eo gladko in mehko.<\/p>\n<p><span style=\"font-size: 80%;\"><br \/>\n<em>SESTAVINE: sodium olivate, aqua, sodium chloride, parfum, citric acid.<\/em><\/span><\/p>\n","protected":false},"excerpt":{"rendered":"<p>Naravno trdo milo z izvle\u010dkom ekolo\u0161kega olivnega olja in aloe vero.<\/p>\n","protected":false},"featured_media":4604,"comment_status":"open","ping_status":"closed","template":"","meta":[],"product_brand":[],"product_cat":[36,37],"product_tag":[46,42],"class_list":{"0":"post-4561","1":"product","2":"type-product","3":"status-publish","4":"has-post-thumbnail","6":"product_cat-ostalo","7":"product_cat-trda-mila","8":"product_tag-athenas-treasures","9":"product_tag-novo","11":"first","12":"instock","13":"shipping-taxable","14":"purchasable","15":"product-type-simple"},"_links":{"self":[{"href":"https:\/\/grski-zakladi.si\/it\/wp-json\/wp\/v2\/product\/4561","targetHints":{"allow":["GET"]}}],"collection":[{"href":"https:\/\/grski-zakladi.si\/it\/wp-json\/wp\/v2\/product"}],"about":[{"href":"https:\/\/grski-zakladi.si\/it\/wp-json\/wp\/v2\/types\/product"}],"replies":[{"embeddable":true,"href":"https:\/\/grski-zakladi.si\/it\/wp-json\/wp\/v2\/comments?post=4561"}],"wp:featuredmedia":[{"embeddable":true,"href":"https:\/\/grski-zakladi.si\/it\/wp-json\/wp\/v2\/media\/4604"}],"wp:attachment":[{"href":"https:\/\/grski-zakladi.si\/it\/wp-json\/wp\/v2\/media?parent=4561"}],"wp:term":[{"taxonomy":"product_brand","embeddable":true,"href":"https:\/\/grski-zakladi.si\/it\/wp-json\/wp\/v2\/product_brand?post=4561"},{"taxonomy":"product_cat","embeddable":true,"href":"https:\/\/grski-zakladi.si\/it\/wp-json\/wp\/v2\/product_cat?post=4561"},{"taxonomy":"product_tag","embeddable":true,"href":"https:\/\/grski-zakladi.si\/it\/wp-json\/wp\/v2\/product_tag?post=4561"}],"curies":[{"name":"wp","href":"https:\/\/api.w.org\/{rel}","templated":true}]}}