{"id":4368,"date":"2025-02-06T12:34:41","date_gmt":"2025-02-06T12:34:41","guid":{"rendered":"https:\/\/grski-zakladi.si\/izdelek\/spazzola-per-massaggio-del-cuoio-capelluto\/"},"modified":"2025-06-12T10:35:09","modified_gmt":"2025-06-12T10:35:09","slug":"spazzola-per-massaggio-del-cuoio-capelluto","status":"publish","type":"product","link":"https:\/\/grski-zakladi.si\/it\/prodotto\/spazzola-per-massaggio-del-cuoio-capelluto\/","title":{"rendered":"Spazzola per massaggio del cuoio capelluto"},"content":{"rendered":"<p>Con una spazzola massaggiante, il cuoio capelluto sar\u00e0 sempre pulito. Rimuove le cellule morte, inibisce la formazione di forfora e rallenta l&#8217;untuosit\u00e0 dei capelli. I movimenti di massaggio aumentano la circolazione sanguigna nel cuoio capelluto e lo &#8220;ventilano&#8221; bene. In questo modo, i follicoli piliferi ricevono pi\u00f9 ossigeno, favorendo una crescita pi\u00f9 rapida, una minore caduta e capelli pi\u00f9 forti e folti. Shampoo e altri prodotti possono penetrare meglio nel cuoio capelluto e svolgere la loro funzione in modo pi\u00f9 efficace. Il massaggio del cuoio capelluto ha un effetto rilassante e riduce tensione, stress e mal di testa.     <\/p>\n<p>Grazie alla sua delicatezza, la spazzola \u00e8 adatta a tutti i tipi di capelli e non si aggroviglia.<\/p>\n<p>Puoi trovare tutti i prodotti per la cura dei capelli <a href=\"https:\/\/grski-zakladi.si\/it\/categoria-prodotto\/capelli\/\">QUI<\/a>.<\/p>\n","protected":false},"excerpt":{"rendered":"<p>Una spazzola massaggiante \u00e8 un ottimo strumento per lavare i capelli. Deterge a fondo il cuoio capelluto, stimola la crescita dei capelli e offre un massaggio incredibilmente rilassante. <\/p>\n","protected":false},"featured_media":4032,"comment_status":"open","ping_status":"closed","template":"","meta":[],"product_brand":[],"product_cat":[87],"product_tag":[],"class_list":{"0":"post-4368","1":"product","2":"type-product","3":"status-publish","4":"has-post-thumbnail","6":"product_cat-capelli","8":"first","9":"instock","10":"shipping-taxable","11":"purchasable","12":"product-type-simple"},"_links":{"self":[{"href":"https:\/\/grski-zakladi.si\/it\/wp-json\/wp\/v2\/product\/4368","targetHints":{"allow":["GET"]}}],"collection":[{"href":"https:\/\/grski-zakladi.si\/it\/wp-json\/wp\/v2\/product"}],"about":[{"href":"https:\/\/grski-zakladi.si\/it\/wp-json\/wp\/v2\/types\/product"}],"replies":[{"embeddable":true,"href":"https:\/\/grski-zakladi.si\/it\/wp-json\/wp\/v2\/comments?post=4368"}],"wp:featuredmedia":[{"embeddable":true,"href":"https:\/\/grski-zakladi.si\/it\/wp-json\/wp\/v2\/media\/4032"}],"wp:attachment":[{"href":"https:\/\/grski-zakladi.si\/it\/wp-json\/wp\/v2\/media?parent=4368"}],"wp:term":[{"taxonomy":"product_brand","embeddable":true,"href":"https:\/\/grski-zakladi.si\/it\/wp-json\/wp\/v2\/product_brand?post=4368"},{"taxonomy":"product_cat","embeddable":true,"href":"https:\/\/grski-zakladi.si\/it\/wp-json\/wp\/v2\/product_cat?post=4368"},{"taxonomy":"product_tag","embeddable":true,"href":"https:\/\/grski-zakladi.si\/it\/wp-json\/wp\/v2\/product_tag?post=4368"}],"curies":[{"name":"wp","href":"https:\/\/api.w.org\/{rel}","templated":true}]}}