{"id":3467,"date":"2024-09-28T09:19:56","date_gmt":"2024-09-28T07:19:56","guid":{"rendered":"https:\/\/grski-zakladi.si\/izdelek\/crema-viso-idratante-con-acido-ialuronico\/"},"modified":"2024-09-28T09:19:56","modified_gmt":"2024-09-28T09:19:56","slug":"crema-viso-idratante-con-acido-ialuronico","status":"publish","type":"product","link":"https:\/\/grski-zakladi.si\/it\/prodotto\/crema-viso-idratante-con-acido-ialuronico\/","title":{"rendered":"Crema viso idratante con acido ialuronico"},"content":{"rendered":"<p>La crema \u00e8 appositamente studiata per prevenire i segni dell&#8217;invecchiamento precoce (rughe, punti neri). Contiene vitamine A, E, C ed F, liposomi, estratto di semi di uva rossa, zafferano e coenzima Q10. La combinazione unica di uva e liposomi previene la distruzione delle cellule e del collagene, mentre lo zafferano e la vitamina C stabilizzata inibiscono la formazione dei punti neri. La crema contiene anche acido ialuronico* e burro di karit\u00e8, che idratano estremamente la pelle. La pelle sar\u00e0 pi\u00f9 tesa, profondamente idratata e morbida come la seta. *L\u2019acido ialuronico \u00e8 fondamentalmente utilizzato come idratante profondo.    <\/p>\n<p><span style=\"font-size: 80%;\"><br \/>\n<em>INGREDIENTI: aqua, aloe barbadensis leaf juice*, hydrogenated ethylhexyl olivate, hydrogenated olive oil, unsaponifiables, cetearyl alcohol, dicetyl phosphate, ceteth-10 phosphate, sodium PCA, sodium lactate, fructose, glycine, niacinamide, urea, inositol, glycerin, caprylic\/capric triglyceride, octyl palmitate, titanium dioxide (nano), oleth-10, isodeceth-6, aluminium stearate, alumina, simethicone, diazolidinyl urea, PEG-20 stearate, benzyl alcohol, dehydroacetic acid, coco-caprylate\/caprate, PEG-40 hydrogenated castor oil, tocopherol, vitis vinifera (grape) seed extract, crocus sativus (saffron) flower extract, olea europaea (olive) fruit oil*, butyrospermum parkii (shea) butter, tocopheryl acetate, allantoin, lecithin, ubiquinone, carnosine, silybum marianum fruit extract, alpha-arbutin, sodium hyaluronate, ascorbyl glucoside, retinyl palmitate, steareth-10, sodium hydroxide, parfum, acrylates\/C10-30 alkyl acrylate crosspolymer, steareth-2, sodium phytate, BHT, benzyl salicylate, citronellol, hexylcinnamaldehyde, linalool. (*) <\/em><br \/>\n<\/span><span style=\"font-size: 80%;\"><br \/>\n<em>*ingredienti da produzione biologica<\/em><br \/>\n<\/span><\/p>\n","protected":false},"excerpt":{"rendered":"<p>Crema viso con aloe vera biologica e olio d&#8217;oliva biologico. Ricco di vitamine, antiossidanti e ingredienti antiet\u00e0. <\/p>\n<p>Formato: 50ml<\/p>\n","protected":false},"featured_media":3390,"comment_status":"open","ping_status":"closed","template":"","meta":[],"product_brand":[],"product_cat":[91],"product_tag":[99],"class_list":{"0":"post-3467","1":"product","2":"type-product","3":"status-publish","4":"has-post-thumbnail","6":"product_cat-il-viso","7":"product_tag-tesori-dellaloe","9":"first","10":"instock","11":"shipping-taxable","12":"purchasable","13":"product-type-simple"},"_links":{"self":[{"href":"https:\/\/grski-zakladi.si\/it\/wp-json\/wp\/v2\/product\/3467","targetHints":{"allow":["GET"]}}],"collection":[{"href":"https:\/\/grski-zakladi.si\/it\/wp-json\/wp\/v2\/product"}],"about":[{"href":"https:\/\/grski-zakladi.si\/it\/wp-json\/wp\/v2\/types\/product"}],"replies":[{"embeddable":true,"href":"https:\/\/grski-zakladi.si\/it\/wp-json\/wp\/v2\/comments?post=3467"}],"wp:featuredmedia":[{"embeddable":true,"href":"https:\/\/grski-zakladi.si\/it\/wp-json\/wp\/v2\/media\/3390"}],"wp:attachment":[{"href":"https:\/\/grski-zakladi.si\/it\/wp-json\/wp\/v2\/media?parent=3467"}],"wp:term":[{"taxonomy":"product_brand","embeddable":true,"href":"https:\/\/grski-zakladi.si\/it\/wp-json\/wp\/v2\/product_brand?post=3467"},{"taxonomy":"product_cat","embeddable":true,"href":"https:\/\/grski-zakladi.si\/it\/wp-json\/wp\/v2\/product_cat?post=3467"},{"taxonomy":"product_tag","embeddable":true,"href":"https:\/\/grski-zakladi.si\/it\/wp-json\/wp\/v2\/product_tag?post=3467"}],"curies":[{"name":"wp","href":"https:\/\/api.w.org\/{rel}","templated":true}]}}