{"id":3109,"date":"2022-09-08T09:20:54","date_gmt":"2022-09-08T07:20:54","guid":{"rendered":"https:\/\/grski-zakladi.si\/izdelek\/crema-per-i-piedi-con-cera-dapi-e-aha\/"},"modified":"2026-01-19T12:08:53","modified_gmt":"2026-01-19T11:08:53","slug":"crema-per-i-piedi-con-cera-dapi-e-aha","status":"publish","type":"product","link":"https:\/\/grski-zakladi.si\/it\/prodotto\/crema-per-i-piedi-con-cera-dapi-e-aha\/","title":{"rendered":"Crema per i piedi con cera d&#8217;api e AHA"},"content":{"rendered":"<p>La crema per i piedi \u00e8 arricchita con vitamine A ed E, acidi della frutta, olio dell&#8217;albero del t\u00e8 e burro di karit\u00e8. Grazie agli acidi AHA, rimuove le cellule morte della pelle dai talloni screpolati e li ammorbidisce. Lenisce e idrata i piedi stanchi.<\/p>\n<p><span style=\"font-size: 80%;\"><em>INGREDIENTI: acqua, succo di foglie di aloe barbadensis*, glicerina, ottil palmitato, urea, gliceril stearato, PEG-100 stearato, acido stearico, alcool cetilico, alcool cetearilico, dicetil fosfato, ceteth-10 fosfato,<\/em><\/span> <em style=\"font-size: 80%;\">ciclopentasilossano, butyrospermum parkii (shea) burro , fenossietanolo, etilelilglicerina, acido lattico, dimeticone, ossido di zinco, olio di olea europaea (oliva)*, cera alba (cera d&#8217;api), acido glicolico, acido salicilico, olio di melaleuca alternifolia (albero del t\u00e8), pantenolo, mentil lattato, PPG-26 buteth-26, olio di ricino idrogenato PEG-40, biosaccaride gomma-1, tocoferil acetato, retinil palmitato, allantoina, silicato di magnesio e alluminio, profumo, triclosan, idrossido di sodio, EDTA disodico, butil idrossi toluene, amil cinnamal, esilcinnamal,<\/em> <em style=\"font-size: 80%;\">linalolo.<\/em> <span style=\"font-size: 80%;\"><em>*ingredienti da produzione biologica<\/em><\/span><\/p>\n","protected":false},"excerpt":{"rendered":"<p>Crema idratante per i piedi con estratto di aloe vera biologica e cera d&#8217;api. <\/p>\n<p>Formato: 100ml<\/p>\n","protected":false},"featured_media":3110,"comment_status":"open","ping_status":"closed","template":"","meta":[],"product_brand":[],"product_cat":[113,96],"product_tag":[99],"class_list":{"0":"post-3109","1":"product","2":"type-product","3":"status-publish","4":"has-post-thumbnail","6":"product_cat-cura-dei-piedi","7":"product_cat-il-corpo","8":"product_tag-tesori-dellaloe","10":"first","11":"instock","12":"shipping-taxable","13":"purchasable","14":"product-type-simple"},"_links":{"self":[{"href":"https:\/\/grski-zakladi.si\/it\/wp-json\/wp\/v2\/product\/3109","targetHints":{"allow":["GET"]}}],"collection":[{"href":"https:\/\/grski-zakladi.si\/it\/wp-json\/wp\/v2\/product"}],"about":[{"href":"https:\/\/grski-zakladi.si\/it\/wp-json\/wp\/v2\/types\/product"}],"replies":[{"embeddable":true,"href":"https:\/\/grski-zakladi.si\/it\/wp-json\/wp\/v2\/comments?post=3109"}],"wp:featuredmedia":[{"embeddable":true,"href":"https:\/\/grski-zakladi.si\/it\/wp-json\/wp\/v2\/media\/3110"}],"wp:attachment":[{"href":"https:\/\/grski-zakladi.si\/it\/wp-json\/wp\/v2\/media?parent=3109"}],"wp:term":[{"taxonomy":"product_brand","embeddable":true,"href":"https:\/\/grski-zakladi.si\/it\/wp-json\/wp\/v2\/product_brand?post=3109"},{"taxonomy":"product_cat","embeddable":true,"href":"https:\/\/grski-zakladi.si\/it\/wp-json\/wp\/v2\/product_cat?post=3109"},{"taxonomy":"product_tag","embeddable":true,"href":"https:\/\/grski-zakladi.si\/it\/wp-json\/wp\/v2\/product_tag?post=3109"}],"curies":[{"name":"wp","href":"https:\/\/api.w.org\/{rel}","templated":true}]}}