{"id":3047,"date":"2022-01-30T11:03:21","date_gmt":"2022-01-30T10:03:21","guid":{"rendered":"https:\/\/grski-zakladi.si\/izdelek\/crema-per-le-mani-avocado-e-aloe-vera\/"},"modified":"2024-07-28T17:49:19","modified_gmt":"2024-07-28T17:49:19","slug":"crema-per-le-mani-avocado-e-aloe-vera","status":"publish","type":"product","link":"https:\/\/grski-zakladi.si\/it\/prodotto\/crema-per-le-mani-avocado-e-aloe-vera\/","title":{"rendered":"Crema per le mani &#8211; Avocado e Aloe vera"},"content":{"rendered":"<p>La crema \u00e8 arricchita con vitamine A ed E, pantenolo, ingredienti idratanti e antiet\u00e0. Nutre, protegge e lenisce le mani, idratando la pelle, restituendole elasticit\u00e0 e morbidezza vellutata. Non unge la pelle e si assorbe immediatamente.  <span style=\"font-size: 80%;\"><br \/>\n<em>INGREDIENTI: acqua, glicerina, ottil palmitato, gliceril stearato, peg-100 stearato, stearina, urea, ciclopentasilossano, alcool cetilico, dimeticone, succo di foglie di aloe barbadensis*, olio di persea gratissima, biosaccaride gomma-1, butyrospermum parkii, olio di olea europaea* , idrossido di sodio, estratto di foglie di olea europaea*, acetato di tocoferile, pantenolo, profumo, poliquaternium-39, allantoina, fenossietanolo, etilelilglicerina, retinil palmitato, butilidrossitoluene.<\/em><br \/>\n<\/span><span style=\"font-size: 80%;\"><br \/>\n<em>*ingredienti da produzione biologica<\/em><br \/>\n<\/span><\/p>\n","protected":false},"excerpt":{"rendered":"<p>Crema idratante per mani secche e screpolate. Con olio d&#8217;oliva biologico, estratto di foglie di olivo, olio di avocado biologico e aloe vera biologica. Formato: 60ml<\/p>\n","protected":false},"featured_media":3048,"comment_status":"open","ping_status":"closed","template":"","meta":[],"product_brand":[],"product_cat":[104,96],"product_tag":[105],"class_list":{"0":"post-3047","1":"product","2":"type-product","3":"status-publish","4":"has-post-thumbnail","6":"product_cat-cura-delle-mani","7":"product_cat-il-corpo","8":"product_tag-i-tesori-di-atena","10":"first","11":"instock","12":"shipping-taxable","13":"purchasable","14":"product-type-simple"},"_links":{"self":[{"href":"https:\/\/grski-zakladi.si\/it\/wp-json\/wp\/v2\/product\/3047","targetHints":{"allow":["GET"]}}],"collection":[{"href":"https:\/\/grski-zakladi.si\/it\/wp-json\/wp\/v2\/product"}],"about":[{"href":"https:\/\/grski-zakladi.si\/it\/wp-json\/wp\/v2\/types\/product"}],"replies":[{"embeddable":true,"href":"https:\/\/grski-zakladi.si\/it\/wp-json\/wp\/v2\/comments?post=3047"}],"wp:featuredmedia":[{"embeddable":true,"href":"https:\/\/grski-zakladi.si\/it\/wp-json\/wp\/v2\/media\/3048"}],"wp:attachment":[{"href":"https:\/\/grski-zakladi.si\/it\/wp-json\/wp\/v2\/media?parent=3047"}],"wp:term":[{"taxonomy":"product_brand","embeddable":true,"href":"https:\/\/grski-zakladi.si\/it\/wp-json\/wp\/v2\/product_brand?post=3047"},{"taxonomy":"product_cat","embeddable":true,"href":"https:\/\/grski-zakladi.si\/it\/wp-json\/wp\/v2\/product_cat?post=3047"},{"taxonomy":"product_tag","embeddable":true,"href":"https:\/\/grski-zakladi.si\/it\/wp-json\/wp\/v2\/product_tag?post=3047"}],"curies":[{"name":"wp","href":"https:\/\/api.w.org\/{rel}","templated":true}]}}