{"id":3029,"date":"2022-01-30T10:53:08","date_gmt":"2022-01-30T09:53:08","guid":{"rendered":"https:\/\/grski-zakladi.si\/izdelek\/crema-per-le-mani-calendula\/"},"modified":"2024-07-28T17:49:18","modified_gmt":"2024-07-28T17:49:18","slug":"crema-per-le-mani-calendula","status":"publish","type":"product","link":"https:\/\/grski-zakladi.si\/it\/prodotto\/crema-per-le-mani-calendula\/","title":{"rendered":"Crema per le mani &#8211; Calendula"},"content":{"rendered":"<p>La crema contiene olio d&#8217;oliva biologico, estratti di foglie di olivo e calendula. Inoltre \u00e8 arricchito con vitamine A ed E, pantenolo, burro di karit\u00e8 e glicerina. Nutre e ammorbidisce anche le mani secche. Idrata la pelle, dona elasticit\u00e0 e una vellutata sensazione di morbidezza. Non lascia una sensazione di unto sulla pelle e si assorbe immediatamente.  <span style=\"font-size: 80%;\"><br \/>\n<em>INGREDIENTI: acqua, glicerina, ottil palmitato, gliceril stearato, peg-100 stearato, acido stearico, ciclopentasilossano, alcool cetilico, olio di frutta di olea europaea*, fenossietanolo, etilesilglicerina, dimeticone, estratto di foglie di olea europaea*, estratto di fiori di calendula officinalis, butyrospermum parkii , pantenolo, biosaccaride gomma-1, tocoferile acetato, allantoina, retinil palmitato, profumo, idrossido di sodio, etilesilglicerina, edta disodico, butilidrossitoluene, benzil salicilato, geraniolo, cironellolo, esilcinnamaldeide, d-limonene, linalolo.<\/em><br \/>\n<\/span><span style=\"font-size: 80%;\"><br \/>\n<em>*ingredienti da produzione biologica<\/em><br \/>\n<\/span><\/p>\n","protected":false},"excerpt":{"rendered":"<p>Crema mani idratante alla calendula per pelli molto secche. Formato: 200 ml<\/p>\n","protected":false},"featured_media":3030,"comment_status":"open","ping_status":"closed","template":"","meta":[],"product_brand":[],"product_cat":[104,96],"product_tag":[105],"class_list":{"0":"post-3029","1":"product","2":"type-product","3":"status-publish","4":"has-post-thumbnail","6":"product_cat-cura-delle-mani","7":"product_cat-il-corpo","8":"product_tag-i-tesori-di-atena","10":"first","11":"instock","12":"shipping-taxable","13":"purchasable","14":"product-type-simple"},"_links":{"self":[{"href":"https:\/\/grski-zakladi.si\/it\/wp-json\/wp\/v2\/product\/3029","targetHints":{"allow":["GET"]}}],"collection":[{"href":"https:\/\/grski-zakladi.si\/it\/wp-json\/wp\/v2\/product"}],"about":[{"href":"https:\/\/grski-zakladi.si\/it\/wp-json\/wp\/v2\/types\/product"}],"replies":[{"embeddable":true,"href":"https:\/\/grski-zakladi.si\/it\/wp-json\/wp\/v2\/comments?post=3029"}],"wp:featuredmedia":[{"embeddable":true,"href":"https:\/\/grski-zakladi.si\/it\/wp-json\/wp\/v2\/media\/3030"}],"wp:attachment":[{"href":"https:\/\/grski-zakladi.si\/it\/wp-json\/wp\/v2\/media?parent=3029"}],"wp:term":[{"taxonomy":"product_brand","embeddable":true,"href":"https:\/\/grski-zakladi.si\/it\/wp-json\/wp\/v2\/product_brand?post=3029"},{"taxonomy":"product_cat","embeddable":true,"href":"https:\/\/grski-zakladi.si\/it\/wp-json\/wp\/v2\/product_cat?post=3029"},{"taxonomy":"product_tag","embeddable":true,"href":"https:\/\/grski-zakladi.si\/it\/wp-json\/wp\/v2\/product_tag?post=3029"}],"curies":[{"name":"wp","href":"https:\/\/api.w.org\/{rel}","templated":true}]}}