{"id":2882,"date":"2022-01-30T17:53:04","date_gmt":"2022-01-30T16:53:04","guid":{"rendered":"https:\/\/grski-zakladi.si\/izdelek\/crema-per-le-mani-al-latte-di-nasello\/"},"modified":"2025-01-24T14:25:50","modified_gmt":"2025-01-24T14:25:50","slug":"crema-per-le-mani-al-latte-di-asina","status":"publish","type":"product","link":"https:\/\/grski-zakladi.si\/it\/prodotto\/crema-per-le-mani-al-latte-di-asina\/","title":{"rendered":"Crema per le mani al latte d&#8217;asina"},"content":{"rendered":"<p>Il latte d&#8217;asina \u00e8 considerato fin dall&#8217;antichit\u00e0 un elisir per la cura e la bellezza della pelle. Contiene proteine e aminoacidi che trattengono l&#8217;umidit\u00e0 nella pelle e rafforzano la funzione del collagene e dell&#8217;elastina. Insieme all&#8217;olio d&#8217;oliva biologico, ai fitosteroli, all&#8217;urea idratante e all&#8217;olio di mandorle biologico, protegge e nutre intensamente la pelle screpolata, lasciando le mani morbide come la seta. Formula non grassa. Viene assorbito immediatamente.<\/p>\n<p><span style=\"font-size: 80%;\"><br \/>\n<em>INGREDIENTI: aqua, octyl palmitate, cetearyl alcohol, donkey milk, glyceryl stearate &amp; polyglyceryl-6 palmitate\/succinate, glycerin, urea, caprylic\/capric triglyceride, isopropyl isostearate, stearic acid, potassium olivoyl hydrolyzed wheat protein &amp; glyceryl oleate phenoxyethanol &amp; ethylhexylglycerin, persea gratissima (avocado) oil &amp; phytosterols, prunus dulcis (almond) oil**, olea europaea (olive) fruit oil**, butyrospermum parkii (shea) butter, allantoin, tocopheryl acetate, sodium lactate, parfum, hectorite &amp; hydroxyethylcellulose, xanthan gum, lactic acid, disodium EDTA, BHT, benzyl salicylate, cinnamal.<\/em><br \/>\n<\/span><span style=\"font-size: 80%;\"><br \/>\n<em>**ingredienti da produzione biologica<\/em><br \/>\n<\/span><\/p>\n","protected":false},"excerpt":{"rendered":"<p>Crema mani nutriente per pelli screpolate. Con latte d&#8217;asina greco lavorato criogenicamente al 100%*, olio d&#8217;oliva biologico, olio di mandorle biologico e fitosteroli.<br \/>\n<em><br \/>\n*Trattamento speciale per preservare le propriet\u00e0 e le caratteristiche uniche del latte.<\/em><\/p>\n<p>Formato: 100ml<\/p>\n","protected":false},"featured_media":2885,"comment_status":"open","ping_status":"closed","template":"","meta":[],"product_brand":[],"product_cat":[104,96],"product_tag":[88],"class_list":{"0":"post-2882","1":"product","2":"type-product","3":"status-publish","4":"has-post-thumbnail","6":"product_cat-cura-delle-mani","7":"product_cat-il-corpo","8":"product_tag-tesori-del-latte-dasina","10":"first","11":"instock","12":"shipping-taxable","13":"purchasable","14":"product-type-simple"},"_links":{"self":[{"href":"https:\/\/grski-zakladi.si\/it\/wp-json\/wp\/v2\/product\/2882","targetHints":{"allow":["GET"]}}],"collection":[{"href":"https:\/\/grski-zakladi.si\/it\/wp-json\/wp\/v2\/product"}],"about":[{"href":"https:\/\/grski-zakladi.si\/it\/wp-json\/wp\/v2\/types\/product"}],"replies":[{"embeddable":true,"href":"https:\/\/grski-zakladi.si\/it\/wp-json\/wp\/v2\/comments?post=2882"}],"wp:featuredmedia":[{"embeddable":true,"href":"https:\/\/grski-zakladi.si\/it\/wp-json\/wp\/v2\/media\/2885"}],"wp:attachment":[{"href":"https:\/\/grski-zakladi.si\/it\/wp-json\/wp\/v2\/media?parent=2882"}],"wp:term":[{"taxonomy":"product_brand","embeddable":true,"href":"https:\/\/grski-zakladi.si\/it\/wp-json\/wp\/v2\/product_brand?post=2882"},{"taxonomy":"product_cat","embeddable":true,"href":"https:\/\/grski-zakladi.si\/it\/wp-json\/wp\/v2\/product_cat?post=2882"},{"taxonomy":"product_tag","embeddable":true,"href":"https:\/\/grski-zakladi.si\/it\/wp-json\/wp\/v2\/product_tag?post=2882"}],"curies":[{"name":"wp","href":"https:\/\/api.w.org\/{rel}","templated":true}]}}