{"id":2845,"date":"2023-06-29T06:59:42","date_gmt":"2023-06-29T04:59:42","guid":{"rendered":"https:\/\/grski-zakladi.si\/izdelek\/burro-per-il-corpo-cocco\/"},"modified":"2024-11-01T11:32:44","modified_gmt":"2024-11-01T11:32:44","slug":"burro-per-il-corpo-cocco","status":"publish","type":"product","link":"https:\/\/grski-zakladi.si\/it\/prodotto\/burro-per-il-corpo-cocco\/","title":{"rendered":"Burro per il corpo &#8211; Cocco"},"content":{"rendered":"<p>Il burro nutriente \u00e8 ideale per la cura della pelle secca e sensibile. \u00c8 arricchito con vitamine A ed E, pantenolo, burro di karit\u00e8, ingredienti idratanti e antiet\u00e0. Protegge, nutre e lenisce la pelle e la idrata intensamente. La pelle torner\u00e0 ad essere elastica e morbida come il velluto. Si assorbe rapidamente e non lascia una sensazione di unto. Ha un delicato profumo di cocco che ti ricorder\u00e0 le giornate estive. <\/p>\n<p><span style=\"font-size: 80%;\"><em>INGREDIENTI: aqua, aloe barbadensis leaf juice*,octyl palmitate, cetyl alcohol, stearic acid, glycerin, glyceryl stearate, PEG-100 stearate, phenoxyethanol, ethylhexylglycerin, parfum, cocos nucifera (coconut) fruit extract, cyclopentasiloxane, butyrospermum parkii (shea) butter, dimethicone, panthenol, biosaccharide gum-1, allantoin, tocopheryl acetate, retinyl palmitate, sodium hydroxide, disodium EDTA, BHT, coumarin<\/em><\/span> <span style=\"font-size: 80%;\"><em>* ingredienti da produzione biologica.<\/em><\/span><\/p>\n","protected":false},"excerpt":{"rendered":"<p>Burro corpo idratante con aloe vera biologica e olio di cocco.<\/p>\n<p>Formato: 200 ml<\/p>\n","protected":false},"featured_media":2846,"comment_status":"open","ping_status":"closed","template":"","meta":[],"product_brand":[],"product_cat":[97,96],"product_tag":[99],"class_list":{"0":"post-2845","1":"product","2":"type-product","3":"status-publish","4":"has-post-thumbnail","6":"product_cat-cura-del-corpo","7":"product_cat-il-corpo","8":"product_tag-tesori-dellaloe","10":"first","11":"instock","12":"shipping-taxable","13":"purchasable","14":"product-type-simple"},"_links":{"self":[{"href":"https:\/\/grski-zakladi.si\/it\/wp-json\/wp\/v2\/product\/2845","targetHints":{"allow":["GET"]}}],"collection":[{"href":"https:\/\/grski-zakladi.si\/it\/wp-json\/wp\/v2\/product"}],"about":[{"href":"https:\/\/grski-zakladi.si\/it\/wp-json\/wp\/v2\/types\/product"}],"replies":[{"embeddable":true,"href":"https:\/\/grski-zakladi.si\/it\/wp-json\/wp\/v2\/comments?post=2845"}],"wp:featuredmedia":[{"embeddable":true,"href":"https:\/\/grski-zakladi.si\/it\/wp-json\/wp\/v2\/media\/2846"}],"wp:attachment":[{"href":"https:\/\/grski-zakladi.si\/it\/wp-json\/wp\/v2\/media?parent=2845"}],"wp:term":[{"taxonomy":"product_brand","embeddable":true,"href":"https:\/\/grski-zakladi.si\/it\/wp-json\/wp\/v2\/product_brand?post=2845"},{"taxonomy":"product_cat","embeddable":true,"href":"https:\/\/grski-zakladi.si\/it\/wp-json\/wp\/v2\/product_cat?post=2845"},{"taxonomy":"product_tag","embeddable":true,"href":"https:\/\/grski-zakladi.si\/it\/wp-json\/wp\/v2\/product_tag?post=2845"}],"curies":[{"name":"wp","href":"https:\/\/api.w.org\/{rel}","templated":true}]}}