{"id":2803,"date":"2024-01-04T12:26:29","date_gmt":"2024-01-04T11:26:29","guid":{"rendered":"https:\/\/grski-zakladi.si\/izdelek\/gel-detergente-viso-con-aloe-vera-e-olio-di-melaleuca\/"},"modified":"2024-10-14T10:15:50","modified_gmt":"2024-10-14T10:15:50","slug":"gel-detergente-viso-con-aloe-vera-e-olio-di-melaleuca","status":"publish","type":"product","link":"https:\/\/grski-zakladi.si\/it\/prodotto\/gel-detergente-viso-con-aloe-vera-e-olio-di-melaleuca\/","title":{"rendered":"Gel detergente viso con aloe vera e olio dell&#8217;albero del t\u00e8"},"content":{"rendered":"<p>Il gel contiene ingredienti detergenti delicati, quindi rimuove delicatamente le impurit\u00e0 dal viso e i residui di trucco. Non secca la pelle. Grazie al contenuto di olio dell&#8217;albero del t\u00e8, che ha un effetto antinfiammatorio, il gel detergente \u00e8 ideale per la pelle grassa soggetta a brufoli. Rimuove il grasso e lenisce la pelle irritata. \u00c8 ricco di vitamine A ed E e pantenolo. ISTRUZIONI PER L&#8217;USO: Massaggiare delicatamente una piccola quantit\u00e0 sulla pelle del viso e del collo. Risciacquare bene. Pelle da normale a grassa: utilizzare due volte al giorno; pelle secca: utilizzare una volta al giorno.        <span style=\"font-size: 80%;\"><br \/>\n<em>INGREDIENTI: aqua, aloe barbadensis gel*, cocamidopropyl betaine, sodium lauroyl sarcosinate, peg-120 mehyl glucose dioleate, sodium cocoyl glucine, olive oil pca, sodium laureth sulfate, glycerin, benzyl alcohol, dehydroacetic acid, urea, glycyrrhetinic acid, panthenol, melaleuca alternifolia oil, parfum, benzophenone-4, polysorbate-20, retinyl palmitate, tocopheryl acetate, linoleic acid, biotin, disodium edta, lactic acid may contains: c.i. 47007, c.i. 42051, c.i. 45190.<\/em><br \/>\n<\/span><span style=\"font-size: 80%;\"><br \/>\n<em>*ingredienti da produzione biologica<\/em><br \/>\n<\/span><\/p>\n","protected":false},"excerpt":{"rendered":"<p>Gel detergente viso delicato con aloe vera biologica e olio dell&#8217;albero del t\u00e8. Formato: 250ml <\/p>\n","protected":false},"featured_media":2806,"comment_status":"open","ping_status":"closed","template":"","meta":[],"product_brand":[],"product_cat":[91],"product_tag":[99],"class_list":{"0":"post-2803","1":"product","2":"type-product","3":"status-publish","4":"has-post-thumbnail","6":"product_cat-il-viso","7":"product_tag-tesori-dellaloe","9":"first","10":"instock","11":"shipping-taxable","12":"purchasable","13":"product-type-simple"},"_links":{"self":[{"href":"https:\/\/grski-zakladi.si\/it\/wp-json\/wp\/v2\/product\/2803","targetHints":{"allow":["GET"]}}],"collection":[{"href":"https:\/\/grski-zakladi.si\/it\/wp-json\/wp\/v2\/product"}],"about":[{"href":"https:\/\/grski-zakladi.si\/it\/wp-json\/wp\/v2\/types\/product"}],"replies":[{"embeddable":true,"href":"https:\/\/grski-zakladi.si\/it\/wp-json\/wp\/v2\/comments?post=2803"}],"wp:featuredmedia":[{"embeddable":true,"href":"https:\/\/grski-zakladi.si\/it\/wp-json\/wp\/v2\/media\/2806"}],"wp:attachment":[{"href":"https:\/\/grski-zakladi.si\/it\/wp-json\/wp\/v2\/media?parent=2803"}],"wp:term":[{"taxonomy":"product_brand","embeddable":true,"href":"https:\/\/grski-zakladi.si\/it\/wp-json\/wp\/v2\/product_brand?post=2803"},{"taxonomy":"product_cat","embeddable":true,"href":"https:\/\/grski-zakladi.si\/it\/wp-json\/wp\/v2\/product_cat?post=2803"},{"taxonomy":"product_tag","embeddable":true,"href":"https:\/\/grski-zakladi.si\/it\/wp-json\/wp\/v2\/product_tag?post=2803"}],"curies":[{"name":"wp","href":"https:\/\/api.w.org\/{rel}","templated":true}]}}