{"id":2969,"date":"2022-01-26T11:40:47","date_gmt":"2022-01-26T11:40:47","guid":{"rendered":"https:\/\/grski-zakladi.si\/i-tesori-di-atena\/"},"modified":"2024-10-14T06:50:48","modified_gmt":"2024-10-14T06:50:48","slug":"i-tesori-di-atena","status":"publish","type":"page","link":"https:\/\/grski-zakladi.si\/it\/i-tesori-di-atena\/","title":{"rendered":"Athena&#8217;s Treasures"},"content":{"rendered":"<div class=\"wp-block-image\">\n<figure class=\"aligncenter size-large is-resized\"><img loading=\"lazy\" decoding=\"async\" src=\"https:\/\/grski-zakladi.si\/wp-content\/uploads\/2022\/02\/89930526_104905487812734_1998605212343861248_n-1024x674.jpg\" alt=\"\" class=\"wp-image-1228\" width=\"768\" height=\"506\" srcset=\"https:\/\/grski-zakladi.si\/wp-content\/uploads\/2022\/02\/89930526_104905487812734_1998605212343861248_n-1024x674.jpg 1024w, https:\/\/grski-zakladi.si\/wp-content\/uploads\/2022\/02\/89930526_104905487812734_1998605212343861248_n-420x277.jpg 420w, https:\/\/grski-zakladi.si\/wp-content\/uploads\/2022\/02\/89930526_104905487812734_1998605212343861248_n-800x527.jpg 800w, https:\/\/grski-zakladi.si\/wp-content\/uploads\/2022\/02\/89930526_104905487812734_1998605212343861248_n-300x198.jpg 300w, https:\/\/grski-zakladi.si\/wp-content\/uploads\/2022\/02\/89930526_104905487812734_1998605212343861248_n-768x506.jpg 768w, https:\/\/grski-zakladi.si\/wp-content\/uploads\/2022\/02\/89930526_104905487812734_1998605212343861248_n-1140x751.jpg 1140w, https:\/\/grski-zakladi.si\/wp-content\/uploads\/2022\/02\/89930526_104905487812734_1998605212343861248_n-920x606.jpg 920w, https:\/\/grski-zakladi.si\/wp-content\/uploads\/2022\/02\/89930526_104905487812734_1998605212343861248_n-575x379.jpg 575w, https:\/\/grski-zakladi.si\/wp-content\/uploads\/2022\/02\/89930526_104905487812734_1998605212343861248_n-380x250.jpg 380w, https:\/\/grski-zakladi.si\/wp-content\/uploads\/2022\/02\/89930526_104905487812734_1998605212343861248_n.jpg 1496w\" sizes=\"auto, (max-width: 768px) 100vw, 768px\" \/><\/figure>\n<\/div>\n<p>Athena&#8217;s Treasures \u00e8 una linea di prodotti naturali con olio d&#8217;oliva biologico greco al 100%.<\/p>\n\n<p>L\u2019olio d\u2019oliva \u00e8 ricco di ingredienti benefici. Ha la capacit\u00e0 di nutrire, idratare e ristrutturare la pelle, rendendola morbida e liscia. Ha un&#8217;eccellente capacit\u00e0 di assorbire la pelle, mentre allo stesso tempo &#8220;blocca&#8221; l&#8217;umidit\u00e0 naturale e previene cos\u00ec la disidratazione della pelle. Contiene antiossidanti che proteggono dall&#8217;invecchiamento precoce.   <\/p>\n<div data-block-name=\"woocommerce\/product-tag\" data-rows=\"6\" data-stock-status=\"[&quot;&quot;,&quot;&quot;,&quot;instock&quot;,&quot;outofstock&quot;,&quot;onbackorder&quot;]\" data-tags=\"[105]\" class=\"wc-block-grid wp-block-product-tag wp-block-woocommerce-product-tag wc-block-product-tag has-3-columns has-multiple-rows\"><ul class=\"wc-block-grid__products\"><li class=\"wc-block-grid__product product-grid \">\n\t\t\t\t<div class=\"loop-image-wrap botiga-add-to-cart-button-layout2\">\n\t\t\t\t\t<a href=\"https:\/\/grski-zakladi.si\/it\/prodotto\/crema-per-le-mani-calendula-kopija\/\" class=\"wc-block-grid__product-link\">\n\t\t\t\t\t\t<div class=\"wc-block-grid__product-image\"><img loading=\"lazy\" decoding=\"async\" width=\"420\" height=\"504\" src=\"https:\/\/grski-zakladi.si\/wp-content\/uploads\/2022\/01\/Krema-za-roke-Ognjic-4-verzija-420x504.jpg\" class=\"attachment-woocommerce_thumbnail size-woocommerce_thumbnail\" alt=\"Crema per le mani - Calendula (Kopija)\" srcset=\"https:\/\/grski-zakladi.si\/wp-content\/uploads\/2022\/01\/Krema-za-roke-Ognjic-4-verzija-420x504.jpg 420w, https:\/\/grski-zakladi.si\/wp-content\/uploads\/2022\/01\/Krema-za-roke-Ognjic-4-verzija-250x300.jpg 250w, https:\/\/grski-zakladi.si\/wp-content\/uploads\/2022\/01\/Krema-za-roke-Ognjic-4-verzija-380x456.jpg 380w, https:\/\/grski-zakladi.si\/wp-content\/uploads\/2022\/01\/Krema-za-roke-Ognjic-4-verzija.jpg 550w\" sizes=\"auto, (max-width: 420px) 100vw, 420px\" \/><\/div>\n\t\t\t\t\t<\/a><\/div><a href=\"https:\/\/grski-zakladi.si\/it\/prodotto\/crema-per-le-mani-calendula-kopija\/\" class=\"wc-block-grid__product-link\">\n\t\t\t\t\t<div class=\"wc-block-grid__product-title\">Crema per le mani &#8211; Calendula (Kopija)<\/div>\n\t\t\t\t<\/a><div class=\"wc-block-grid__product-price price\"><span class=\"woocommerce-Price-amount amount\">10,90&nbsp;<span class=\"woocommerce-Price-currencySymbol\">&euro;<\/span><\/span><\/div><div class=\"loop-button-wrap button-layout2\"><div class=\"wp-block-button wc-block-grid__product-add-to-cart\"><a href=\"\/it\/wp-json\/wp\/v2\/pages\/2969?add-to-cart=4619\" aria-label=\"Aggiungi al carrello: &quot;Crema per le mani - Calendula (Kopija)&quot;\" data-quantity=\"1\" data-product_id=\"4619\" data-product_sku=\"\" rel=\"nofollow\" class=\"wp-block-button__link add_to_cart_button ajax_add_to_cart\">Aggiungi al carrello<\/a><\/div><\/div><\/li><li class=\"wc-block-grid__product product-grid \">\n\t\t\t\t<div class=\"loop-image-wrap botiga-add-to-cart-button-layout2\">\n\t\t\t\t\t<a href=\"https:\/\/grski-zakladi.si\/it\/prodotto\/naravno-milo-aloe\/\" class=\"wc-block-grid__product-link\">\n\t\t\t\t\t\t<div class=\"wc-block-grid__product-image\"><img loading=\"lazy\" decoding=\"async\" width=\"420\" height=\"504\" src=\"https:\/\/grski-zakladi.si\/wp-content\/uploads\/2025\/08\/Milo-Aloe-550x660-1-420x504.jpg\" class=\"attachment-woocommerce_thumbnail size-woocommerce_thumbnail\" alt=\"Naravno milo - Aloe (100 gr)\" srcset=\"https:\/\/grski-zakladi.si\/wp-content\/uploads\/2025\/08\/Milo-Aloe-550x660-1-420x504.jpg 420w, https:\/\/grski-zakladi.si\/wp-content\/uploads\/2025\/08\/Milo-Aloe-550x660-1-250x300.jpg 250w, https:\/\/grski-zakladi.si\/wp-content\/uploads\/2025\/08\/Milo-Aloe-550x660-1-380x456.jpg 380w, https:\/\/grski-zakladi.si\/wp-content\/uploads\/2025\/08\/Milo-Aloe-550x660-1.jpg 550w\" sizes=\"auto, (max-width: 420px) 100vw, 420px\" \/><\/div>\n\t\t\t\t\t<\/a><\/div><a href=\"https:\/\/grski-zakladi.si\/it\/prodotto\/naravno-milo-aloe\/\" class=\"wc-block-grid__product-link\">\n\t\t\t\t\t<div class=\"wc-block-grid__product-title\">Naravno milo &#8211; Aloe (100 gr)<\/div>\n\t\t\t\t<\/a><div class=\"wc-block-grid__product-price price\"><span class=\"woocommerce-Price-amount amount\">5,90&nbsp;<span class=\"woocommerce-Price-currencySymbol\">&euro;<\/span><\/span><\/div><div class=\"loop-button-wrap button-layout2\"><div class=\"wp-block-button wc-block-grid__product-add-to-cart\"><a href=\"\/it\/wp-json\/wp\/v2\/pages\/2969?add-to-cart=4561\" aria-label=\"Aggiungi al carrello: &quot;Naravno milo - Aloe (100 gr)&quot;\" data-quantity=\"1\" data-product_id=\"4561\" data-product_sku=\"\" rel=\"nofollow\" class=\"wp-block-button__link add_to_cart_button ajax_add_to_cart\">Aggiungi al carrello<\/a><\/div><\/div><\/li><li class=\"wc-block-grid__product product-grid \">\n\t\t\t\t<div class=\"loop-image-wrap botiga-add-to-cart-button-layout2\">\n\t\t\t\t\t<a href=\"https:\/\/grski-zakladi.si\/it\/prodotto\/sapone-naturale-lavanda\/\" class=\"wc-block-grid__product-link\">\n\t\t\t\t\t\t<div class=\"wc-block-grid__product-image\"><img loading=\"lazy\" decoding=\"async\" width=\"420\" height=\"504\" src=\"https:\/\/grski-zakladi.si\/wp-content\/uploads\/2022\/01\/Milo-Sivka-2-verzija-420x504.jpg\" class=\"attachment-woocommerce_thumbnail size-woocommerce_thumbnail\" alt=\"Sapone naturale - Lavanda\" srcset=\"https:\/\/grski-zakladi.si\/wp-content\/uploads\/2022\/01\/Milo-Sivka-2-verzija-420x504.jpg 420w, https:\/\/grski-zakladi.si\/wp-content\/uploads\/2022\/01\/Milo-Sivka-2-verzija-250x300.jpg 250w, https:\/\/grski-zakladi.si\/wp-content\/uploads\/2022\/01\/Milo-Sivka-2-verzija-380x456.jpg 380w, https:\/\/grski-zakladi.si\/wp-content\/uploads\/2022\/01\/Milo-Sivka-2-verzija.jpg 550w\" sizes=\"auto, (max-width: 420px) 100vw, 420px\" \/><\/div>\n\t\t\t\t\t<\/a><\/div><a href=\"https:\/\/grski-zakladi.si\/it\/prodotto\/sapone-naturale-lavanda\/\" class=\"wc-block-grid__product-link\">\n\t\t\t\t\t<div class=\"wc-block-grid__product-title\">Sapone naturale &#8211; Lavanda<\/div>\n\t\t\t\t<\/a><div class=\"wc-block-grid__product-price price\"><span class=\"woocommerce-Price-amount amount\">5,90&nbsp;<span class=\"woocommerce-Price-currencySymbol\">&euro;<\/span><\/span><\/div><div class=\"loop-button-wrap button-layout2\"><div class=\"wp-block-button wc-block-grid__product-add-to-cart\"><a href=\"\/it\/wp-json\/wp\/v2\/pages\/2969?add-to-cart=2900\" aria-label=\"Aggiungi al carrello: &quot;Sapone naturale - Lavanda&quot;\" data-quantity=\"1\" data-product_id=\"2900\" data-product_sku=\"\" rel=\"nofollow\" class=\"wp-block-button__link add_to_cart_button ajax_add_to_cart\">Aggiungi al carrello<\/a><\/div><\/div><\/li><li class=\"wc-block-grid__product product-grid \">\n\t\t\t\t<div class=\"loop-image-wrap botiga-add-to-cart-button-layout2\">\n\t\t\t\t\t<a href=\"https:\/\/grski-zakladi.si\/it\/prodotto\/sapone-naturale-naturale\/\" class=\"wc-block-grid__product-link\">\n\t\t\t\t\t\t<div class=\"wc-block-grid__product-image\"><img loading=\"lazy\" decoding=\"async\" width=\"420\" height=\"504\" src=\"https:\/\/grski-zakladi.si\/wp-content\/uploads\/2022\/01\/Milo-Natural-550x660-1-420x504.jpg\" class=\"attachment-woocommerce_thumbnail size-woocommerce_thumbnail\" alt=\"Sapone naturale - Naturale\" srcset=\"https:\/\/grski-zakladi.si\/wp-content\/uploads\/2022\/01\/Milo-Natural-550x660-1-420x504.jpg 420w, https:\/\/grski-zakladi.si\/wp-content\/uploads\/2022\/01\/Milo-Natural-550x660-1-250x300.jpg 250w, https:\/\/grski-zakladi.si\/wp-content\/uploads\/2022\/01\/Milo-Natural-550x660-1-380x456.jpg 380w, https:\/\/grski-zakladi.si\/wp-content\/uploads\/2022\/01\/Milo-Natural-550x660-1.jpg 550w\" sizes=\"auto, (max-width: 420px) 100vw, 420px\" \/><\/div>\n\t\t\t\t\t<\/a><\/div><a href=\"https:\/\/grski-zakladi.si\/it\/prodotto\/sapone-naturale-naturale\/\" class=\"wc-block-grid__product-link\">\n\t\t\t\t\t<div class=\"wc-block-grid__product-title\">Sapone naturale &#8211; Naturale<\/div>\n\t\t\t\t<\/a><div class=\"wc-block-grid__product-price price\"><span class=\"woocommerce-Price-amount amount\">5,90&nbsp;<span class=\"woocommerce-Price-currencySymbol\">&euro;<\/span><\/span><\/div><div class=\"loop-button-wrap button-layout2\"><div class=\"wp-block-button wc-block-grid__product-add-to-cart\"><a href=\"\/it\/wp-json\/wp\/v2\/pages\/2969?add-to-cart=2889\" aria-label=\"Aggiungi al carrello: &quot;Sapone naturale - Naturale&quot;\" data-quantity=\"1\" data-product_id=\"2889\" data-product_sku=\"\" rel=\"nofollow\" class=\"wp-block-button__link add_to_cart_button ajax_add_to_cart\">Aggiungi al carrello<\/a><\/div><\/div><\/li><li class=\"wc-block-grid__product product-grid \">\n\t\t\t\t<div class=\"loop-image-wrap botiga-add-to-cart-button-layout2\">\n\t\t\t\t\t<a href=\"https:\/\/grski-zakladi.si\/it\/prodotto\/crema-piedi-menta\/\" class=\"wc-block-grid__product-link\">\n\t\t\t\t\t\t<div class=\"wc-block-grid__product-image\"><img loading=\"lazy\" decoding=\"async\" width=\"420\" height=\"504\" src=\"https:\/\/grski-zakladi.si\/wp-content\/uploads\/2022\/01\/Krema-za-noge-Meta-3-verzija-420x504.jpg\" class=\"attachment-woocommerce_thumbnail size-woocommerce_thumbnail\" alt=\"Crema piedi - Menta\" srcset=\"https:\/\/grski-zakladi.si\/wp-content\/uploads\/2022\/01\/Krema-za-noge-Meta-3-verzija-420x504.jpg 420w, https:\/\/grski-zakladi.si\/wp-content\/uploads\/2022\/01\/Krema-za-noge-Meta-3-verzija-250x300.jpg 250w, https:\/\/grski-zakladi.si\/wp-content\/uploads\/2022\/01\/Krema-za-noge-Meta-3-verzija-380x456.jpg 380w, https:\/\/grski-zakladi.si\/wp-content\/uploads\/2022\/01\/Krema-za-noge-Meta-3-verzija.jpg 550w\" sizes=\"auto, (max-width: 420px) 100vw, 420px\" \/><\/div>\n\t\t\t\t\t<\/a><\/div><a href=\"https:\/\/grski-zakladi.si\/it\/prodotto\/crema-piedi-menta\/\" class=\"wc-block-grid__product-link\">\n\t\t\t\t\t<div class=\"wc-block-grid__product-title\">Crema piedi &#8211; Menta<\/div>\n\t\t\t\t<\/a><div class=\"wc-block-grid__product-rating\"><div class=\"star-rating\" role=\"img\" aria-label=\"Valutato 5.00 su 5\"><span style=\"width:100%\">Valutato <strong class=\"rating\">5.00<\/strong> su 5 su base di <span class=\"rating\">1<\/span> recensioni<\/span><\/div><\/div><div class=\"wc-block-grid__product-price price\"><span class=\"woocommerce-Price-amount amount\">19,90&nbsp;<span class=\"woocommerce-Price-currencySymbol\">&euro;<\/span><\/span><\/div><div class=\"loop-button-wrap button-layout2\"><div class=\"wp-block-button wc-block-grid__product-add-to-cart\"><a href=\"\/it\/wp-json\/wp\/v2\/pages\/2969?add-to-cart=3065\" aria-label=\"Aggiungi al carrello: &quot;Crema piedi - Menta&quot;\" data-quantity=\"1\" data-product_id=\"3065\" data-product_sku=\"\" rel=\"nofollow\" class=\"wp-block-button__link add_to_cart_button ajax_add_to_cart\">Aggiungi al carrello<\/a><\/div><\/div><\/li><li class=\"wc-block-grid__product product-grid \">\n\t\t\t\t<div class=\"loop-image-wrap botiga-add-to-cart-button-layout2\">\n\t\t\t\t\t<a href=\"https:\/\/grski-zakladi.si\/it\/prodotto\/crema-per-le-mani-mango-e-papaya\/\" class=\"wc-block-grid__product-link\">\n\t\t\t\t\t\t<div class=\"wc-block-grid__product-image\"><img loading=\"lazy\" decoding=\"async\" width=\"420\" height=\"504\" src=\"https:\/\/grski-zakladi.si\/wp-content\/uploads\/2022\/01\/Krema-za-roke-Mango-550x660-1-420x504.jpg\" class=\"attachment-woocommerce_thumbnail size-woocommerce_thumbnail\" alt=\"Crema per le mani - Mango e Papaya\" srcset=\"https:\/\/grski-zakladi.si\/wp-content\/uploads\/2022\/01\/Krema-za-roke-Mango-550x660-1-420x504.jpg 420w, https:\/\/grski-zakladi.si\/wp-content\/uploads\/2022\/01\/Krema-za-roke-Mango-550x660-1-250x300.jpg 250w, https:\/\/grski-zakladi.si\/wp-content\/uploads\/2022\/01\/Krema-za-roke-Mango-550x660-1-380x456.jpg 380w, https:\/\/grski-zakladi.si\/wp-content\/uploads\/2022\/01\/Krema-za-roke-Mango-550x660-1.jpg 550w\" sizes=\"auto, (max-width: 420px) 100vw, 420px\" \/><\/div>\n\t\t\t\t\t<\/a><\/div><a href=\"https:\/\/grski-zakladi.si\/it\/prodotto\/crema-per-le-mani-mango-e-papaya\/\" class=\"wc-block-grid__product-link\">\n\t\t\t\t\t<div class=\"wc-block-grid__product-title\">Crema per le mani &#8211; Mango e Papaya<\/div>\n\t\t\t\t<\/a><div class=\"wc-block-grid__product-price price\"><span class=\"woocommerce-Price-amount amount\">9,90&nbsp;<span class=\"woocommerce-Price-currencySymbol\">&euro;<\/span><\/span><\/div><div class=\"loop-button-wrap button-layout2\"><div class=\"wp-block-button wc-block-grid__product-add-to-cart\"><a href=\"\/it\/wp-json\/wp\/v2\/pages\/2969?add-to-cart=3054\" aria-label=\"Aggiungi al carrello: &quot;Crema per le mani - Mango e Papaya&quot;\" data-quantity=\"1\" data-product_id=\"3054\" data-product_sku=\"\" rel=\"nofollow\" class=\"wp-block-button__link add_to_cart_button ajax_add_to_cart\">Aggiungi al carrello<\/a><\/div><\/div><\/li><li class=\"wc-block-grid__product product-grid \">\n\t\t\t\t<div class=\"loop-image-wrap botiga-add-to-cart-button-layout2\">\n\t\t\t\t\t<a href=\"https:\/\/grski-zakladi.si\/it\/prodotto\/crema-per-le-mani-avocado-e-aloe-vera\/\" class=\"wc-block-grid__product-link\">\n\t\t\t\t\t\t<div class=\"wc-block-grid__product-image\"><img loading=\"lazy\" decoding=\"async\" width=\"420\" height=\"504\" src=\"https:\/\/grski-zakladi.si\/wp-content\/uploads\/2022\/01\/Krema-za-roke-Avokado-550x660-1-420x504.jpg\" class=\"attachment-woocommerce_thumbnail size-woocommerce_thumbnail\" alt=\"Crema per le mani - Avocado e Aloe vera\" srcset=\"https:\/\/grski-zakladi.si\/wp-content\/uploads\/2022\/01\/Krema-za-roke-Avokado-550x660-1-420x504.jpg 420w, https:\/\/grski-zakladi.si\/wp-content\/uploads\/2022\/01\/Krema-za-roke-Avokado-550x660-1-250x300.jpg 250w, https:\/\/grski-zakladi.si\/wp-content\/uploads\/2022\/01\/Krema-za-roke-Avokado-550x660-1-380x456.jpg 380w, https:\/\/grski-zakladi.si\/wp-content\/uploads\/2022\/01\/Krema-za-roke-Avokado-550x660-1.jpg 550w\" sizes=\"auto, (max-width: 420px) 100vw, 420px\" \/><\/div>\n\t\t\t\t\t<\/a><\/div><a href=\"https:\/\/grski-zakladi.si\/it\/prodotto\/crema-per-le-mani-avocado-e-aloe-vera\/\" class=\"wc-block-grid__product-link\">\n\t\t\t\t\t<div class=\"wc-block-grid__product-title\">Crema per le mani &#8211; Avocado e Aloe vera<\/div>\n\t\t\t\t<\/a><div class=\"wc-block-grid__product-price price\"><span class=\"woocommerce-Price-amount amount\">9,90&nbsp;<span class=\"woocommerce-Price-currencySymbol\">&euro;<\/span><\/span><\/div><div class=\"loop-button-wrap button-layout2\"><div class=\"wp-block-button wc-block-grid__product-add-to-cart\"><a href=\"\/it\/wp-json\/wp\/v2\/pages\/2969?add-to-cart=3047\" aria-label=\"Aggiungi al carrello: &quot;Crema per le mani - Avocado e Aloe vera&quot;\" data-quantity=\"1\" data-product_id=\"3047\" data-product_sku=\"\" rel=\"nofollow\" class=\"wp-block-button__link add_to_cart_button ajax_add_to_cart\">Aggiungi al carrello<\/a><\/div><\/div><\/li><li class=\"wc-block-grid__product product-grid \">\n\t\t\t\t<div class=\"loop-image-wrap botiga-add-to-cart-button-layout2\">\n\t\t\t\t\t<a href=\"https:\/\/grski-zakladi.si\/it\/prodotto\/crema-per-le-mani-calendula\/\" class=\"wc-block-grid__product-link\">\n\t\t\t\t\t\t<div class=\"wc-block-grid__product-image\"><img loading=\"lazy\" decoding=\"async\" width=\"420\" height=\"504\" src=\"https:\/\/grski-zakladi.si\/wp-content\/uploads\/2022\/01\/Krema-za-roke-ognjic-velika-550x660-1-420x504.jpg\" class=\"attachment-woocommerce_thumbnail size-woocommerce_thumbnail\" alt=\"Crema per le mani - Calendula\" srcset=\"https:\/\/grski-zakladi.si\/wp-content\/uploads\/2022\/01\/Krema-za-roke-ognjic-velika-550x660-1-420x504.jpg 420w, https:\/\/grski-zakladi.si\/wp-content\/uploads\/2022\/01\/Krema-za-roke-ognjic-velika-550x660-1-250x300.jpg 250w, https:\/\/grski-zakladi.si\/wp-content\/uploads\/2022\/01\/Krema-za-roke-ognjic-velika-550x660-1-380x456.jpg 380w, https:\/\/grski-zakladi.si\/wp-content\/uploads\/2022\/01\/Krema-za-roke-ognjic-velika-550x660-1.jpg 550w\" sizes=\"auto, (max-width: 420px) 100vw, 420px\" \/><\/div>\n\t\t\t\t\t<\/a><\/div><a href=\"https:\/\/grski-zakladi.si\/it\/prodotto\/crema-per-le-mani-calendula\/\" class=\"wc-block-grid__product-link\">\n\t\t\t\t\t<div class=\"wc-block-grid__product-title\">Crema per le mani &#8211; Calendula<\/div>\n\t\t\t\t<\/a><div class=\"wc-block-grid__product-price price\"><span class=\"woocommerce-Price-amount amount\">18,90&nbsp;<span class=\"woocommerce-Price-currencySymbol\">&euro;<\/span><\/span><\/div><div class=\"loop-button-wrap button-layout2\"><div class=\"wp-block-button wc-block-grid__product-add-to-cart\"><a href=\"\/it\/wp-json\/wp\/v2\/pages\/2969?add-to-cart=3029\" aria-label=\"Aggiungi al carrello: &quot;Crema per le mani - Calendula&quot;\" data-quantity=\"1\" data-product_id=\"3029\" data-product_sku=\"\" rel=\"nofollow\" class=\"wp-block-button__link add_to_cart_button ajax_add_to_cart\">Aggiungi al carrello<\/a><\/div><\/div><\/li><\/ul><\/div>","protected":false},"excerpt":{"rendered":"<p>Athena&#8217;s Treasures \u00e8 una linea di prodotti naturali con olio d&#8217;oliva biologico greco al 100%. L\u2019olio d\u2019oliva \u00e8 ricco di ingredienti benefici. Ha la capacit\u00e0 di nutrire, idratare e ristrutturare [&hellip;]<\/p>\n","protected":false},"author":1,"featured_media":0,"parent":0,"menu_order":0,"comment_status":"closed","ping_status":"closed","template":"","meta":{"footnotes":""},"class_list":["post-2969","page","type-page","status-publish","hentry"],"_links":{"self":[{"href":"https:\/\/grski-zakladi.si\/it\/wp-json\/wp\/v2\/pages\/2969","targetHints":{"allow":["GET"]}}],"collection":[{"href":"https:\/\/grski-zakladi.si\/it\/wp-json\/wp\/v2\/pages"}],"about":[{"href":"https:\/\/grski-zakladi.si\/it\/wp-json\/wp\/v2\/types\/page"}],"author":[{"embeddable":true,"href":"https:\/\/grski-zakladi.si\/it\/wp-json\/wp\/v2\/users\/1"}],"replies":[{"embeddable":true,"href":"https:\/\/grski-zakladi.si\/it\/wp-json\/wp\/v2\/comments?post=2969"}],"version-history":[{"count":4,"href":"https:\/\/grski-zakladi.si\/it\/wp-json\/wp\/v2\/pages\/2969\/revisions"}],"predecessor-version":[{"id":3447,"href":"https:\/\/grski-zakladi.si\/it\/wp-json\/wp\/v2\/pages\/2969\/revisions\/3447"}],"wp:attachment":[{"href":"https:\/\/grski-zakladi.si\/it\/wp-json\/wp\/v2\/media?parent=2969"}],"curies":[{"name":"wp","href":"https:\/\/api.w.org\/{rel}","templated":true}]}}