{"id":2908,"date":"2022-02-10T10:17:53","date_gmt":"2022-02-10T10:17:53","guid":{"rendered":"https:\/\/grski-zakladi.si\/informativa-sulla-privacy-e-cookie\/"},"modified":"2024-07-28T17:47:04","modified_gmt":"2024-07-28T17:47:04","slug":"informativa-sulla-privacy-e-cookie","status":"publish","type":"page","link":"https:\/\/grski-zakladi.si\/it\/informativa-sulla-privacy-e-cookie\/","title":{"rendered":"Informativa sulla privacy e cookie"},"content":{"rendered":"\n<p><strong>politica sulla riservatezza<\/strong><\/p>\n\n<p>Il gestore del sito web grski-zakladi.si, cio\u00e8. Gr\u0161ki Zakladi, Maja Slevec Peternel, sp garantisce la protezione dei dati personali in conformit\u00e0 con la legislazione europea applicabile (Regolamento generale sulla protezione dei dati; di seguito: GDPR) e in conformit\u00e0 con la legislazione nazionale della Repubblica di Slovenia (Legge sulla protezione dei dati personali) dati, legge sulle comunicazioni elettroniche e legge sul commercio elettronico nel mercato). L&#8217;operatore utilizza i dati personali esclusivamente allo scopo di informare sullo stato di avanzamento dell&#8217;ordine e della consegna. Il gestore del sito web garantisce che i dati del visitatore verranno utilizzati solo ai fini del regolare svolgimento degli ordini e non verranno ceduti a terzi in nessun caso, tranne in caso di consegna della merce. In questo caso i dati personali (nome e cognome, indirizzo di consegna, numero di telefono) potranno essere comunicati al servizio di consegna.<\/p>\n\n<p><strong>E-notizie<\/strong><\/p>\n\n<p>Sul nostro sito web potete iscrivervi per ricevere notizie aggiornate su promozioni esclusive e novit\u00e0 della nostra gamma di prodotti. Tutti i dati personali ricevuti verranno utilizzati esclusivamente per scopi di marketing o marketing e non verranno ceduti a terzi. Puoi annullare l&#8217;iscrizione alla ricezione di messaggi pubblicitari in qualsiasi momento facendo clic sul pulsante <em>Annulla iscrizione<\/em> .<\/p>\n\n<p><strong>Biscotti<\/strong><\/p>\n\n<p>I cookie sono brevi testi che un sito invia al tuo browser quando visiti il \u200b\u200bnostro sito. Il sito web identifica cos\u00ec l&#8217;utente, ricorda i dati sulla sua visita e altre impostazioni. I cookie svolgono un ruolo importante, poich\u00e9 li utilizziamo per adattare il contenuto del nostro sito, registrare la tua visita al sito e ricordare le tue preferenze e impostazioni. Visitare il nostro sito web \u00e8 pi\u00f9 veloce e pi\u00f9 piacevole con i cookie<\/p>\n\n<p>I dati ottenuti vengono utilizzati esclusivamente per scopi statistici e di analisi e non vengono condivisi con terzi. Puoi anche rifiutare i cookie in qualsiasi momento o modificare le impostazioni del browser.<\/p>\n","protected":false},"excerpt":{"rendered":"<p>politica sulla riservatezza Il gestore del sito web grski-zakladi.si, cio\u00e8. Gr\u0161ki Zakladi, Maja Slevec Peternel, sp garantisce la protezione dei dati personali in conformit\u00e0 con la legislazione europea applicabile (Regolamento [&hellip;]<\/p>\n","protected":false},"author":1,"featured_media":0,"parent":0,"menu_order":0,"comment_status":"closed","ping_status":"closed","template":"","meta":{"footnotes":""},"class_list":["post-2908","page","type-page","status-publish","hentry"],"_links":{"self":[{"href":"https:\/\/grski-zakladi.si\/it\/wp-json\/wp\/v2\/pages\/2908","targetHints":{"allow":["GET"]}}],"collection":[{"href":"https:\/\/grski-zakladi.si\/it\/wp-json\/wp\/v2\/pages"}],"about":[{"href":"https:\/\/grski-zakladi.si\/it\/wp-json\/wp\/v2\/types\/page"}],"author":[{"embeddable":true,"href":"https:\/\/grski-zakladi.si\/it\/wp-json\/wp\/v2\/users\/1"}],"replies":[{"embeddable":true,"href":"https:\/\/grski-zakladi.si\/it\/wp-json\/wp\/v2\/comments?post=2908"}],"version-history":[{"count":2,"href":"https:\/\/grski-zakladi.si\/it\/wp-json\/wp\/v2\/pages\/2908\/revisions"}],"predecessor-version":[{"id":2913,"href":"https:\/\/grski-zakladi.si\/it\/wp-json\/wp\/v2\/pages\/2908\/revisions\/2913"}],"wp:attachment":[{"href":"https:\/\/grski-zakladi.si\/it\/wp-json\/wp\/v2\/media?parent=2908"}],"curies":[{"name":"wp","href":"https:\/\/api.w.org\/{rel}","templated":true}]}}