{"id":4618,"date":"2025-09-17T11:20:18","date_gmt":"2025-09-17T09:20:18","guid":{"rendered":"https:\/\/grski-zakladi.si\/?post_type=product&#038;p=4618"},"modified":"2025-09-18T11:45:44","modified_gmt":"2025-09-18T09:45:44","slug":"krema-za-ruke-neven-60-ml","status":"publish","type":"product","link":"https:\/\/grski-zakladi.si\/hr\/proizvod\/krema-za-ruke-neven-60-ml\/","title":{"rendered":"Krema za ruke &#8211; Neven (60 ml)"},"content":{"rendered":"<p>Krema sadr\u017ei organsko maslinovo ulje, ekstrakte lista masline i nevena. Tako\u0111er je oboga\u0107ena vitaminima A i E, pantenolom, shea maslacem i glicerinom. Hrani i omek\u0161ava \u010dak i najsu\u0161e ruke. Vla\u017ei ko\u017eu, daju\u0107i joj elasti\u010dnost i bar\u0161unasto mekan osje\u0107aj. Ne ostavlja mastan osje\u0107aj na ko\u017ei i odmah se upija.<\/p>\n<p><span style=\"font-size: 80%;\"><br \/>\n<em>SASTOJCI: aqua, glycerin, octyl palmitate, glyceryl stearate, peg-100 stearate, stearic acid, cyclopentasiloxane, cetyl alcohol, olea europaea fruit oil*, phenoxyethanol, ethylhexylglycerin, dimethicone, olea europaea leaf extract*, calendula officinalis flower extract, butyrospermum parkii, panthenol, biosaccharide gum-1, tocopheryl acetate, allantoin, retinyl palmitate, parfum, sodium hydroxide, ethylhexylglycerin, disodium edta, butyl hydroxy toluene, benzyl salicylate, geraniol, cironellol, hexylcinnamaldehyde, d-limonene, linalool.<\/em><br \/>\n<\/span><span style=\"font-size: 80%;\"><br \/>\n<em>* sastojci iz organske proizvodnje<\/em><br \/>\n<\/span><\/p>\n","protected":false},"excerpt":{"rendered":"<p>Hidratantna krema za ruke s nevenom za vrlo suhu ko\u017eu.<\/p>\n<p>Veli\u010dina: 200 ml<\/p>\n","protected":false},"featured_media":3044,"comment_status":"open","ping_status":"closed","template":"","meta":[],"product_brand":[],"product_cat":[94,93],"product_tag":[108,103],"class_list":{"0":"post-4618","1":"product","2":"type-product","3":"status-publish","4":"has-post-thumbnail","6":"product_cat-njega-ruku","7":"product_cat-tijelo","8":"product_tag-atenino-blago","9":"product_tag-novo-hr","11":"first","12":"instock","13":"shipping-taxable","14":"purchasable","15":"product-type-simple"},"_links":{"self":[{"href":"https:\/\/grski-zakladi.si\/hr\/wp-json\/wp\/v2\/product\/4618","targetHints":{"allow":["GET"]}}],"collection":[{"href":"https:\/\/grski-zakladi.si\/hr\/wp-json\/wp\/v2\/product"}],"about":[{"href":"https:\/\/grski-zakladi.si\/hr\/wp-json\/wp\/v2\/types\/product"}],"replies":[{"embeddable":true,"href":"https:\/\/grski-zakladi.si\/hr\/wp-json\/wp\/v2\/comments?post=4618"}],"wp:featuredmedia":[{"embeddable":true,"href":"https:\/\/grski-zakladi.si\/hr\/wp-json\/wp\/v2\/media\/3044"}],"wp:attachment":[{"href":"https:\/\/grski-zakladi.si\/hr\/wp-json\/wp\/v2\/media?parent=4618"}],"wp:term":[{"taxonomy":"product_brand","embeddable":true,"href":"https:\/\/grski-zakladi.si\/hr\/wp-json\/wp\/v2\/product_brand?post=4618"},{"taxonomy":"product_cat","embeddable":true,"href":"https:\/\/grski-zakladi.si\/hr\/wp-json\/wp\/v2\/product_cat?post=4618"},{"taxonomy":"product_tag","embeddable":true,"href":"https:\/\/grski-zakladi.si\/hr\/wp-json\/wp\/v2\/product_tag?post=4618"}],"curies":[{"name":"wp","href":"https:\/\/api.w.org\/{rel}","templated":true}]}}