{"id":4610,"date":"2025-08-14T12:34:00","date_gmt":"2025-08-14T10:34:00","guid":{"rendered":"https:\/\/grski-zakladi.si\/izdelek\/prirodni-sapun-aloe-100-gr\/"},"modified":"2025-09-02T13:59:47","modified_gmt":"2025-09-02T11:59:47","slug":"prirodni-sapun-aloe-100-gr","status":"publish","type":"product","link":"https:\/\/grski-zakladi.si\/hr\/proizvod\/prirodni-sapun-aloe-100-gr\/","title":{"rendered":"Prirodni sapun &#8211; Aloe (100 gr)"},"content":{"rendered":"<p>Prirodni tvrdi sapun s aloe verom pogodan je za cijelo tijelo i lice. \u010cisti, hidratizira i \u010dini ko\u017eu glatkom i mekom.<\/p>\n<p><span style=\"font-size: 80%;\"><br \/>\n<em>SASTOJCI: sodium olivate, aqua, sodium chloride, parfum, citric acid.<\/em><\/span><\/p>\n","protected":false},"excerpt":{"rendered":"<p>Prirodni tvrdi sapun s ekstraktom organskog maslinovog ulja i aloe verom.<\/p>\n","protected":false},"featured_media":4605,"comment_status":"open","ping_status":"closed","template":"","meta":[],"product_brand":[],"product_cat":[106,107],"product_tag":[108,103],"class_list":{"0":"post-4610","1":"product","2":"type-product","3":"status-publish","4":"has-post-thumbnail","6":"product_cat-ostalo-hr","7":"product_cat-tvrdi-sapuni","8":"product_tag-atenino-blago","9":"product_tag-novo-hr","11":"first","12":"instock","13":"shipping-taxable","14":"purchasable","15":"product-type-simple"},"_links":{"self":[{"href":"https:\/\/grski-zakladi.si\/hr\/wp-json\/wp\/v2\/product\/4610","targetHints":{"allow":["GET"]}}],"collection":[{"href":"https:\/\/grski-zakladi.si\/hr\/wp-json\/wp\/v2\/product"}],"about":[{"href":"https:\/\/grski-zakladi.si\/hr\/wp-json\/wp\/v2\/types\/product"}],"replies":[{"embeddable":true,"href":"https:\/\/grski-zakladi.si\/hr\/wp-json\/wp\/v2\/comments?post=4610"}],"wp:featuredmedia":[{"embeddable":true,"href":"https:\/\/grski-zakladi.si\/hr\/wp-json\/wp\/v2\/media\/4605"}],"wp:attachment":[{"href":"https:\/\/grski-zakladi.si\/hr\/wp-json\/wp\/v2\/media?parent=4610"}],"wp:term":[{"taxonomy":"product_brand","embeddable":true,"href":"https:\/\/grski-zakladi.si\/hr\/wp-json\/wp\/v2\/product_brand?post=4610"},{"taxonomy":"product_cat","embeddable":true,"href":"https:\/\/grski-zakladi.si\/hr\/wp-json\/wp\/v2\/product_cat?post=4610"},{"taxonomy":"product_tag","embeddable":true,"href":"https:\/\/grski-zakladi.si\/hr\/wp-json\/wp\/v2\/product_tag?post=4610"}],"curies":[{"name":"wp","href":"https:\/\/api.w.org\/{rel}","templated":true}]}}