{"id":4294,"date":"2025-05-26T10:49:28","date_gmt":"2025-05-26T10:49:28","guid":{"rendered":"https:\/\/grski-zakladi.si\/izdelek\/krema-za-suncanje-kokos-spf-25-200-ml\/"},"modified":"2025-06-12T09:51:38","modified_gmt":"2025-06-12T09:51:38","slug":"krema-za-suncanje-kokos-spf-25-200-ml","status":"publish","type":"product","link":"https:\/\/grski-zakladi.si\/hr\/proizvod\/krema-za-suncanje-kokos-spf-25-200-ml\/","title":{"rendered":"Krema za sun\u010danje &#8211; Kokos, SPF 25 (200 ml)"},"content":{"rendered":"<p>Vodootporna krema za sun\u010danje ima UVA i UVB za\u0161titu. Sadr\u017ei omek\u0161avaju\u0107e i hranjivo kokosovo ulje te antioksidativne vitamine A i E. Osim toga, oboga\u0107en je hidratantnim, umiruju\u0107im i protuupalnim sastojcima poput aloe vere, pantenola i alantoina. Krema u\u010dinkovito \u0161titi od sun\u010devih zraka, a istovremeno umiruje i hrani ko\u017eu.  <\/p>\n<p>UPOTREBA: Nanesite kremu prije svakog izlaganja suncu. Ponovo nanesite nekoliko puta tijekom dana, posebno nakon plivanja, znojenja ili brisanja ru\u010dnikom, kako biste odr\u017eali za\u0161titu. <\/p>\n<p><strong>Ne zaboravite! Za\u0161tita od sunca je od najve\u0107e va\u017enosti za odr\u017eavanje zdravlja i ljepote ko\u017ee. <\/strong><\/p>\n<p><span style=\"font-size: 80%;\"><em>SASTOJCI: <em>aqua, cetearyl alcohol, dicetyl phosphate, ceteth-10 phosphate, octocrylene, ethylhexyl methoxycinnamate, glyceryl stearate, peg-100 stearate, ethylhexyl palmitate, c12-15 alkyl benzoate, hydrolyzed wheat protein\/pvp crosspolymer, butyl methoxydibenzoylmethane, titanium dioxide (nano), oleth-10, isodeceth-6, aluminium stearate, alumina, simethicone, diazolidinyl urea, urea, aloe barbadensis leaf juice*, benzyl alcohol, dehydroacetic acid, glycerin, cyclopentasiloxane, cetyl alcohol, dimethicone, sorbitan monostearate, isohexadecane, triethylhexanoin, polyhydroxystearic acid, vp\/eicosene copolymer, cocos nucifera (coconut) oil*, panthenol, tocopheryl acetate, retinyl palmitate, allantoin, magnesium aluminum silicate, benzophenone-3, parfum, xanthan gum, sodium phytate, sodium dehydroacetate, bht, coumarin. <\/em><br \/>\n<\/span> <span style=\"font-size: 80%;\"><br \/>\n<em>* sastojci iz ekolo\u0161ke proizvodnje<\/em><br \/>\n<\/span><\/p>\n","protected":false},"excerpt":{"rendered":"<p>Krema za sun\u010danje s kokosovim uljem. Srednje visoka za\u0161tita. <\/p>\n<p>Veli\u010dina: 200 ml<\/p>\n","protected":false},"featured_media":4291,"comment_status":"open","ping_status":"closed","template":"","meta":[],"product_brand":[],"product_cat":[100],"product_tag":[103],"class_list":{"0":"post-4294","1":"product","2":"type-product","3":"status-publish","4":"has-post-thumbnail","6":"product_cat-njega-tijela","7":"product_tag-novo-hr","9":"first","10":"instock","11":"shipping-taxable","12":"purchasable","13":"product-type-simple"},"_links":{"self":[{"href":"https:\/\/grski-zakladi.si\/hr\/wp-json\/wp\/v2\/product\/4294","targetHints":{"allow":["GET"]}}],"collection":[{"href":"https:\/\/grski-zakladi.si\/hr\/wp-json\/wp\/v2\/product"}],"about":[{"href":"https:\/\/grski-zakladi.si\/hr\/wp-json\/wp\/v2\/types\/product"}],"replies":[{"embeddable":true,"href":"https:\/\/grski-zakladi.si\/hr\/wp-json\/wp\/v2\/comments?post=4294"}],"wp:featuredmedia":[{"embeddable":true,"href":"https:\/\/grski-zakladi.si\/hr\/wp-json\/wp\/v2\/media\/4291"}],"wp:attachment":[{"href":"https:\/\/grski-zakladi.si\/hr\/wp-json\/wp\/v2\/media?parent=4294"}],"wp:term":[{"taxonomy":"product_brand","embeddable":true,"href":"https:\/\/grski-zakladi.si\/hr\/wp-json\/wp\/v2\/product_brand?post=4294"},{"taxonomy":"product_cat","embeddable":true,"href":"https:\/\/grski-zakladi.si\/hr\/wp-json\/wp\/v2\/product_cat?post=4294"},{"taxonomy":"product_tag","embeddable":true,"href":"https:\/\/grski-zakladi.si\/hr\/wp-json\/wp\/v2\/product_tag?post=4294"}],"curies":[{"name":"wp","href":"https:\/\/api.w.org\/{rel}","templated":true}]}}