{"id":4284,"date":"2025-05-26T10:58:28","date_gmt":"2025-05-26T08:58:28","guid":{"rendered":"https:\/\/grski-zakladi.si\/?post_type=product&#038;p=4284"},"modified":"2025-06-12T09:24:27","modified_gmt":"2025-06-12T09:24:27","slug":"bb-krema-za-lice-spf-50-60-ml","status":"publish","type":"product","link":"https:\/\/grski-zakladi.si\/hr\/proizvod\/bb-krema-za-lice-spf-50-60-ml\/","title":{"rendered":"BB krema za lice, SPF 50+ (60 ml)"},"content":{"rendered":"<p>Hidratantna BB krema s nje\u017enom bojom daje ko\u017ei lica ujedna\u010den ten. Nudi visoku za\u0161titu zahvaljuju\u0107i kombinaciji aktivnih sastojaka protiv starenja, s fotostabilnim i u\u010dinkovitim filterima protiv UVA i UVB sun\u010devog zra\u010denja. Oboga\u0107en je antioksidativnim umiruju\u0107im sastojcima koji \u0161tite stanice od slobodnih radikala.  <\/p>\n<p>UPOTREBA: Nanesite kremu prije svakog izlaganja suncu. Ponovo nanesite nekoliko puta tijekom dana, posebno nakon plivanja, znojenja ili brisanja ru\u010dnikom, kako biste odr\u017eali za\u0161titu. <\/p>\n<p>Ne zaboravite! Za\u0161tita od sunca je od najve\u0107e va\u017enosti za odr\u017eavanje zdravlja i ljepote ko\u017ee. <\/p>\n<p><span style=\"font-size: 80%;\"><em>SASTOJCI: aqua, titanium dioxide (nano), oleth-10, isodeceth-6, aluminium stearate, alumina, simethicone, diazolidinyl urea, octocrylene, aloe barbadensis leaf juice*, butyl methoxydibenzoylmethane, octylmethoxy cinnamate, octyl palmitate, cetearyl alcohol, dicetyl phosphate, ceteth-10 phosphate, glyceryl stearate, PEG-100 stearate, C12-15 alkyl benzoate, hydrolyzed wheat protein\/PVP crosspolymer, cetyl alcohol, benzyl alcohol, dehydroacetic acid, titanium dioxide (nano), isohexadecane, triethylhexanoin, polyhydroxystearic acid, sorbitan monostearate, glycerin, CI. 77891, glycerine, xanthan gum, sodium citrate, magnesium aluminum silicate, bis-ethylhexyloxyphenol methoxyphenyl triazine, tocopherol, helianthus annuus (sunflower) seed oil, parfum, panthenol, phenoxyethanol, ethylhexylglycerin, CI. 77492, allantoin, sodium phytate, glycyrrhetinic acid, sodium hyaluronate, CI. 77491, BHT, CI. 77499, sodium hydroxide, AMYL CINNAMAL, COUMARIN, BENZYL BENZOATE, HEXYLCINNAMALDEHYDE, LINALOOL. <\/em><br \/>\n<\/span> <span style=\"font-size: 80%;\"><br \/>\n<em>* sastojci iz ekolo\u0161ke proizvodnje<\/em><br \/>\n<\/span><\/p>\n","protected":false},"excerpt":{"rendered":"<p>Krema za lice s maksimalnom za\u0161titom od sunca i djelovanjem protiv starenja. Pogodno za sve tipove ko\u017ee. <\/p>\n<p>Veli\u010dina: 60 ml<\/p>\n","protected":false},"featured_media":4281,"comment_status":"open","ping_status":"closed","template":"","meta":[],"product_brand":[],"product_cat":[92],"product_tag":[103,112],"class_list":{"0":"post-4284","1":"product","2":"type-product","3":"status-publish","4":"has-post-thumbnail","6":"product_cat-lice","7":"product_tag-novo-hr","8":"product_tag-promocija","10":"first","11":"instock","12":"sale","13":"shipping-taxable","14":"purchasable","15":"product-type-simple"},"_links":{"self":[{"href":"https:\/\/grski-zakladi.si\/hr\/wp-json\/wp\/v2\/product\/4284","targetHints":{"allow":["GET"]}}],"collection":[{"href":"https:\/\/grski-zakladi.si\/hr\/wp-json\/wp\/v2\/product"}],"about":[{"href":"https:\/\/grski-zakladi.si\/hr\/wp-json\/wp\/v2\/types\/product"}],"replies":[{"embeddable":true,"href":"https:\/\/grski-zakladi.si\/hr\/wp-json\/wp\/v2\/comments?post=4284"}],"wp:featuredmedia":[{"embeddable":true,"href":"https:\/\/grski-zakladi.si\/hr\/wp-json\/wp\/v2\/media\/4281"}],"wp:attachment":[{"href":"https:\/\/grski-zakladi.si\/hr\/wp-json\/wp\/v2\/media?parent=4284"}],"wp:term":[{"taxonomy":"product_brand","embeddable":true,"href":"https:\/\/grski-zakladi.si\/hr\/wp-json\/wp\/v2\/product_brand?post=4284"},{"taxonomy":"product_cat","embeddable":true,"href":"https:\/\/grski-zakladi.si\/hr\/wp-json\/wp\/v2\/product_cat?post=4284"},{"taxonomy":"product_tag","embeddable":true,"href":"https:\/\/grski-zakladi.si\/hr\/wp-json\/wp\/v2\/product_tag?post=4284"}],"curies":[{"name":"wp","href":"https:\/\/api.w.org\/{rel}","templated":true}]}}