{"id":4279,"date":"2025-05-26T11:08:50","date_gmt":"2025-05-26T09:08:50","guid":{"rendered":"https:\/\/grski-zakladi.si\/?post_type=product&#038;p=4279"},"modified":"2025-06-12T09:17:38","modified_gmt":"2025-06-12T09:17:38","slug":"tvrdi-sapun-magarece-mlijeko-100-gr","status":"publish","type":"product","link":"https:\/\/grski-zakladi.si\/hr\/proizvod\/tvrdi-sapun-magarece-mlijeko-100-gr\/","title":{"rendered":"Tvrdi sapun \u2013 magare\u0107e mlijeko (100 gr)"},"content":{"rendered":"<p>Nje\u017eni sapun temeljito \u010disti ko\u017eu. Pogodan je i za tijelo i za lice i kosu. Sapun tako\u0111er sadr\u017ei maslinovo ulje, aloe veru, pantenol, vitamin E i shea maslac koji \u0107e ko\u017ei pru\u017eiti intenzivnu hidrataciju, njegu i svilenkastu meko\u0107u.<\/p>\n<p><span style=\"font-size: 80%;\"><em>SASTOJCI: sodium olivate, sodium palmate, sodium palm kernelate, aqua, sodium chloride, perfume, donkey milk, glycerin, aloe barbadensis leaf extract, butyrospermum parkii (shea) butter, panthenol, tocopheryl acetate, tetrasodium glutamate diacetate, banzyl alcohol, benzyl salitate, coumarin, geraniol, benzyl benzoate, citronellol, hexyl cinnamaldehyde, alpha-isomethyl ionone.<\/em><br \/>\n<\/span> <span style=\"font-size: 80%;\"><br \/>\n<em>* sastojci iz ekolo\u0161ke proizvodnje<\/em><br \/>\n<\/span><\/p>\n","protected":false},"excerpt":{"rendered":"<p>Tvrdi sapun s gr\u010dkim magare\u0107im mlijekom.<\/p>\n","protected":false},"featured_media":4270,"comment_status":"open","ping_status":"closed","template":"","meta":[],"product_brand":[],"product_cat":[106,107],"product_tag":[90,103],"class_list":{"0":"post-4279","1":"product","2":"type-product","3":"status-publish","4":"has-post-thumbnail","6":"product_cat-ostalo-hr","7":"product_cat-tvrdi-sapuni","8":"product_tag-blago-magareceg-mlijeka","9":"product_tag-novo-hr","11":"first","12":"outofstock","13":"shipping-taxable","14":"purchasable","15":"product-type-simple"},"_links":{"self":[{"href":"https:\/\/grski-zakladi.si\/hr\/wp-json\/wp\/v2\/product\/4279","targetHints":{"allow":["GET"]}}],"collection":[{"href":"https:\/\/grski-zakladi.si\/hr\/wp-json\/wp\/v2\/product"}],"about":[{"href":"https:\/\/grski-zakladi.si\/hr\/wp-json\/wp\/v2\/types\/product"}],"replies":[{"embeddable":true,"href":"https:\/\/grski-zakladi.si\/hr\/wp-json\/wp\/v2\/comments?post=4279"}],"wp:featuredmedia":[{"embeddable":true,"href":"https:\/\/grski-zakladi.si\/hr\/wp-json\/wp\/v2\/media\/4270"}],"wp:attachment":[{"href":"https:\/\/grski-zakladi.si\/hr\/wp-json\/wp\/v2\/media?parent=4279"}],"wp:term":[{"taxonomy":"product_brand","embeddable":true,"href":"https:\/\/grski-zakladi.si\/hr\/wp-json\/wp\/v2\/product_brand?post=4279"},{"taxonomy":"product_cat","embeddable":true,"href":"https:\/\/grski-zakladi.si\/hr\/wp-json\/wp\/v2\/product_cat?post=4279"},{"taxonomy":"product_tag","embeddable":true,"href":"https:\/\/grski-zakladi.si\/hr\/wp-json\/wp\/v2\/product_tag?post=4279"}],"curies":[{"name":"wp","href":"https:\/\/api.w.org\/{rel}","templated":true}]}}