{"id":4278,"date":"2025-05-26T11:03:47","date_gmt":"2025-05-26T09:03:47","guid":{"rendered":"https:\/\/grski-zakladi.si\/?post_type=product&#038;p=4278"},"modified":"2026-01-19T12:09:02","modified_gmt":"2026-01-19T11:09:02","slug":"gel-za-poslije-suncanja-s-aloe-verom-250-ml","status":"publish","type":"product","link":"https:\/\/grski-zakladi.si\/hr\/proizvod\/gel-za-poslije-suncanja-s-aloe-verom-250-ml\/","title":{"rendered":"Gel za poslije sun\u010danja s aloe verom (250 ml)"},"content":{"rendered":"<p>Gel tako\u0111er sadr\u017ei vitamine A i E, pantenol, ekstrakt krastavca, hidratantne sastojke i sastojke protiv starenja koji pobolj\u0161avaju za\u0161titu ko\u017ee od sun\u010deve svjetlosti, a istovremeno je umiruju i hrane. Ko\u017ea \u0107e nakon sun\u010danja ponovno biti hidratizirana, elasti\u010dna i meka. Gel ima laganu teksturu, hladi i odmah se upija. Da sve bude jo\u0161 bolje, ima i predivan miris.   <\/p>\n<p>UPOTREBA: Nanesite dovoljnu koli\u010dinu na \u010distu ko\u017eu nakon svakog izlaganja suncu. Ponovite primjenu nekoliko puta dnevno. prema potrebi.  <\/p>\n<p><span style=\"font-size: 80%;\"><em>SASTOJCI: aqua, aloe barbadensis leaf juice*, alcohol denat., panthenol, olea europaea (olive) leaf extract*, glycerin, cucumis sativus (cucumber) fruit extract, melaleuca alternifolia (tea tree) leaf oil, allantoin, polysorbate 20, retinyl palmitate, tocopherol acetate, linolenic acid, menthyl lactate, PPG-26 buteth-26, PEG-40 hydrogenated castor oil, triethanolamine, carbomer, disodium EDTA, phenoxyethanol, ethylhexylglycerin, parfum, polysorbate-20, benzophenone-4, amyl cinnamal, coumarin, benzyl benzoate, hexylcinnamaldehyde, linalool may contain: CI. 47005, CI. 42051, CI. 16185. <\/em><br \/>\n<\/span> <span style=\"font-size: 80%;\"><br \/>\n<em>* sastojci iz ekolo\u0161ke proizvodnje<\/em><br \/>\n<\/span><\/p>\n","protected":false},"excerpt":{"rendered":"<p>Hladni gel za poslije sun\u010danja s organskom aloe verom, ekstraktom lista masline i uljem \u010dajevca.<\/p>\n<p>Veli\u010dina: 250 ml<\/p>\n","protected":false},"featured_media":4275,"comment_status":"open","ping_status":"closed","template":"","meta":[],"product_brand":[],"product_cat":[100],"product_tag":[95,103],"class_list":{"0":"post-4278","1":"product","2":"type-product","3":"status-publish","4":"has-post-thumbnail","6":"product_cat-njega-tijela","7":"product_tag-aloe-treasures-hr","8":"product_tag-novo-hr","10":"first","11":"instock","12":"virtual","13":"purchasable","14":"product-type-simple"},"_links":{"self":[{"href":"https:\/\/grski-zakladi.si\/hr\/wp-json\/wp\/v2\/product\/4278","targetHints":{"allow":["GET"]}}],"collection":[{"href":"https:\/\/grski-zakladi.si\/hr\/wp-json\/wp\/v2\/product"}],"about":[{"href":"https:\/\/grski-zakladi.si\/hr\/wp-json\/wp\/v2\/types\/product"}],"replies":[{"embeddable":true,"href":"https:\/\/grski-zakladi.si\/hr\/wp-json\/wp\/v2\/comments?post=4278"}],"wp:featuredmedia":[{"embeddable":true,"href":"https:\/\/grski-zakladi.si\/hr\/wp-json\/wp\/v2\/media\/4275"}],"wp:attachment":[{"href":"https:\/\/grski-zakladi.si\/hr\/wp-json\/wp\/v2\/media?parent=4278"}],"wp:term":[{"taxonomy":"product_brand","embeddable":true,"href":"https:\/\/grski-zakladi.si\/hr\/wp-json\/wp\/v2\/product_brand?post=4278"},{"taxonomy":"product_cat","embeddable":true,"href":"https:\/\/grski-zakladi.si\/hr\/wp-json\/wp\/v2\/product_cat?post=4278"},{"taxonomy":"product_tag","embeddable":true,"href":"https:\/\/grski-zakladi.si\/hr\/wp-json\/wp\/v2\/product_tag?post=4278"}],"curies":[{"name":"wp","href":"https:\/\/api.w.org\/{rel}","templated":true}]}}