{"id":4038,"date":"2025-02-06T12:34:41","date_gmt":"2025-02-06T12:34:41","guid":{"rendered":"https:\/\/grski-zakladi.si\/izdelek\/cetka-za-masazu-vlasista\/"},"modified":"2025-02-10T09:40:51","modified_gmt":"2025-02-10T09:40:51","slug":"cetka-za-masazu-vlasista","status":"publish","type":"product","link":"https:\/\/grski-zakladi.si\/hr\/proizvod\/cetka-za-masazu-vlasista\/","title":{"rendered":"\u010cetka za masa\u017eu vlasi\u0161ta"},"content":{"rendered":"<p>Uz \u010detku za masa\u017eu va\u0161e \u0107e vlasi\u0161te uvijek biti \u010disto. Uklanja mrtve stanice ko\u017ee, sprje\u010dava nastanak prhuti i usporava ma\u0161\u0107enje kose. Pokreti masa\u017ee pove\u0107avaju dotok krvi u vlasi\u0161te i osiguravaju dobru ventilaciju. To omogu\u0107uje da folikuli kose dobiju vi\u0161e kisika, \u0161to poti\u010de br\u017ei rast, manje opadanja kose te ja\u010du i gu\u0161\u0107u kosu. \u0160ampon i drugi proizvodi mogu bolje prodrijeti u vlasi\u0161te i u\u010dinkovitije obaviti svoj posao. Masa\u017ea vlasi\u0161ta djeluje opu\u0161taju\u0107e i smanjuje napetost, stres i glavobolju.<\/p>\n<p>Zbog svoje nje\u017enosti \u010detka je pogodna za sve tipove kose i ne petlja se.<\/p>\n<p>Sve proizvode za njegu kose mo\u017eete prona\u0107i <a href=\"https:\/\/grski-zakladi.si\/hr\/kategorija-proizvoda\/kosa\/\">OVDJE<\/a> .<\/p>\n","protected":false},"excerpt":{"rendered":"<p>Masa\u017ena \u010detka za kosu odli\u010dan je alat za pranje kose. Temeljito \u010disti vlasi\u0161te, poti\u010de rast kose i pru\u017ea izrazito opu\u0161taju\u0107u masa\u017eu.<\/p>\n","protected":false},"featured_media":4031,"comment_status":"open","ping_status":"closed","template":"","meta":[],"product_brand":[],"product_cat":[89],"product_tag":[],"class_list":{"0":"post-4038","1":"product","2":"type-product","3":"status-publish","4":"has-post-thumbnail","6":"product_cat-kosa","8":"first","9":"instock","10":"shipping-taxable","11":"purchasable","12":"product-type-simple"},"_links":{"self":[{"href":"https:\/\/grski-zakladi.si\/hr\/wp-json\/wp\/v2\/product\/4038","targetHints":{"allow":["GET"]}}],"collection":[{"href":"https:\/\/grski-zakladi.si\/hr\/wp-json\/wp\/v2\/product"}],"about":[{"href":"https:\/\/grski-zakladi.si\/hr\/wp-json\/wp\/v2\/types\/product"}],"replies":[{"embeddable":true,"href":"https:\/\/grski-zakladi.si\/hr\/wp-json\/wp\/v2\/comments?post=4038"}],"wp:featuredmedia":[{"embeddable":true,"href":"https:\/\/grski-zakladi.si\/hr\/wp-json\/wp\/v2\/media\/4031"}],"wp:attachment":[{"href":"https:\/\/grski-zakladi.si\/hr\/wp-json\/wp\/v2\/media?parent=4038"}],"wp:term":[{"taxonomy":"product_brand","embeddable":true,"href":"https:\/\/grski-zakladi.si\/hr\/wp-json\/wp\/v2\/product_brand?post=4038"},{"taxonomy":"product_cat","embeddable":true,"href":"https:\/\/grski-zakladi.si\/hr\/wp-json\/wp\/v2\/product_cat?post=4038"},{"taxonomy":"product_tag","embeddable":true,"href":"https:\/\/grski-zakladi.si\/hr\/wp-json\/wp\/v2\/product_tag?post=4038"}],"curies":[{"name":"wp","href":"https:\/\/api.w.org\/{rel}","templated":true}]}}