{"id":3383,"date":"2024-09-28T09:19:56","date_gmt":"2024-09-28T07:19:56","guid":{"rendered":"https:\/\/grski-zakladi.si\/izdelek\/hidratantna-krema-za-lice-s-hijaluronskom-kiselinom\/"},"modified":"2024-09-28T09:24:58","modified_gmt":"2024-09-28T09:24:58","slug":"hidratantna-krema-za-lice-s-hijaluronskom-kiselinom","status":"publish","type":"product","link":"https:\/\/grski-zakladi.si\/hr\/proizvod\/hidratantna-krema-za-lice-s-hijaluronskom-kiselinom\/","title":{"rendered":"Hidratantna krema za lice s hijaluronskom kiselinom"},"content":{"rendered":"<p>Krema je posebno dizajnirana za sprje\u010davanje znakova preranog starenja (bore, miteseri). Sadr\u017ei vitamine A, E, C i F, liposome, ekstrakt sjemenki crvenog gro\u017e\u0111a, \u0161afran i koenzim Q10. Jedinstvena kombinacija gro\u017e\u0111a i liposoma sprje\u010dava uni\u0161tavanje stanica i kolagena, dok \u0161afran i stabilizirani vitamin C sprje\u010davaju nastanak mitesera. Krema tako\u0111er sadr\u017ei hijaluronsku kiselinu* i shea maslac koji izuzetno vla\u017ee ko\u017eu. Ko\u017ea \u0107e biti zategnutija, dubinski navla\u017eena i svilenkasto meka. <\/p>\n<p>*Hijaluronska kiselina se u osnovi koristi kao dubinski hidratant.      <\/p>\n<p><span style=\"font-size: 80%;\"><br \/>\n<em>SASTOJCI: aqua, aloe barbadensis leaf juice*, hydrogenated ethylhexyl olivate, hydrogenated olive oil, unsaponifiables, cetearyl alcohol, dicetyl phosphate, ceteth-10 phosphate, sodium PCA, sodium lactate, fructose, glycine, niacinamide, urea, inositol, glycerin, caprylic\/capric triglyceride, octyl palmitate, titanium dioxide (nano), oleth-10, isodeceth-6, aluminium stearate, alumina, simethicone, diazolidinyl urea, PEG-20 stearate, benzyl alcohol, dehydroacetic acid, coco-caprylate\/caprate, PEG-40 hydrogenated castor oil, tocopherol, vitis vinifera (grape) seed extract, crocus sativus (saffron) flower extract, olea europaea (olive) fruit oil*, butyrospermum parkii (shea) butter, tocopheryl acetate, allantoin, lecithin, ubiquinone, carnosine, silybum marianum fruit extract, alpha-arbutin, sodium hyaluronate, ascorbyl glucoside, retinyl palmitate, steareth-10, sodium hydroxide, parfum, acrylates\/C10-30 alkyl acrylate crosspolymer, steareth-2, sodium phytate, BHT, benzyl salicylate, citronellol, hexylcinnamaldehyde, linalool. (*) <\/em><br \/>\n<\/span><span style=\"font-size: 80%;\"><br \/>\n<em>* sastojci iz organske proizvodnje<\/em><br \/>\n<\/span><\/p>\n","protected":false},"excerpt":{"rendered":"<p>Krema za lice s organskom aloe verom i organskim maslinovim uljem. Bogata vitaminima, antioksidansima i sastojcima protiv starenja.  <\/p>\n<p>Veli\u010dina: 50 ml<\/p>\n","protected":false},"featured_media":3389,"comment_status":"open","ping_status":"closed","template":"","meta":[],"product_brand":[],"product_cat":[92],"product_tag":[95],"class_list":{"0":"post-3383","1":"product","2":"type-product","3":"status-publish","4":"has-post-thumbnail","6":"product_cat-lice","7":"product_tag-aloe-treasures-hr","9":"first","10":"instock","11":"shipping-taxable","12":"purchasable","13":"product-type-simple"},"_links":{"self":[{"href":"https:\/\/grski-zakladi.si\/hr\/wp-json\/wp\/v2\/product\/3383","targetHints":{"allow":["GET"]}}],"collection":[{"href":"https:\/\/grski-zakladi.si\/hr\/wp-json\/wp\/v2\/product"}],"about":[{"href":"https:\/\/grski-zakladi.si\/hr\/wp-json\/wp\/v2\/types\/product"}],"replies":[{"embeddable":true,"href":"https:\/\/grski-zakladi.si\/hr\/wp-json\/wp\/v2\/comments?post=3383"}],"wp:featuredmedia":[{"embeddable":true,"href":"https:\/\/grski-zakladi.si\/hr\/wp-json\/wp\/v2\/media\/3389"}],"wp:attachment":[{"href":"https:\/\/grski-zakladi.si\/hr\/wp-json\/wp\/v2\/media?parent=3383"}],"wp:term":[{"taxonomy":"product_brand","embeddable":true,"href":"https:\/\/grski-zakladi.si\/hr\/wp-json\/wp\/v2\/product_brand?post=3383"},{"taxonomy":"product_cat","embeddable":true,"href":"https:\/\/grski-zakladi.si\/hr\/wp-json\/wp\/v2\/product_cat?post=3383"},{"taxonomy":"product_tag","embeddable":true,"href":"https:\/\/grski-zakladi.si\/hr\/wp-json\/wp\/v2\/product_tag?post=3383"}],"curies":[{"name":"wp","href":"https:\/\/api.w.org\/{rel}","templated":true}]}}