{"id":3376,"date":"2024-09-28T08:24:12","date_gmt":"2024-09-28T08:24:12","guid":{"rendered":"https:\/\/grski-zakladi.si\/izdelek\/ulje-za-njegu-kose-s-arganovim-uljem\/"},"modified":"2024-09-28T08:51:06","modified_gmt":"2024-09-28T08:51:06","slug":"ulje-za-njegu-kose-s-arganovim-uljem","status":"publish","type":"product","link":"https:\/\/grski-zakladi.si\/hr\/proizvod\/ulje-za-njegu-kose-s-arganovim-uljem\/","title":{"rendered":"Ulje za njegu kose s arganovim uljem"},"content":{"rendered":"<p>Arganovo ulje dobiva se iz jezgre ploda stabla Argania Spinosa koje raste u Maroku. Mje\u0161tani ga s pravom nazivaju &#8220;stablom \u017eivota&#8221;, jer je arganovo ulje koje sadr\u017ei ovo vo\u0107e jedno od najvrjednijih zbog svojih hranjivih, omek\u0161uju\u0107ih i antioksidativnih svojstava. U kombinaciji s ekstraktom aloe i za\u0161titnim vitaminom E, njeguje i hrani kosu, \u010dine\u0107i je svilenkasto mekom i sjajnom. Ne masti kosu i olak\u0161ava ra\u0161\u010de\u0161ljavanje. Ulje je posebno u\u010dinkovito u regeneraciji suhe i o\u0161te\u0107ene kose. <\/p>\n<p>UPOTREBA: Nanesite nekoliko kapi na opranu kosu i nje\u017eno umasirajte od korijena do vrhova. Bez ispiranja. Mo\u017ee se koristiti na mokroj i suhoj kosi. <\/p>\n<p><span style=\"font-size: 80%;\"><br \/>\n<em>SASTOJCI: cyclopentasiloxane, dimethiconol, dimethicone, argania spinosa kernel oil*, helianthus annus (sunflower) seed oil, aloe barbadensis leaf extract, tocopheryl acetate, parfum, amyl cinnamal, cinnamyl alcohol, cinnamal, coumarin, geraniol, citronellol, hexylcinnamaldehyde, linalool, alpha-isomethyl ionone. (*) <\/em><br \/>\n<\/span><span style=\"font-size: 80%;\"><br \/>\n<em>* sastojci iz organske proizvodnje<\/em><br \/>\n<\/span><\/p>\n","protected":false},"excerpt":{"rendered":"<p>Ulje za njegu kose s organskim arganovim uljem i organskom aloe verom. <\/p>\n<p>Veli\u010dina: 125 ml<\/p>\n","protected":false},"featured_media":3393,"comment_status":"open","ping_status":"closed","template":"","meta":[],"product_brand":[],"product_cat":[89],"product_tag":[95],"class_list":{"0":"post-3376","1":"product","2":"type-product","3":"status-publish","4":"has-post-thumbnail","6":"product_cat-kosa","7":"product_tag-aloe-treasures-hr","9":"first","10":"instock","11":"shipping-taxable","12":"purchasable","13":"product-type-simple"},"_links":{"self":[{"href":"https:\/\/grski-zakladi.si\/hr\/wp-json\/wp\/v2\/product\/3376","targetHints":{"allow":["GET"]}}],"collection":[{"href":"https:\/\/grski-zakladi.si\/hr\/wp-json\/wp\/v2\/product"}],"about":[{"href":"https:\/\/grski-zakladi.si\/hr\/wp-json\/wp\/v2\/types\/product"}],"replies":[{"embeddable":true,"href":"https:\/\/grski-zakladi.si\/hr\/wp-json\/wp\/v2\/comments?post=3376"}],"wp:featuredmedia":[{"embeddable":true,"href":"https:\/\/grski-zakladi.si\/hr\/wp-json\/wp\/v2\/media\/3393"}],"wp:attachment":[{"href":"https:\/\/grski-zakladi.si\/hr\/wp-json\/wp\/v2\/media?parent=3376"}],"wp:term":[{"taxonomy":"product_brand","embeddable":true,"href":"https:\/\/grski-zakladi.si\/hr\/wp-json\/wp\/v2\/product_brand?post=3376"},{"taxonomy":"product_cat","embeddable":true,"href":"https:\/\/grski-zakladi.si\/hr\/wp-json\/wp\/v2\/product_cat?post=3376"},{"taxonomy":"product_tag","embeddable":true,"href":"https:\/\/grski-zakladi.si\/hr\/wp-json\/wp\/v2\/product_tag?post=3376"}],"curies":[{"name":"wp","href":"https:\/\/api.w.org\/{rel}","templated":true}]}}