{"id":3111,"date":"2022-09-08T09:20:54","date_gmt":"2022-09-08T07:20:54","guid":{"rendered":"https:\/\/grski-zakladi.si\/izdelek\/krema-za-stopala-s-pcelinjim-voskom-i-aha\/"},"modified":"2026-01-19T12:08:53","modified_gmt":"2026-01-19T11:08:53","slug":"krema-za-stopala-s-pcelinjim-voskom-i-aha","status":"publish","type":"product","link":"https:\/\/grski-zakladi.si\/hr\/proizvod\/krema-za-stopala-s-pcelinjim-voskom-i-aha\/","title":{"rendered":"Krema za stopala s p\u010delinjim voskom i AHA"},"content":{"rendered":"<p>Krema za stopala oboga\u0107ena je vitaminima A i E, vo\u0107nim kiselinama, uljem \u010dajevca i shea maslacem. Zahvaljuju\u0107i AHA kiselinama uklanja mrtve stanice ko\u017ee s ispucalih peta i omek\u0161ava ih. Umiruje i vla\u017ei umorna stopala. <\/p>\n<p><span style=\"font-size: 80%;\"><br \/>\n<em>SASTOJCI: aqua, sok lista aloe barbadensis*, glicerin, oktil palmitat, urea, gliceril stearat, PEG-100 stearat, stearinska kiselina, cetil alkohol, cetearil alkohol, dicetil fosfat, ceteth-10 fosfat,<\/em><\/span> <em style=\"font-size: 80%;\">ciklopentasiloksan, butyrospermum parkii (shea) maslac , fenoksietanol, etilhelilglicerin, mlije\u010dna kiselina, dimetikon, cinkov oksid, ulje ploda olea europaea (maslina)*, cera alba (p\u010delinji vosak), glikolna kiselina, salicilna kiselina, ulje melaleuca alternifolia (\u010dajevac), pantenol, mentil laktat, PPG-26 buteth-26, PEG-40 hidrogenirano ricinusovo ulje, biosaharid guma-1, tokoferil acetat, retinil palmitat, alantoin, magnezij aluminijev silikat, parfem, triklosan, natrijev hidroksid, dinatrijev EDTA, butil hidroksi toluen, amil cinamal, heksilcinamal,<\/em> <em style=\"font-size: 80%;\">linalol.<\/em><br \/>\n<span style=\"font-size: 80%;\"><br \/>\n<em>* sastojci iz organske proizvodnje<\/em><\/span>  <\/p>\n","protected":false},"excerpt":{"rendered":"<p>Hidratantna krema za stopala s organskim ekstraktom aloe vere i p\u010delinjim voskom. <\/p>\n<p>Veli\u010dina: 100 ml<\/p>\n","protected":false},"featured_media":3112,"comment_status":"open","ping_status":"closed","template":"","meta":[],"product_brand":[],"product_cat":[114,93],"product_tag":[95],"class_list":{"0":"post-3111","1":"product","2":"type-product","3":"status-publish","4":"has-post-thumbnail","6":"product_cat-njega-stopala","7":"product_cat-tijelo","8":"product_tag-aloe-treasures-hr","10":"first","11":"instock","12":"shipping-taxable","13":"purchasable","14":"product-type-simple"},"_links":{"self":[{"href":"https:\/\/grski-zakladi.si\/hr\/wp-json\/wp\/v2\/product\/3111","targetHints":{"allow":["GET"]}}],"collection":[{"href":"https:\/\/grski-zakladi.si\/hr\/wp-json\/wp\/v2\/product"}],"about":[{"href":"https:\/\/grski-zakladi.si\/hr\/wp-json\/wp\/v2\/types\/product"}],"replies":[{"embeddable":true,"href":"https:\/\/grski-zakladi.si\/hr\/wp-json\/wp\/v2\/comments?post=3111"}],"wp:featuredmedia":[{"embeddable":true,"href":"https:\/\/grski-zakladi.si\/hr\/wp-json\/wp\/v2\/media\/3112"}],"wp:attachment":[{"href":"https:\/\/grski-zakladi.si\/hr\/wp-json\/wp\/v2\/media?parent=3111"}],"wp:term":[{"taxonomy":"product_brand","embeddable":true,"href":"https:\/\/grski-zakladi.si\/hr\/wp-json\/wp\/v2\/product_brand?post=3111"},{"taxonomy":"product_cat","embeddable":true,"href":"https:\/\/grski-zakladi.si\/hr\/wp-json\/wp\/v2\/product_cat?post=3111"},{"taxonomy":"product_tag","embeddable":true,"href":"https:\/\/grski-zakladi.si\/hr\/wp-json\/wp\/v2\/product_tag?post=3111"}],"curies":[{"name":"wp","href":"https:\/\/api.w.org\/{rel}","templated":true}]}}