{"id":3099,"date":"2022-09-03T14:36:15","date_gmt":"2022-09-03T12:36:15","guid":{"rendered":"https:\/\/grski-zakladi.si\/izdelek\/gel-piling-za-lice-2u1\/"},"modified":"2026-01-19T12:08:48","modified_gmt":"2026-01-19T11:08:48","slug":"gel-piling-za-lice-2u1","status":"publish","type":"product","link":"https:\/\/grski-zakladi.si\/hr\/proizvod\/gel-piling-za-lice-2u1\/","title":{"rendered":"Gel piling za lice 2u1"},"content":{"rendered":"<p>Inovativna formula s blagim sastojcima za \u010di\u0161\u0107enje i vrlo finim granulama masline dubinski \u010disti ko\u017eu bez isu\u0161ivanja, a istovremeno uklanja povr\u0161inske mrtve stanice. Pobolj\u0161ava izgled ko\u017ee lica, \u010dini je glatkom, zategnutijom i osvje\u017eenom. <\/p>\n<p>UPOTREBA: Nanesite malu koli\u010dinu gela na mokro lice i nje\u017eno utrljajte u ko\u017eu kru\u017enim pokretima dok se ne zapjeni. Zatim temeljito isperite vodom. Koristite dva do tri puta tjedno, ovisno o tipu ko\u017ee. Nakon pilinga ne zaboravite nanijeti hidratantnu kremu za lice.  <\/p>\n<p><span style=\"font-size: 80%;\"><br \/>\n<em>SASTOJCI: aqua, aloe barbadensis leaf juice*, acrylates copolymer, sodium lauroyl sarcosinate, cocamidopropylamine oxide, olea europaea (olive) seed powder, PEG-4 rapeseedamide, propanediol, glycerin, camellia sinensis (green tea) leaf extract, malus domestica fruit cell culture extract, xanthan gum, lecithin, sodium hyaluronate, melaleuca alternifolia (tea tree) leaf oil, allantoin, polysorbate 20, retinyl palmitate, tocopherol acetate, linolenic acid, parfum, lactic acid, phenoxyethanol, ethylhexylglycerin, triethylene glycol, benzyl alcohol, methylisothiazolinone, methylchloroisothiazolinone, triethanolamine, disodium EDTA, hexylcinnamaldehyde, linalool may contain: CI. 42051, CI. 47005.<\/em><br \/>\n<\/span><span style=\"font-size: 80%;\"><br \/>\n<em>* sastojci iz organske proizvodnje<\/em><br \/>\n<\/span><\/p>\n","protected":false},"excerpt":{"rendered":"<p>Nje\u017eni gel piling za lice 2 u 1. Sa 100% organskom aloe verom, regenerativnim biljnim mati\u010dnim stanicama, hijaluronskom kiselinom, vitaminima A, E, F i prirodnim antibakterijskim uljem \u010dajevca. <\/p>\n<p>Veli\u010dina: 125 ml<\/p>\n","protected":false},"featured_media":3102,"comment_status":"open","ping_status":"closed","template":"","meta":[],"product_brand":[],"product_cat":[92],"product_tag":[95],"class_list":{"0":"post-3099","1":"product","2":"type-product","3":"status-publish","4":"has-post-thumbnail","6":"product_cat-lice","7":"product_tag-aloe-treasures-hr","9":"first","10":"instock","11":"shipping-taxable","12":"purchasable","13":"product-type-simple"},"_links":{"self":[{"href":"https:\/\/grski-zakladi.si\/hr\/wp-json\/wp\/v2\/product\/3099","targetHints":{"allow":["GET"]}}],"collection":[{"href":"https:\/\/grski-zakladi.si\/hr\/wp-json\/wp\/v2\/product"}],"about":[{"href":"https:\/\/grski-zakladi.si\/hr\/wp-json\/wp\/v2\/types\/product"}],"replies":[{"embeddable":true,"href":"https:\/\/grski-zakladi.si\/hr\/wp-json\/wp\/v2\/comments?post=3099"}],"wp:featuredmedia":[{"embeddable":true,"href":"https:\/\/grski-zakladi.si\/hr\/wp-json\/wp\/v2\/media\/3102"}],"wp:attachment":[{"href":"https:\/\/grski-zakladi.si\/hr\/wp-json\/wp\/v2\/media?parent=3099"}],"wp:term":[{"taxonomy":"product_brand","embeddable":true,"href":"https:\/\/grski-zakladi.si\/hr\/wp-json\/wp\/v2\/product_brand?post=3099"},{"taxonomy":"product_cat","embeddable":true,"href":"https:\/\/grski-zakladi.si\/hr\/wp-json\/wp\/v2\/product_cat?post=3099"},{"taxonomy":"product_tag","embeddable":true,"href":"https:\/\/grski-zakladi.si\/hr\/wp-json\/wp\/v2\/product_tag?post=3099"}],"curies":[{"name":"wp","href":"https:\/\/api.w.org\/{rel}","templated":true}]}}