{"id":3079,"date":"2022-06-09T10:23:59","date_gmt":"2022-06-09T10:23:59","guid":{"rendered":"https:\/\/grski-zakladi.si\/izdelek\/krema-za-opekline-i-osjetljivu-kozu\/"},"modified":"2026-01-19T12:08:52","modified_gmt":"2026-01-19T11:08:52","slug":"krema-za-opekline-i-osjetljivu-kozu","status":"publish","type":"product","link":"https:\/\/grski-zakladi.si\/hr\/proizvod\/krema-za-opekline-i-osjetljivu-kozu\/","title":{"rendered":"Krema za opekline i osjetljivu ko\u017eu"},"content":{"rendered":"<p>Krema sadr\u017ei organsku aloe veru, pantenol, neven, ulje \u010dajevca i vitamine A i E. Nudi trenutno olak\u0161anje kod opeklina od sunca i drugih opeklina, posjekotina i manjih rana. Umiruje iritacije, hladi, regenerira i hidratizira o\u0161te\u0107enu ko\u017eu. Pogodan je za sve tipove ko\u017ee, \u010dak i za vrlo osjetljivu.<\/p>\n<p>UPOTREBA: nekoliko puta dnevno nanijeti na zahva\u0107ena podru\u010dja ko\u017ee.<\/p>\n<p><span style=\"font-size: 80%;\"><br \/>\n<em>SASTOJCI: aqua, aloe barbadensis leaf juice*, stearic acid, octyl palmitate, glyceryl stearate, PEG-100 stearate, glycerin, panthenol, phenoxyethanol, ethylhexylglycerin, sodium hydroxide, cetyl alcohol, calcium pantothenate, calendula officinalis flower extract, melaleuca alternifolia oil, menthyl lactate, PPG-26 buteth-26, PEG-40 hydrogenated castor oil, tocopheryl acetate, allantoin, dimethicone, parfum, retinyl palmitate, carbomer, disodium EDTA, butyl hydroxy toluene, benzyl salicylate, cinnamyl alcohol, eugenol, geraniol, benzyl benzoate, citronellol, hexylcinnamaldehyde, d-limonene, linalool, alpha-isomethyl ionone. <\/em><\/span><span style=\"font-size: 80%;\"><br \/>\n<em>* sastojci iz organske proizvodnje<\/em><br \/>\n<\/span><\/p>\n","protected":false},"excerpt":{"rendered":"<p>Krema Aloe Treasures s organskom aloe verom prva je pomo\u0107 kod opeklina ko\u017ee.<\/p>\n<p>Veli\u010dina: 100 ml<\/p>\n","protected":false},"featured_media":3084,"comment_status":"open","ping_status":"closed","template":"","meta":[],"product_brand":[],"product_cat":[100,93],"product_tag":[95],"class_list":{"0":"post-3079","1":"product","2":"type-product","3":"status-publish","4":"has-post-thumbnail","6":"product_cat-njega-tijela","7":"product_cat-tijelo","8":"product_tag-aloe-treasures-hr","10":"first","11":"instock","12":"shipping-taxable","13":"purchasable","14":"product-type-simple"},"_links":{"self":[{"href":"https:\/\/grski-zakladi.si\/hr\/wp-json\/wp\/v2\/product\/3079","targetHints":{"allow":["GET"]}}],"collection":[{"href":"https:\/\/grski-zakladi.si\/hr\/wp-json\/wp\/v2\/product"}],"about":[{"href":"https:\/\/grski-zakladi.si\/hr\/wp-json\/wp\/v2\/types\/product"}],"replies":[{"embeddable":true,"href":"https:\/\/grski-zakladi.si\/hr\/wp-json\/wp\/v2\/comments?post=3079"}],"wp:featuredmedia":[{"embeddable":true,"href":"https:\/\/grski-zakladi.si\/hr\/wp-json\/wp\/v2\/media\/3084"}],"wp:attachment":[{"href":"https:\/\/grski-zakladi.si\/hr\/wp-json\/wp\/v2\/media?parent=3079"}],"wp:term":[{"taxonomy":"product_brand","embeddable":true,"href":"https:\/\/grski-zakladi.si\/hr\/wp-json\/wp\/v2\/product_brand?post=3079"},{"taxonomy":"product_cat","embeddable":true,"href":"https:\/\/grski-zakladi.si\/hr\/wp-json\/wp\/v2\/product_cat?post=3079"},{"taxonomy":"product_tag","embeddable":true,"href":"https:\/\/grski-zakladi.si\/hr\/wp-json\/wp\/v2\/product_tag?post=3079"}],"curies":[{"name":"wp","href":"https:\/\/api.w.org\/{rel}","templated":true}]}}