{"id":3057,"date":"2022-01-30T16:50:45","date_gmt":"2022-01-30T15:50:45","guid":{"rendered":"https:\/\/grski-zakladi.si\/izdelek\/krema-za-ruke-mango-i-papaja\/"},"modified":"2025-09-18T11:48:50","modified_gmt":"2025-09-18T09:48:50","slug":"krema-za-ruke-mango-i-papaja","status":"publish","type":"product","link":"https:\/\/grski-zakladi.si\/hr\/proizvod\/krema-za-ruke-mango-i-papaja\/","title":{"rendered":"Krema za ruke &#8211; Mango i Papaja"},"content":{"rendered":"<p>Krema je oboga\u0107ena vitaminima A i E, pantenolom, shea maslacem i hidratantnim faktorima. Nje\u017eno hrani, \u0161titi i vla\u017ei ko\u017eu, ostavljaju\u0107i bar\u0161unastu meko\u0107u na rukama. Ne ostavlja mastan osje\u0107aj na ko\u017ei i odmah se upija.<\/p>\n<p><span style=\"font-size: 80%;\"><br \/>\n<em>SASTOJCI: aqua, glycerin, octyl palmitate, glyceryl stearate, PEG-100 stearate, stearic acid, cetostearyl alcohol, cyclopentasiloxane, phenoxyethanol, ethylhexylglycerin, olea europaea fruit oil*, carica papaya extract, mangifera indica fruit extract, dimethicone, tocopheryl acetate, retinyl palmitate, butyrospermum parkii, panthenol, allantoin, parfum, sodium hydroxide, xanthan gum, disodium EDTA, sodium polyacrylate, isotridecyl isononanoate, trideceth-6, butyl hydroxy toluene, amyl cinnamal, geraniol, citronellol, hexylcinnamaldehyde, d-limonene, linalool.<\/em><br \/>\n<\/span><span style=\"font-size: 80%;\"><br \/>\n<em>* sastojci iz organske proizvodnje<\/em><br \/>\n<\/span><\/p>\n","protected":false},"excerpt":{"rendered":"<p>Hidratantna krema za ruke za sve tipove ko\u017ee s organskim maslinovim uljem i egzoti\u010dnim ekstraktima manga i papaje.<\/p>\n<p>Veli\u010dina: 60 ml<\/p>\n","protected":false},"featured_media":3058,"comment_status":"open","ping_status":"closed","template":"","meta":[],"product_brand":[],"product_cat":[94,93],"product_tag":[108],"class_list":{"0":"post-3057","1":"product","2":"type-product","3":"status-publish","4":"has-post-thumbnail","6":"product_cat-njega-ruku","7":"product_cat-tijelo","8":"product_tag-atenino-blago","10":"first","11":"instock","12":"shipping-taxable","13":"purchasable","14":"product-type-simple"},"_links":{"self":[{"href":"https:\/\/grski-zakladi.si\/hr\/wp-json\/wp\/v2\/product\/3057","targetHints":{"allow":["GET"]}}],"collection":[{"href":"https:\/\/grski-zakladi.si\/hr\/wp-json\/wp\/v2\/product"}],"about":[{"href":"https:\/\/grski-zakladi.si\/hr\/wp-json\/wp\/v2\/types\/product"}],"replies":[{"embeddable":true,"href":"https:\/\/grski-zakladi.si\/hr\/wp-json\/wp\/v2\/comments?post=3057"}],"wp:featuredmedia":[{"embeddable":true,"href":"https:\/\/grski-zakladi.si\/hr\/wp-json\/wp\/v2\/media\/3058"}],"wp:attachment":[{"href":"https:\/\/grski-zakladi.si\/hr\/wp-json\/wp\/v2\/media?parent=3057"}],"wp:term":[{"taxonomy":"product_brand","embeddable":true,"href":"https:\/\/grski-zakladi.si\/hr\/wp-json\/wp\/v2\/product_brand?post=3057"},{"taxonomy":"product_cat","embeddable":true,"href":"https:\/\/grski-zakladi.si\/hr\/wp-json\/wp\/v2\/product_cat?post=3057"},{"taxonomy":"product_tag","embeddable":true,"href":"https:\/\/grski-zakladi.si\/hr\/wp-json\/wp\/v2\/product_tag?post=3057"}],"curies":[{"name":"wp","href":"https:\/\/api.w.org\/{rel}","templated":true}]}}