{"id":3050,"date":"2022-01-30T11:03:21","date_gmt":"2022-01-30T10:03:21","guid":{"rendered":"https:\/\/grski-zakladi.si\/izdelek\/krema-za-ruke-avokado-i-aloe-vera\/"},"modified":"2025-09-18T11:50:48","modified_gmt":"2025-09-18T09:50:48","slug":"krema-za-ruke-avokado-i-aloe-vera","status":"publish","type":"product","link":"https:\/\/grski-zakladi.si\/hr\/proizvod\/krema-za-ruke-avokado-i-aloe-vera\/","title":{"rendered":"Krema za ruke &#8211; Avokado i Aloe vera"},"content":{"rendered":"<p>Krema je oboga\u0107ena vitaminima A i E, pantenolom, hidratantnim i anti-age sastojcima. Hrani, \u0161titi i umiruje va\u0161e ruke, a ko\u017eu vla\u017ei, vra\u0107a joj elasti\u010dnost i bar\u0161unastu meko\u0107u. Ne masti ko\u017eu i odmah se upija.<\/p>\n<p><span style=\"font-size: 80%;\"><br \/>\n<em>SASTOJCI: aqua, glycerin, octyl palmitate, glyceryl stearate, peg-100 stearate, stearin, urea, cyclopentasiloxane, cetyl alcohol, dimethicone, aloe barbadensis leaf juice*, persea gratissima oil, biosaccharide gum-1, butyrospermum parkii, olea europaea oil*, sodium hydroxide, olea europaea leaf extract*, tocopheryl acetate, panthenol, parfum, polyquaternium-39, allantoin, phenoxyethanol, ethylhelylglycerin, retinyl palmitate, butyl hydroxy toluene.<\/em><br \/>\n<\/span><span style=\"font-size: 80%;\"><br \/>\n<em>* sastojci iz organske proizvodnje<\/em><br \/>\n<\/span><\/p>\n","protected":false},"excerpt":{"rendered":"<p>Hidratantna krema za suhe i ispucale ruke. S organskim maslinovim uljem, ekstraktom lista masline, organskim uljem avokada i organskom aloe verom.<\/p>\n<p>Veli\u010dina: 60 ml<\/p>\n","protected":false},"featured_media":3052,"comment_status":"open","ping_status":"closed","template":"","meta":[],"product_brand":[],"product_cat":[94,93],"product_tag":[108],"class_list":{"0":"post-3050","1":"product","2":"type-product","3":"status-publish","4":"has-post-thumbnail","6":"product_cat-njega-ruku","7":"product_cat-tijelo","8":"product_tag-atenino-blago","10":"first","11":"instock","12":"shipping-taxable","13":"purchasable","14":"product-type-simple"},"_links":{"self":[{"href":"https:\/\/grski-zakladi.si\/hr\/wp-json\/wp\/v2\/product\/3050","targetHints":{"allow":["GET"]}}],"collection":[{"href":"https:\/\/grski-zakladi.si\/hr\/wp-json\/wp\/v2\/product"}],"about":[{"href":"https:\/\/grski-zakladi.si\/hr\/wp-json\/wp\/v2\/types\/product"}],"replies":[{"embeddable":true,"href":"https:\/\/grski-zakladi.si\/hr\/wp-json\/wp\/v2\/comments?post=3050"}],"wp:featuredmedia":[{"embeddable":true,"href":"https:\/\/grski-zakladi.si\/hr\/wp-json\/wp\/v2\/media\/3052"}],"wp:attachment":[{"href":"https:\/\/grski-zakladi.si\/hr\/wp-json\/wp\/v2\/media?parent=3050"}],"wp:term":[{"taxonomy":"product_brand","embeddable":true,"href":"https:\/\/grski-zakladi.si\/hr\/wp-json\/wp\/v2\/product_brand?post=3050"},{"taxonomy":"product_cat","embeddable":true,"href":"https:\/\/grski-zakladi.si\/hr\/wp-json\/wp\/v2\/product_cat?post=3050"},{"taxonomy":"product_tag","embeddable":true,"href":"https:\/\/grski-zakladi.si\/hr\/wp-json\/wp\/v2\/product_tag?post=3050"}],"curies":[{"name":"wp","href":"https:\/\/api.w.org\/{rel}","templated":true}]}}