{"id":3038,"date":"2022-01-30T10:53:08","date_gmt":"2022-01-30T09:53:08","guid":{"rendered":"https:\/\/grski-zakladi.si\/izdelek\/krema-za-ruke-neven\/"},"modified":"2025-09-18T11:43:23","modified_gmt":"2025-09-18T09:43:23","slug":"krema-za-ruke-neven","status":"publish","type":"product","link":"https:\/\/grski-zakladi.si\/hr\/proizvod\/krema-za-ruke-neven\/","title":{"rendered":"Krema za ruke &#8211; Neven"},"content":{"rendered":"<p>Krema sadr\u017ei organsko maslinovo ulje, ekstrakte lista masline i nevena. Osim toga, oboga\u0107en je vitaminima A i E, pantenolom, shea maslacem i glicerinom. Hrani i omek\u0161ava \u010dak i suhe ruke. Vla\u017ei ko\u017eu, daje joj elasti\u010dnost i bar\u0161unasti osje\u0107aj meko\u0107e. Ne ostavlja mastan osje\u0107aj na ko\u017ei i odmah se upija.<\/p>\n<p><span style=\"font-size: 80%;\"><br \/>\n<em>SASTOJCI: aqua, glycerin, octyl palmitate, glyceryl stearate, peg-100 stearate, stearic acid, cyclopentasiloxane, cetyl alcohol, olea europaea fruit oil*, phenoxyethanol, ethylhexylglycerin, dimethicone, olea europaea leaf extract*, calendula officinalis flower extract, butyrospermum parkii, panthenol, biosaccharide gum-1, tocopheryl acetate, allantoin, retinyl palmitate, parfum, sodium hydroxide, ethylhexylglycerin, disodium edta, butyl hydroxy toluene, benzyl salicylate, geraniol, cironellol, hexylcinnamaldehyde, d-limonene, linalool.<\/em><br \/>\n<\/span><span style=\"font-size: 80%;\"><br \/>\n<em>* sastojci iz organske proizvodnje<\/em><br \/>\n<\/span><\/p>\n","protected":false},"excerpt":{"rendered":"<p>Hidratantna krema za ruke s nevenom za vrlo suhu ko\u017eu.<\/p>\n<p>Veli\u010dina: 200 ml<\/p>\n","protected":false},"featured_media":3039,"comment_status":"open","ping_status":"closed","template":"","meta":[],"product_brand":[],"product_cat":[94,93],"product_tag":[108],"class_list":{"0":"post-3038","1":"product","2":"type-product","3":"status-publish","4":"has-post-thumbnail","6":"product_cat-njega-ruku","7":"product_cat-tijelo","8":"product_tag-atenino-blago","10":"first","11":"instock","12":"shipping-taxable","13":"purchasable","14":"product-type-simple"},"_links":{"self":[{"href":"https:\/\/grski-zakladi.si\/hr\/wp-json\/wp\/v2\/product\/3038","targetHints":{"allow":["GET"]}}],"collection":[{"href":"https:\/\/grski-zakladi.si\/hr\/wp-json\/wp\/v2\/product"}],"about":[{"href":"https:\/\/grski-zakladi.si\/hr\/wp-json\/wp\/v2\/types\/product"}],"replies":[{"embeddable":true,"href":"https:\/\/grski-zakladi.si\/hr\/wp-json\/wp\/v2\/comments?post=3038"}],"wp:featuredmedia":[{"embeddable":true,"href":"https:\/\/grski-zakladi.si\/hr\/wp-json\/wp\/v2\/media\/3039"}],"wp:attachment":[{"href":"https:\/\/grski-zakladi.si\/hr\/wp-json\/wp\/v2\/media?parent=3038"}],"wp:term":[{"taxonomy":"product_brand","embeddable":true,"href":"https:\/\/grski-zakladi.si\/hr\/wp-json\/wp\/v2\/product_brand?post=3038"},{"taxonomy":"product_cat","embeddable":true,"href":"https:\/\/grski-zakladi.si\/hr\/wp-json\/wp\/v2\/product_cat?post=3038"},{"taxonomy":"product_tag","embeddable":true,"href":"https:\/\/grski-zakladi.si\/hr\/wp-json\/wp\/v2\/product_tag?post=3038"}],"curies":[{"name":"wp","href":"https:\/\/api.w.org\/{rel}","templated":true}]}}