{"id":2888,"date":"2022-01-30T17:53:04","date_gmt":"2022-01-30T16:53:04","guid":{"rendered":"https:\/\/grski-zakladi.si\/izdelek\/krema-za-ruke-s-mlijekom-od-oslica\/"},"modified":"2025-11-11T20:39:20","modified_gmt":"2025-11-11T19:39:20","slug":"krema-za-ruke-s-magarecim-mlijekom","status":"publish","type":"product","link":"https:\/\/grski-zakladi.si\/hr\/proizvod\/krema-za-ruke-s-magarecim-mlijekom\/","title":{"rendered":"Krema za ruke s magare\u0107im mlijekom"},"content":{"rendered":"<p>Mlijeko magaraca od davnina se smatra eliksirom za njegu i ljepotu ko\u017ee. Sadr\u017ei proteine \u200b\u200bi aminokiseline koji zadr\u017eavaju vlagu u ko\u017ei te ja\u010daju funkciju kolagena i elastina. Zajedno s organskim maslinovim uljem, fitosterolima, hidratantnom ureom i organskim bademovim uljem, \u0161titi i intenzivno njeguje suhu ko\u017eu, ostavljaju\u0107i va\u0161e ruke svilenkasto mekima. Nemasna formula. Odmah se upija.<\/p>\n<p><span style=\"font-size: 80%;\"><br \/>\n<em>SASTOJCI: aqua, octyl palmitate, cetearyl alcohol, donkey milk, glyceryl stearate polyglyceryl-6 palmitate\/succinate, glycerin, urea, caprylic\/capric triglyceride, isopropyl isostearate, stearic acid, potassium olivoyl hydrolyzed wheat protein glyceryl oleate phenoxyethanol ethylhexylglycerin, persea gratissima (avocado) oil phytosterols, prunus dulcis (almond) oil**, olea europaea (olive) fruit oil**, butyrospermum parkii (shea) butter, allantoin, tocopheryl acetate, sodium lactate, parfum, hectorite hydroxyethylcellulose, xanthan gum, lactic acid, disodium EDTA, BHT, benzyl salicylate, cinnamal.<\/em><br \/>\n<\/span><span style=\"font-size: 80%;\"><br \/>\n<em>** sastojci iz organske proizvodnje<\/em><br \/>\n<\/span><\/p>\n","protected":false},"excerpt":{"rendered":"<p>Hranjiva i hidratantna krema za ruke za suhu ko\u017eu sa 100% gr\u010dkim mlijekom magaraca kriogeno obra\u0111enim*, organskim maslinovim uljem, organskim bademovim uljem i fitosterolima.<\/p>\n<p>* Poseban tretman za o\u010duvanje jedinstvenih svojstava i karakteristika mlijeka.<\/p>\n<p>Veli\u010dina: 100 ml<\/p>\n","protected":false},"featured_media":2890,"comment_status":"open","ping_status":"closed","template":"","meta":[],"product_brand":[],"product_cat":[94,93],"product_tag":[90],"class_list":{"0":"post-2888","1":"product","2":"type-product","3":"status-publish","4":"has-post-thumbnail","6":"product_cat-njega-ruku","7":"product_cat-tijelo","8":"product_tag-blago-magareceg-mlijeka","10":"first","11":"instock","12":"shipping-taxable","13":"purchasable","14":"product-type-simple"},"_links":{"self":[{"href":"https:\/\/grski-zakladi.si\/hr\/wp-json\/wp\/v2\/product\/2888","targetHints":{"allow":["GET"]}}],"collection":[{"href":"https:\/\/grski-zakladi.si\/hr\/wp-json\/wp\/v2\/product"}],"about":[{"href":"https:\/\/grski-zakladi.si\/hr\/wp-json\/wp\/v2\/types\/product"}],"replies":[{"embeddable":true,"href":"https:\/\/grski-zakladi.si\/hr\/wp-json\/wp\/v2\/comments?post=2888"}],"wp:featuredmedia":[{"embeddable":true,"href":"https:\/\/grski-zakladi.si\/hr\/wp-json\/wp\/v2\/media\/2890"}],"wp:attachment":[{"href":"https:\/\/grski-zakladi.si\/hr\/wp-json\/wp\/v2\/media?parent=2888"}],"wp:term":[{"taxonomy":"product_brand","embeddable":true,"href":"https:\/\/grski-zakladi.si\/hr\/wp-json\/wp\/v2\/product_brand?post=2888"},{"taxonomy":"product_cat","embeddable":true,"href":"https:\/\/grski-zakladi.si\/hr\/wp-json\/wp\/v2\/product_cat?post=2888"},{"taxonomy":"product_tag","embeddable":true,"href":"https:\/\/grski-zakladi.si\/hr\/wp-json\/wp\/v2\/product_tag?post=2888"}],"curies":[{"name":"wp","href":"https:\/\/api.w.org\/{rel}","templated":true}]}}