{"id":2874,"date":"2022-01-30T17:37:09","date_gmt":"2022-01-30T16:37:09","guid":{"rendered":"https:\/\/grski-zakladi.si\/izdelek\/prirodni-sapun-lavanda\/"},"modified":"2024-07-29T09:39:35","modified_gmt":"2024-07-29T09:39:35","slug":"prirodni-sapun-lavanda","status":"publish","type":"product","link":"https:\/\/grski-zakladi.si\/hr\/proizvod\/prirodni-sapun-lavanda\/","title":{"rendered":"Prirodni sapun &#8211; Lavanda"},"content":{"rendered":"<p>Prirodni tvrdi sapun s mirisom lavande pogodan je za cijelo tijelo i lice. \u010cisti, vla\u017ei i ostavlja va\u0161u ko\u017eu glatkom i mekom.  <span style=\"font-size: 80%;\"><br \/>\n<em>SASTOJCI: sodium olivate, aqua, sodium chroride, parfum, linalool, geraniol, coumarin, citric acid.<\/em><\/span><\/p>\n","protected":false},"excerpt":{"rendered":"<p>Prirodni tvrdi sapun s ekstraktom organskog maslinovog ulja i lavande.<\/p>\n","protected":false},"featured_media":2880,"comment_status":"open","ping_status":"closed","template":"","meta":[],"product_brand":[],"product_cat":[106,107],"product_tag":[108],"class_list":{"0":"post-2874","1":"product","2":"type-product","3":"status-publish","4":"has-post-thumbnail","6":"product_cat-ostalo-hr","7":"product_cat-tvrdi-sapuni","8":"product_tag-atenino-blago","10":"first","11":"instock","12":"shipping-taxable","13":"purchasable","14":"product-type-simple"},"_links":{"self":[{"href":"https:\/\/grski-zakladi.si\/hr\/wp-json\/wp\/v2\/product\/2874","targetHints":{"allow":["GET"]}}],"collection":[{"href":"https:\/\/grski-zakladi.si\/hr\/wp-json\/wp\/v2\/product"}],"about":[{"href":"https:\/\/grski-zakladi.si\/hr\/wp-json\/wp\/v2\/types\/product"}],"replies":[{"embeddable":true,"href":"https:\/\/grski-zakladi.si\/hr\/wp-json\/wp\/v2\/comments?post=2874"}],"wp:featuredmedia":[{"embeddable":true,"href":"https:\/\/grski-zakladi.si\/hr\/wp-json\/wp\/v2\/media\/2880"}],"wp:attachment":[{"href":"https:\/\/grski-zakladi.si\/hr\/wp-json\/wp\/v2\/media?parent=2874"}],"wp:term":[{"taxonomy":"product_brand","embeddable":true,"href":"https:\/\/grski-zakladi.si\/hr\/wp-json\/wp\/v2\/product_brand?post=2874"},{"taxonomy":"product_cat","embeddable":true,"href":"https:\/\/grski-zakladi.si\/hr\/wp-json\/wp\/v2\/product_cat?post=2874"},{"taxonomy":"product_tag","embeddable":true,"href":"https:\/\/grski-zakladi.si\/hr\/wp-json\/wp\/v2\/product_tag?post=2874"}],"curies":[{"name":"wp","href":"https:\/\/api.w.org\/{rel}","templated":true}]}}