{"id":2855,"date":"2024-01-04T12:26:29","date_gmt":"2024-01-04T11:26:29","guid":{"rendered":"https:\/\/grski-zakladi.si\/izdelek\/gel-za-ciscenje-lica-s-aloe-verom-i-uljem-cajevca\/"},"modified":"2024-09-28T17:39:17","modified_gmt":"2024-09-28T17:39:17","slug":"gel-za-ciscenje-lica-s-aloe-verom-i-uljem-cajevca","status":"publish","type":"product","link":"https:\/\/grski-zakladi.si\/hr\/proizvod\/gel-za-ciscenje-lica-s-aloe-verom-i-uljem-cajevca\/","title":{"rendered":"Gel za \u010di\u0161\u0107enje lica s aloe verom i uljem \u010dajevca"},"content":{"rendered":"<p>Gel sadr\u017ei blage sastojke za \u010di\u0161\u0107enje pa nje\u017eno uklanja ne\u010disto\u0107e s lica i ostatke \u0161minke. Ne isu\u0161uje ko\u017eu. Zbog sadr\u017eaja ulja \u010dajevca koje djeluje protuupalno, gel za umivanje idealan je za masnu ko\u017eu sklonu pri\u0161ti\u0107ima. Uklanja masno\u0107u i umiruje nadra\u017eenu ko\u017eu. Bogata je vitaminima A i E te pantenolom. <\/p>\n<p>UPOTREBA: Manju koli\u010dinu nje\u017eno umasirati u ko\u017eu lica i vrata. Dobro isprati. Normalna do masna ko\u017ea: koristiti dva puta dnevno; suha ko\u017ea: koristiti jednom dnevno.        <\/p>\n<p><span style=\"font-size: 80%;\"><br \/>\n<em>SASTOJCI: aqua, aloe barbadensis gel*, cocamidopropyl betaine, sodium lauroyl sarcosinate, peg-120 mehyl glucose dioleate, sodium cocoyl glucine, olive oil pca, sodium laureth sulfate, glycerin, benzyl alcohol, dehydroacetic acid, urea, glycyrrhetinic acid, panthenol, melaleuca alternifolia oil, parfum, benzophenone-4, polysorbate-20, retinyl palmitate, tocopheryl acetate, linoleic acid, biotin, disodium edta, lactic acid may contains: c.i. 47007, c.i. 42051, c.i. 45190.<\/em><br \/>\n<\/span><span style=\"font-size: 80%;\"><br \/>\n<em>* sastojci iz organske proizvodnje<\/em><br \/>\n<\/span><\/p>\n","protected":false},"excerpt":{"rendered":"<p>Nje\u017eni gel za \u010di\u0161\u0107enje lica s organskom aloe verom i uljem \u010dajevca. <\/p>\n<p>Veli\u010dina: 250 ml <\/p>\n","protected":false},"featured_media":2859,"comment_status":"open","ping_status":"closed","template":"","meta":[],"product_brand":[],"product_cat":[92],"product_tag":[95],"class_list":{"0":"post-2855","1":"product","2":"type-product","3":"status-publish","4":"has-post-thumbnail","6":"product_cat-lice","7":"product_tag-aloe-treasures-hr","9":"first","10":"instock","11":"shipping-taxable","12":"purchasable","13":"product-type-simple"},"_links":{"self":[{"href":"https:\/\/grski-zakladi.si\/hr\/wp-json\/wp\/v2\/product\/2855","targetHints":{"allow":["GET"]}}],"collection":[{"href":"https:\/\/grski-zakladi.si\/hr\/wp-json\/wp\/v2\/product"}],"about":[{"href":"https:\/\/grski-zakladi.si\/hr\/wp-json\/wp\/v2\/types\/product"}],"replies":[{"embeddable":true,"href":"https:\/\/grski-zakladi.si\/hr\/wp-json\/wp\/v2\/comments?post=2855"}],"wp:featuredmedia":[{"embeddable":true,"href":"https:\/\/grski-zakladi.si\/hr\/wp-json\/wp\/v2\/media\/2859"}],"wp:attachment":[{"href":"https:\/\/grski-zakladi.si\/hr\/wp-json\/wp\/v2\/media?parent=2855"}],"wp:term":[{"taxonomy":"product_brand","embeddable":true,"href":"https:\/\/grski-zakladi.si\/hr\/wp-json\/wp\/v2\/product_brand?post=2855"},{"taxonomy":"product_cat","embeddable":true,"href":"https:\/\/grski-zakladi.si\/hr\/wp-json\/wp\/v2\/product_cat?post=2855"},{"taxonomy":"product_tag","embeddable":true,"href":"https:\/\/grski-zakladi.si\/hr\/wp-json\/wp\/v2\/product_tag?post=2855"}],"curies":[{"name":"wp","href":"https:\/\/api.w.org\/{rel}","templated":true}]}}