{"id":2851,"date":"2024-01-04T12:21:24","date_gmt":"2024-01-04T11:21:24","guid":{"rendered":"https:\/\/grski-zakladi.si\/izdelek\/gel-za-tusiranje-ulje-cajevca\/"},"modified":"2025-02-03T16:35:53","modified_gmt":"2025-02-03T16:35:53","slug":"gel-za-tusiranje-ulje-cajevca","status":"publish","type":"product","link":"https:\/\/grski-zakladi.si\/hr\/proizvod\/gel-za-tusiranje-ulje-cajevca\/","title":{"rendered":"Gel za tu\u0161iranje &#8211; ulje \u010dajevca"},"content":{"rendered":"<p>Gel za tu\u0161iranje je bogat vitaminima A, E, F i H. Nje\u017eno \u010disti ko\u017eu bez isu\u0161ivanja. Sadr\u017ei aloe veru koja intenzivno vla\u017ei ko\u017eu, a ulje \u010dajevca blagotvorno djeluje na ko\u017eu sklonu aknama, masnu i nadra\u017eenu ko\u017eu. Va\u0161a \u0107e ko\u017ea nakon tu\u0161iranja biti meka, glatka i svje\u017ea. Gel je pogodan za sve tipove ko\u017ee.<\/p>\n<p><span style=\"font-size: 80%;\"><br \/>\n<em>SASTOJCI: aqua, sodium laureth sulfate, aloe barbadensis gel*, cocamidopropyl betaine, acrylates copolymer, PEG-4 rapeseedamide, amodimethicone, trideceth-12, glycerin, cetrimonium chloride, polysorbate 20, retinyl palmitate, tocopherol acetate, linolenic acid, melaleuca alternifolia oil, parfum, triethanolamine, sodium chloride, polyquaternium-39, citric acid, benzyl alcohol, methylisothiasolinone, chloromethylisothiasolinone, disodium EDTA, benzophenone-4, amyl cinnamal, hexylcinnamaldehyde, alpha-isomethyl ionone may contains: c.i. 47007, c.i. 42051, c.i. 45190.<\/em><br \/>\n<\/span><span style=\"font-size: 80%;\"><br \/>\n<em>* sastojci iz organske proizvodnje<\/em><br \/>\n<\/span><\/p>\n","protected":false},"excerpt":{"rendered":"<p>Nje\u017eni gel za tu\u0161iranje s organskom aloe verom i uljem \u010dajevca.<\/p>\n<p>Veli\u010dina: 250 ml<\/p>\n","protected":false},"featured_media":2852,"comment_status":"open","ping_status":"closed","template":"","meta":[],"product_brand":[],"product_cat":[100,93],"product_tag":[95],"class_list":{"0":"post-2851","1":"product","2":"type-product","3":"status-publish","4":"has-post-thumbnail","6":"product_cat-njega-tijela","7":"product_cat-tijelo","8":"product_tag-aloe-treasures-hr","10":"first","11":"instock","12":"shipping-taxable","13":"purchasable","14":"product-type-simple"},"_links":{"self":[{"href":"https:\/\/grski-zakladi.si\/hr\/wp-json\/wp\/v2\/product\/2851","targetHints":{"allow":["GET"]}}],"collection":[{"href":"https:\/\/grski-zakladi.si\/hr\/wp-json\/wp\/v2\/product"}],"about":[{"href":"https:\/\/grski-zakladi.si\/hr\/wp-json\/wp\/v2\/types\/product"}],"replies":[{"embeddable":true,"href":"https:\/\/grski-zakladi.si\/hr\/wp-json\/wp\/v2\/comments?post=2851"}],"wp:featuredmedia":[{"embeddable":true,"href":"https:\/\/grski-zakladi.si\/hr\/wp-json\/wp\/v2\/media\/2852"}],"wp:attachment":[{"href":"https:\/\/grski-zakladi.si\/hr\/wp-json\/wp\/v2\/media?parent=2851"}],"wp:term":[{"taxonomy":"product_brand","embeddable":true,"href":"https:\/\/grski-zakladi.si\/hr\/wp-json\/wp\/v2\/product_brand?post=2851"},{"taxonomy":"product_cat","embeddable":true,"href":"https:\/\/grski-zakladi.si\/hr\/wp-json\/wp\/v2\/product_cat?post=2851"},{"taxonomy":"product_tag","embeddable":true,"href":"https:\/\/grski-zakladi.si\/hr\/wp-json\/wp\/v2\/product_tag?post=2851"}],"curies":[{"name":"wp","href":"https:\/\/api.w.org\/{rel}","templated":true}]}}