{"id":2849,"date":"2023-06-29T06:59:42","date_gmt":"2023-06-29T04:59:42","guid":{"rendered":"https:\/\/grski-zakladi.si\/izdelek\/maslac-za-tijelo-kokos\/"},"modified":"2025-01-28T16:40:36","modified_gmt":"2025-01-28T16:40:36","slug":"maslac-za-tijelo-kokos","status":"publish","type":"product","link":"https:\/\/grski-zakladi.si\/hr\/proizvod\/maslac-za-tijelo-kokos\/","title":{"rendered":"Maslac za tijelo &#8211; Kokos"},"content":{"rendered":"<p>Hranjivi maslac idealan je za njegu suhe i osjetljive ko\u017ee. Oboga\u0107en je vitaminima A i E, pantenolom, shea maslacem, hidratantnim i anti-age sastojcima. \u0160titi, hrani i umiruje ko\u017eu te je intenzivno vla\u017ei. Ko\u017ea \u0107e ponovno biti elasti\u010dna i bar\u0161unasto meka. Brzo se upija i ne ostavlja osje\u0107aj masno\u0107e. Ima nje\u017ean miris kokosa koji \u0107e vas podsjetiti na ljetne dane.<\/p>\n<p><span style=\"font-size: 80%;\"><em>SASTOJCI: aqua, aloe barbadensis leaf juice*,octyl palmitate, cetyl alcohol, stearic acid, glycerin, glyceryl stearate, PEG-100 stearate, phenoxyethanol, ethylhexylglycerin, parfum, cocos nucifera (coconut) fruit extract, cyclopentasiloxane, butyrospermum parkii (shea) butter, dimethicone, panthenol, biosaccharide gum-1, allantoin, tocopheryl acetate, retinyl palmitate, sodium hydroxide, disodium EDTA, BHT, coumarin<\/em><\/span> <span style=\"font-size: 80%;\"><em>* sastojci iz organske proizvodnje<\/em><\/span><\/p>\n","protected":false},"excerpt":{"rendered":"<p>Hidratantni maslac za tijelo s organskom aloe verom i kokosovim uljem.<\/p>\n<p>Veli\u010dina: 200 ml<\/p>\n","protected":false},"featured_media":2850,"comment_status":"open","ping_status":"closed","template":"","meta":[],"product_brand":[],"product_cat":[100,93],"product_tag":[95],"class_list":{"0":"post-2849","1":"product","2":"type-product","3":"status-publish","4":"has-post-thumbnail","6":"product_cat-njega-tijela","7":"product_cat-tijelo","8":"product_tag-aloe-treasures-hr","10":"first","11":"instock","12":"shipping-taxable","13":"purchasable","14":"product-type-simple"},"_links":{"self":[{"href":"https:\/\/grski-zakladi.si\/hr\/wp-json\/wp\/v2\/product\/2849","targetHints":{"allow":["GET"]}}],"collection":[{"href":"https:\/\/grski-zakladi.si\/hr\/wp-json\/wp\/v2\/product"}],"about":[{"href":"https:\/\/grski-zakladi.si\/hr\/wp-json\/wp\/v2\/types\/product"}],"replies":[{"embeddable":true,"href":"https:\/\/grski-zakladi.si\/hr\/wp-json\/wp\/v2\/comments?post=2849"}],"wp:featuredmedia":[{"embeddable":true,"href":"https:\/\/grski-zakladi.si\/hr\/wp-json\/wp\/v2\/media\/2850"}],"wp:attachment":[{"href":"https:\/\/grski-zakladi.si\/hr\/wp-json\/wp\/v2\/media?parent=2849"}],"wp:term":[{"taxonomy":"product_brand","embeddable":true,"href":"https:\/\/grski-zakladi.si\/hr\/wp-json\/wp\/v2\/product_brand?post=2849"},{"taxonomy":"product_cat","embeddable":true,"href":"https:\/\/grski-zakladi.si\/hr\/wp-json\/wp\/v2\/product_cat?post=2849"},{"taxonomy":"product_tag","embeddable":true,"href":"https:\/\/grski-zakladi.si\/hr\/wp-json\/wp\/v2\/product_tag?post=2849"}],"curies":[{"name":"wp","href":"https:\/\/api.w.org\/{rel}","templated":true}]}}