{"id":2840,"date":"2022-09-08T23:03:03","date_gmt":"2022-09-08T21:03:03","guid":{"rendered":"https:\/\/grski-zakladi.si\/izdelek\/losion-za-tijelo-kokos\/"},"modified":"2026-01-19T12:09:02","modified_gmt":"2026-01-19T11:09:02","slug":"losion-za-tijelo-kokos","status":"publish","type":"product","link":"https:\/\/grski-zakladi.si\/hr\/proizvod\/losion-za-tijelo-kokos\/","title":{"rendered":"Losion za tijelo &#8211; Kokos"},"content":{"rendered":"<p>Losion s vitaminima A i E, pantenolom, shea maslacem, hidratantnim i anti-age sastojcima, \u0161titi, hrani i umiruje ko\u017eu. Ko\u017ea \u0107e biti hidratizirana, elasti\u010dna i ugodno meka. Miris kokosa do\u010darat \u0107e vam sje\u0107anja na more, duge pje\u0161\u010dane pla\u017ee, palme, sunce&#8230;<\/p>\n<p><span style=\"font-size: 80%;\"><br \/>\n<em>SASTOJCI: aqua, aloe barbadensis leaf juice powder*, octyl palmitate, glycerin, glyceryl stearate, PEG-100 stearate, cyclopentasiloxane, cocos nucifera (coconut) oil*, cetyl alcohol, phenoxyethanol, ethylhexylglycerin, panthenol, allantoin, biosaccharide gum-1, tocopheryl acetate, butyrospermum parkii (shea) butter, retinyl palmitate, sodium polyacrylate, hydrogenated polydecene, trideceth-6, dimethicone, sodium hydroxide, carbomer, disodium EDTA, \u0392\u0397\u03a4, coumarin. <\/em><\/span><span style=\"font-size: 80%;\"><br \/>\n<em>* sastojci iz organske proizvodnje<\/em><br \/>\n<\/span><\/p>\n","protected":false},"excerpt":{"rendered":"<p>Osvje\u017eavaju\u0107i losion za tijelo s organskom aloe verom i organskim kokosovim uljem.<\/p>\n<p>Veli\u010dina: 250 ml<\/p>\n","protected":false},"featured_media":2842,"comment_status":"open","ping_status":"closed","template":"","meta":[],"product_brand":[],"product_cat":[100,93],"product_tag":[95],"class_list":{"0":"post-2840","1":"product","2":"type-product","3":"status-publish","4":"has-post-thumbnail","6":"product_cat-njega-tijela","7":"product_cat-tijelo","8":"product_tag-aloe-treasures-hr","10":"first","11":"instock","12":"shipping-taxable","13":"purchasable","14":"product-type-simple"},"_links":{"self":[{"href":"https:\/\/grski-zakladi.si\/hr\/wp-json\/wp\/v2\/product\/2840","targetHints":{"allow":["GET"]}}],"collection":[{"href":"https:\/\/grski-zakladi.si\/hr\/wp-json\/wp\/v2\/product"}],"about":[{"href":"https:\/\/grski-zakladi.si\/hr\/wp-json\/wp\/v2\/types\/product"}],"replies":[{"embeddable":true,"href":"https:\/\/grski-zakladi.si\/hr\/wp-json\/wp\/v2\/comments?post=2840"}],"wp:featuredmedia":[{"embeddable":true,"href":"https:\/\/grski-zakladi.si\/hr\/wp-json\/wp\/v2\/media\/2842"}],"wp:attachment":[{"href":"https:\/\/grski-zakladi.si\/hr\/wp-json\/wp\/v2\/media?parent=2840"}],"wp:term":[{"taxonomy":"product_brand","embeddable":true,"href":"https:\/\/grski-zakladi.si\/hr\/wp-json\/wp\/v2\/product_brand?post=2840"},{"taxonomy":"product_cat","embeddable":true,"href":"https:\/\/grski-zakladi.si\/hr\/wp-json\/wp\/v2\/product_cat?post=2840"},{"taxonomy":"product_tag","embeddable":true,"href":"https:\/\/grski-zakladi.si\/hr\/wp-json\/wp\/v2\/product_tag?post=2840"}],"curies":[{"name":"wp","href":"https:\/\/api.w.org\/{rel}","templated":true}]}}