{"id":2836,"date":"2023-06-29T07:24:29","date_gmt":"2023-06-29T05:24:29","guid":{"rendered":"https:\/\/grski-zakladi.si\/izdelek\/krema-za-ruke-aloe-vera\/"},"modified":"2025-02-03T16:37:49","modified_gmt":"2025-02-03T16:37:49","slug":"krema-za-ruke-aloe-vera","status":"publish","type":"product","link":"https:\/\/grski-zakladi.si\/hr\/proizvod\/krema-za-ruke-aloe-vera\/","title":{"rendered":"Krema za ruke &#8211; Aloe vera"},"content":{"rendered":"<p>Intenzivno vla\u017ei i hrani suhu ko\u017eu na rukama. Osim aloe vere sadr\u017ei i maslinovo ulje, pantenol i shea maslac. Ruke \u0107e biti svje\u017ee, njegovane i svilenkasto meke. Brzo se upija u ko\u017eu.<\/p>\n<p><span style=\"font-size: 80%;\"><br \/>\n<em>SASTOJCI: aqua, aloe barbadensis leaf juice*, glycerin, octyl palmitate, glyceryl stearate, PEG-100 stearate, stearic acid, cetyl alcohol, cetearyl alcohol, dicetyl phosphate, ceteth-10 phosphate, phenoxyethanol, ethylhexylglycerin, cyclopentasiloxane, dimethicone, olea europaea (olive) fruit oil*, butyrospermum parkii (shea) butter, panthenol, biosaccharide gum-1, allantoin, tocopheryl acetate, retinyl palmitate, parfum, sodium hydroxide, xanthan gum, disodium EDTA, BHT, amyl cinnamal, hexylcinnamal, linalool. <\/em><\/span><span style=\"font-size: 80%;\"><br \/>\n<em>* sastojci iz organske proizvodnje<\/em><br \/>\n<\/span><\/p>\n","protected":false},"excerpt":{"rendered":"<p>Hidratantna krema za ruke s organskim ekstraktom aloe vere i organskim maslinovim uljem.<\/p>\n<p>Veli\u010dina: 120 ml<\/p>\n","protected":false},"featured_media":2837,"comment_status":"open","ping_status":"closed","template":"","meta":[],"product_brand":[],"product_cat":[94,93],"product_tag":[95],"class_list":{"0":"post-2836","1":"product","2":"type-product","3":"status-publish","4":"has-post-thumbnail","6":"product_cat-njega-ruku","7":"product_cat-tijelo","8":"product_tag-aloe-treasures-hr","10":"first","11":"instock","12":"shipping-taxable","13":"purchasable","14":"product-type-simple"},"_links":{"self":[{"href":"https:\/\/grski-zakladi.si\/hr\/wp-json\/wp\/v2\/product\/2836","targetHints":{"allow":["GET"]}}],"collection":[{"href":"https:\/\/grski-zakladi.si\/hr\/wp-json\/wp\/v2\/product"}],"about":[{"href":"https:\/\/grski-zakladi.si\/hr\/wp-json\/wp\/v2\/types\/product"}],"replies":[{"embeddable":true,"href":"https:\/\/grski-zakladi.si\/hr\/wp-json\/wp\/v2\/comments?post=2836"}],"wp:featuredmedia":[{"embeddable":true,"href":"https:\/\/grski-zakladi.si\/hr\/wp-json\/wp\/v2\/media\/2837"}],"wp:attachment":[{"href":"https:\/\/grski-zakladi.si\/hr\/wp-json\/wp\/v2\/media?parent=2836"}],"wp:term":[{"taxonomy":"product_brand","embeddable":true,"href":"https:\/\/grski-zakladi.si\/hr\/wp-json\/wp\/v2\/product_brand?post=2836"},{"taxonomy":"product_cat","embeddable":true,"href":"https:\/\/grski-zakladi.si\/hr\/wp-json\/wp\/v2\/product_cat?post=2836"},{"taxonomy":"product_tag","embeddable":true,"href":"https:\/\/grski-zakladi.si\/hr\/wp-json\/wp\/v2\/product_tag?post=2836"}],"curies":[{"name":"wp","href":"https:\/\/api.w.org\/{rel}","templated":true}]}}