{"id":2833,"date":"2022-09-08T22:35:46","date_gmt":"2022-09-08T20:35:46","guid":{"rendered":"https:\/\/grski-zakladi.si\/izdelek\/krema-za-lice-morski-kolagen\/"},"modified":"2026-01-19T12:08:48","modified_gmt":"2026-01-19T11:08:48","slug":"krema-za-lice-morski-kolagen","status":"publish","type":"product","link":"https:\/\/grski-zakladi.si\/hr\/proizvod\/krema-za-lice-morski-kolagen\/","title":{"rendered":"Krema za lice Morski kolagen"},"content":{"rendered":"<p>Krema sadr\u017ei ceramide, stabilizirani vitamin C, hidratantne i antioksidativne sastojke koji sprje\u010davaju rane znakove starenja i crne mrlje na ko\u017ei. Vla\u017ei i regenerira ko\u017eu stabiliziraju\u0107i mehanizme obnavljanja stanica, pru\u017eaju\u0107i joj mladena\u010dku elasti\u010dnost i sjaj. Lagana, nemasna formula s neutralnim pH. <\/p>\n<p>UPOTREBA: Ujutro ili nave\u010der nanijeti na \u010distu ko\u017eu lica i nje\u017enim pokretima umasirati dok se ne upije.  <\/p>\n<p><span style=\"font-size: 80%;\"><br \/>\n<em>SASTOJCI: aqua, isopropyl isostearate, donkey milk, cetearyl alcohol  dicetyl phosphate  ceteth-10 phosphate, cetyl alcohol  potassium cetyl phosphate  cetyl stearate  stearic acid, isostearyl, isostearate, cetyl esters, propanediol, benzyl alcohol  dehydroacetic acid, soluble collagen, olea europaea (olive) fruit oil*, C12-15 alkyl benzoate  tribehenin  ceramide NG  PEG-100 phytosterol  palmitoyl hexapeptide-12  lactic acid, tocopheryl acetate, ascorbyl glucoside, allantoin, arbutin, ethylhexyl methoxycinnamate  butyl methoxydibenzoylmethane  ethylhexyl salicylate, steareth-10, steareth-2, xanthan gum, parfum, sodium hydroxide, disodium EDTA, BHT, benzyl salicylate.<\/em><br \/>\n<\/span><span style=\"font-size: 80%;\"><br \/>\n<em>* sastojci iz organske proizvodnje<\/em><br \/>\n<\/span><\/p>\n","protected":false},"excerpt":{"rendered":"<p>Anti-aging obnavljaju\u0107a krema za lice sa 100% gr\u010dkim mlijekom magaraca, morskim kolagenom, biolo\u0161ki aktivnim peptidima i organskim maslinovim uljem.<\/p>\n<p>Veli\u010dina: 50 ml <\/p>\n","protected":false},"featured_media":2834,"comment_status":"open","ping_status":"closed","template":"","meta":[],"product_brand":[],"product_cat":[92],"product_tag":[90],"class_list":{"0":"post-2833","1":"product","2":"type-product","3":"status-publish","4":"has-post-thumbnail","6":"product_cat-lice","7":"product_tag-blago-magareceg-mlijeka","9":"first","10":"instock","11":"shipping-taxable","12":"purchasable","13":"product-type-simple"},"_links":{"self":[{"href":"https:\/\/grski-zakladi.si\/hr\/wp-json\/wp\/v2\/product\/2833","targetHints":{"allow":["GET"]}}],"collection":[{"href":"https:\/\/grski-zakladi.si\/hr\/wp-json\/wp\/v2\/product"}],"about":[{"href":"https:\/\/grski-zakladi.si\/hr\/wp-json\/wp\/v2\/types\/product"}],"replies":[{"embeddable":true,"href":"https:\/\/grski-zakladi.si\/hr\/wp-json\/wp\/v2\/comments?post=2833"}],"wp:featuredmedia":[{"embeddable":true,"href":"https:\/\/grski-zakladi.si\/hr\/wp-json\/wp\/v2\/media\/2834"}],"wp:attachment":[{"href":"https:\/\/grski-zakladi.si\/hr\/wp-json\/wp\/v2\/media?parent=2833"}],"wp:term":[{"taxonomy":"product_brand","embeddable":true,"href":"https:\/\/grski-zakladi.si\/hr\/wp-json\/wp\/v2\/product_brand?post=2833"},{"taxonomy":"product_cat","embeddable":true,"href":"https:\/\/grski-zakladi.si\/hr\/wp-json\/wp\/v2\/product_cat?post=2833"},{"taxonomy":"product_tag","embeddable":true,"href":"https:\/\/grski-zakladi.si\/hr\/wp-json\/wp\/v2\/product_tag?post=2833"}],"curies":[{"name":"wp","href":"https:\/\/api.w.org\/{rel}","templated":true}]}}