{"id":2985,"date":"2022-01-28T19:33:22","date_gmt":"2022-01-28T19:33:22","guid":{"rendered":"https:\/\/grski-zakladi.si\/njega-tijela\/"},"modified":"2024-07-28T17:48:30","modified_gmt":"2024-07-28T17:48:30","slug":"njega-tijela","status":"publish","type":"page","link":"https:\/\/grski-zakladi.si\/hr\/njega-tijela\/","title":{"rendered":"Njega tijela"},"content":{"rendered":"<div data-block-name=\"woocommerce\/product-category\" data-categories=\"[100]\" class=\"wc-block-grid wp-block-product-category wp-block-woocommerce-product-category wc-block-product-category has-3-columns has-multiple-rows\"><ul class=\"wc-block-grid__products\"><li class=\"wc-block-grid__product product-grid \">\n\t\t\t\t<div class=\"loop-image-wrap botiga-add-to-cart-button-layout2\">\n\t\t\t\t\t<a href=\"https:\/\/grski-zakladi.si\/hr\/proizvod\/gel-za-poslije-suncanja-s-aloe-verom-250-ml\/\" class=\"wc-block-grid__product-link\">\n\t\t\t\t\t\t<div class=\"wc-block-grid__product-image\"><img loading=\"lazy\" decoding=\"async\" width=\"420\" height=\"504\" src=\"https:\/\/grski-zakladi.si\/wp-content\/uploads\/2025\/05\/After-sun-aloe-550x660-1-420x504.jpg\" class=\"attachment-woocommerce_thumbnail size-woocommerce_thumbnail\" alt=\"Gel za poslije sun\u010danja s aloe verom (250 ml)\" srcset=\"https:\/\/grski-zakladi.si\/wp-content\/uploads\/2025\/05\/After-sun-aloe-550x660-1-420x504.jpg 420w, https:\/\/grski-zakladi.si\/wp-content\/uploads\/2025\/05\/After-sun-aloe-550x660-1-250x300.jpg 250w, https:\/\/grski-zakladi.si\/wp-content\/uploads\/2025\/05\/After-sun-aloe-550x660-1-380x456.jpg 380w, https:\/\/grski-zakladi.si\/wp-content\/uploads\/2025\/05\/After-sun-aloe-550x660-1.jpg 550w\" sizes=\"auto, (max-width: 420px) 100vw, 420px\" \/><\/div>\n\t\t\t\t\t<\/a><\/div><a href=\"https:\/\/grski-zakladi.si\/hr\/proizvod\/gel-za-poslije-suncanja-s-aloe-verom-250-ml\/\" class=\"wc-block-grid__product-link\">\n\t\t\t\t\t<div class=\"wc-block-grid__product-title\">Gel za poslije sun\u010danja s aloe verom (250 ml)<\/div>\n\t\t\t\t<\/a><div class=\"wc-block-grid__product-rating\"><div class=\"star-rating\" role=\"img\" aria-label=\"Ocijenjeno 5.00 od 5\"><span style=\"width:100%\">Korisni\u010dka ocjena: <strong class=\"rating\">5.00<\/strong> od ukupno 5 (<span class=\"rating\">1<\/span> korisnika)<\/span><\/div><\/div><div class=\"wc-block-grid__product-price price\"><span class=\"woocommerce-Price-amount amount\">19,90&nbsp;<span class=\"woocommerce-Price-currencySymbol\">&euro;<\/span><\/span><\/div><div class=\"loop-button-wrap button-layout2\"><div class=\"wp-block-button wc-block-grid__product-add-to-cart\"><a href=\"\/hr\/wp-json\/wp\/v2\/pages\/2985?add-to-cart=4278\" aria-label=\"Dodaj u ko\u0161aricu: &ldquo;Gel za poslije sun\u010danja s aloe verom (250 ml)&rdquo;\" data-quantity=\"1\" data-product_id=\"4278\" data-product_sku=\"\" rel=\"nofollow\" class=\"wp-block-button__link add_to_cart_button ajax_add_to_cart\">Dodaj u ko\u0161aricu<\/a><\/div><\/div><\/li><li class=\"wc-block-grid__product product-grid \">\n\t\t\t\t<div class=\"loop-image-wrap botiga-add-to-cart-button-layout2\">\n\t\t\t\t\t<a href=\"https:\/\/grski-zakladi.si\/hr\/proizvod\/krema-za-suncanje-mrkva-spf-50-200-ml\/\" class=\"wc-block-grid__product-link\">\n\t\t\t\t\t\t<div class=\"wc-block-grid__product-image\"><img loading=\"lazy\" decoding=\"async\" width=\"420\" height=\"504\" src=\"https:\/\/grski-zakladi.si\/wp-content\/uploads\/2025\/05\/Krema-za-soncenje-korenje-550x660-1-420x504.jpg\" class=\"attachment-woocommerce_thumbnail size-woocommerce_thumbnail\" alt=\"Krema za sun\u010danje - Mrkva, SPF 50+ (200 ml)\" srcset=\"https:\/\/grski-zakladi.si\/wp-content\/uploads\/2025\/05\/Krema-za-soncenje-korenje-550x660-1-420x504.jpg 420w, https:\/\/grski-zakladi.si\/wp-content\/uploads\/2025\/05\/Krema-za-soncenje-korenje-550x660-1-250x300.jpg 250w, https:\/\/grski-zakladi.si\/wp-content\/uploads\/2025\/05\/Krema-za-soncenje-korenje-550x660-1-380x456.jpg 380w, https:\/\/grski-zakladi.si\/wp-content\/uploads\/2025\/05\/Krema-za-soncenje-korenje-550x660-1.jpg 550w\" sizes=\"auto, (max-width: 420px) 100vw, 420px\" \/><\/div>\n\t\t\t\t\t<\/a><\/div><a href=\"https:\/\/grski-zakladi.si\/hr\/proizvod\/krema-za-suncanje-mrkva-spf-50-200-ml\/\" class=\"wc-block-grid__product-link\">\n\t\t\t\t\t<div class=\"wc-block-grid__product-title\">Krema za sun\u010danje &#8211; Mrkva, SPF 50+ (200 ml)<\/div>\n\t\t\t\t<\/a><div class=\"wc-block-grid__product-price price\"><span class=\"woocommerce-Price-amount amount\">21,90&nbsp;<span class=\"woocommerce-Price-currencySymbol\">&euro;<\/span><\/span><\/div><div class=\"loop-button-wrap button-layout2\"><div class=\"wp-block-button wc-block-grid__product-add-to-cart\"><a href=\"\/hr\/wp-json\/wp\/v2\/pages\/2985?add-to-cart=4289\" aria-label=\"Dodaj u ko\u0161aricu: &ldquo;Krema za sun\u010danje - Mrkva, SPF 50+ (200 ml)&rdquo;\" data-quantity=\"1\" data-product_id=\"4289\" data-product_sku=\"\" rel=\"nofollow\" class=\"wp-block-button__link add_to_cart_button ajax_add_to_cart\">Dodaj u ko\u0161aricu<\/a><\/div><\/div><\/li><li class=\"wc-block-grid__product product-grid \">\n\t\t\t\t<div class=\"loop-image-wrap botiga-add-to-cart-button-layout2\">\n\t\t\t\t\t<a href=\"https:\/\/grski-zakladi.si\/hr\/proizvod\/krema-za-suncanje-kokos-spf-25-200-ml\/\" class=\"wc-block-grid__product-link\">\n\t\t\t\t\t\t<div class=\"wc-block-grid__product-image\"><img loading=\"lazy\" decoding=\"async\" width=\"420\" height=\"504\" src=\"https:\/\/grski-zakladi.si\/wp-content\/uploads\/2025\/05\/Krema-za-soncenje-kokos-550x660-1-420x504.jpg\" class=\"attachment-woocommerce_thumbnail size-woocommerce_thumbnail\" alt=\"Krema za sun\u010danje - Kokos, SPF 25 (200 ml)\" srcset=\"https:\/\/grski-zakladi.si\/wp-content\/uploads\/2025\/05\/Krema-za-soncenje-kokos-550x660-1-420x504.jpg 420w, https:\/\/grski-zakladi.si\/wp-content\/uploads\/2025\/05\/Krema-za-soncenje-kokos-550x660-1-250x300.jpg 250w, https:\/\/grski-zakladi.si\/wp-content\/uploads\/2025\/05\/Krema-za-soncenje-kokos-550x660-1-380x456.jpg 380w, https:\/\/grski-zakladi.si\/wp-content\/uploads\/2025\/05\/Krema-za-soncenje-kokos-550x660-1.jpg 550w\" sizes=\"auto, (max-width: 420px) 100vw, 420px\" \/><\/div>\n\t\t\t\t\t<\/a><\/div><a href=\"https:\/\/grski-zakladi.si\/hr\/proizvod\/krema-za-suncanje-kokos-spf-25-200-ml\/\" class=\"wc-block-grid__product-link\">\n\t\t\t\t\t<div class=\"wc-block-grid__product-title\">Krema za sun\u010danje &#8211; Kokos, SPF 25 (200 ml)<\/div>\n\t\t\t\t<\/a><div class=\"wc-block-grid__product-price price\"><span class=\"woocommerce-Price-amount amount\">19,90&nbsp;<span class=\"woocommerce-Price-currencySymbol\">&euro;<\/span><\/span><\/div><div class=\"loop-button-wrap button-layout2\"><div class=\"wp-block-button wc-block-grid__product-add-to-cart\"><a href=\"\/hr\/wp-json\/wp\/v2\/pages\/2985?add-to-cart=4294\" aria-label=\"Dodaj u ko\u0161aricu: &ldquo;Krema za sun\u010danje - Kokos, SPF 25 (200 ml)&rdquo;\" data-quantity=\"1\" data-product_id=\"4294\" data-product_sku=\"\" rel=\"nofollow\" class=\"wp-block-button__link add_to_cart_button ajax_add_to_cart\">Dodaj u ko\u0161aricu<\/a><\/div><\/div><\/li><li class=\"wc-block-grid__product product-grid \">\n\t\t\t\t<div class=\"loop-image-wrap botiga-add-to-cart-button-layout2\">\n\t\t\t\t\t<a href=\"https:\/\/grski-zakladi.si\/hr\/proizvod\/gel-za-tusiranje-ulje-cajevca\/\" class=\"wc-block-grid__product-link\">\n\t\t\t\t\t\t<div class=\"wc-block-grid__product-image\"><img loading=\"lazy\" decoding=\"async\" width=\"420\" height=\"504\" src=\"https:\/\/grski-zakladi.si\/wp-content\/uploads\/2024\/01\/Gel-za-tusiranje-550x660-1-420x504.jpg\" class=\"attachment-woocommerce_thumbnail size-woocommerce_thumbnail\" alt=\"Gel za tu\u0161iranje - ulje \u010dajevca\" srcset=\"https:\/\/grski-zakladi.si\/wp-content\/uploads\/2024\/01\/Gel-za-tusiranje-550x660-1-420x504.jpg 420w, https:\/\/grski-zakladi.si\/wp-content\/uploads\/2024\/01\/Gel-za-tusiranje-550x660-1-250x300.jpg 250w, https:\/\/grski-zakladi.si\/wp-content\/uploads\/2024\/01\/Gel-za-tusiranje-550x660-1-380x456.jpg 380w, https:\/\/grski-zakladi.si\/wp-content\/uploads\/2024\/01\/Gel-za-tusiranje-550x660-1.jpg 550w\" sizes=\"auto, (max-width: 420px) 100vw, 420px\" \/><\/div>\n\t\t\t\t\t<\/a><\/div><a href=\"https:\/\/grski-zakladi.si\/hr\/proizvod\/gel-za-tusiranje-ulje-cajevca\/\" class=\"wc-block-grid__product-link\">\n\t\t\t\t\t<div class=\"wc-block-grid__product-title\">Gel za tu\u0161iranje &#8211; ulje \u010dajevca<\/div>\n\t\t\t\t<\/a><div class=\"wc-block-grid__product-price price\"><span class=\"woocommerce-Price-amount amount\">13,90&nbsp;<span class=\"woocommerce-Price-currencySymbol\">&euro;<\/span><\/span><\/div><div class=\"loop-button-wrap button-layout2\"><div class=\"wp-block-button wc-block-grid__product-add-to-cart\"><a href=\"\/hr\/wp-json\/wp\/v2\/pages\/2985?add-to-cart=2851\" aria-label=\"Dodaj u ko\u0161aricu: &ldquo;Gel za tu\u0161iranje - ulje \u010dajevca&rdquo;\" data-quantity=\"1\" data-product_id=\"2851\" data-product_sku=\"\" rel=\"nofollow\" class=\"wp-block-button__link add_to_cart_button ajax_add_to_cart\">Dodaj u ko\u0161aricu<\/a><\/div><\/div><\/li><li class=\"wc-block-grid__product product-grid \">\n\t\t\t\t<div class=\"loop-image-wrap botiga-add-to-cart-button-layout2\">\n\t\t\t\t\t<a href=\"https:\/\/grski-zakladi.si\/hr\/proizvod\/maslac-za-tijelo-kokos\/\" class=\"wc-block-grid__product-link\">\n\t\t\t\t\t\t<div class=\"wc-block-grid__product-image\"><img loading=\"lazy\" decoding=\"async\" width=\"420\" height=\"504\" src=\"https:\/\/grski-zakladi.si\/wp-content\/uploads\/2023\/06\/Maslo-aloe-kokos-550x660-1-420x504.jpg\" class=\"attachment-woocommerce_thumbnail size-woocommerce_thumbnail\" alt=\"Maslac za tijelo - Kokos\" srcset=\"https:\/\/grski-zakladi.si\/wp-content\/uploads\/2023\/06\/Maslo-aloe-kokos-550x660-1-420x504.jpg 420w, https:\/\/grski-zakladi.si\/wp-content\/uploads\/2023\/06\/Maslo-aloe-kokos-550x660-1-250x300.jpg 250w, https:\/\/grski-zakladi.si\/wp-content\/uploads\/2023\/06\/Maslo-aloe-kokos-550x660-1-380x456.jpg 380w, https:\/\/grski-zakladi.si\/wp-content\/uploads\/2023\/06\/Maslo-aloe-kokos-550x660-1.jpg 550w\" sizes=\"auto, (max-width: 420px) 100vw, 420px\" \/><\/div>\n\t\t\t\t\t<\/a><\/div><a href=\"https:\/\/grski-zakladi.si\/hr\/proizvod\/maslac-za-tijelo-kokos\/\" class=\"wc-block-grid__product-link\">\n\t\t\t\t\t<div class=\"wc-block-grid__product-title\">Maslac za tijelo &#8211; Kokos<\/div>\n\t\t\t\t<\/a><div class=\"wc-block-grid__product-price price\"><span class=\"woocommerce-Price-amount amount\">18,90&nbsp;<span class=\"woocommerce-Price-currencySymbol\">&euro;<\/span><\/span><\/div><div class=\"loop-button-wrap button-layout2\"><div class=\"wp-block-button wc-block-grid__product-add-to-cart\"><a href=\"\/hr\/wp-json\/wp\/v2\/pages\/2985?add-to-cart=2849\" aria-label=\"Dodaj u ko\u0161aricu: &ldquo;Maslac za tijelo - Kokos&rdquo;\" data-quantity=\"1\" data-product_id=\"2849\" data-product_sku=\"\" rel=\"nofollow\" class=\"wp-block-button__link add_to_cart_button ajax_add_to_cart\">Dodaj u ko\u0161aricu<\/a><\/div><\/div><\/li><li class=\"wc-block-grid__product product-grid \">\n\t\t\t\t<div class=\"loop-image-wrap botiga-add-to-cart-button-layout2\">\n\t\t\t\t\t<a href=\"https:\/\/grski-zakladi.si\/hr\/proizvod\/losion-za-tijelo-kokos\/\" class=\"wc-block-grid__product-link\">\n\t\t\t\t\t\t<div class=\"wc-block-grid__product-image\"><img loading=\"lazy\" decoding=\"async\" width=\"420\" height=\"504\" src=\"https:\/\/grski-zakladi.si\/wp-content\/uploads\/2022\/09\/Losjon-za-telo-kokos-550x660-1-420x504.jpg\" class=\"attachment-woocommerce_thumbnail size-woocommerce_thumbnail\" alt=\"Losion za tijelo - Kokos\" srcset=\"https:\/\/grski-zakladi.si\/wp-content\/uploads\/2022\/09\/Losjon-za-telo-kokos-550x660-1-420x504.jpg 420w, https:\/\/grski-zakladi.si\/wp-content\/uploads\/2022\/09\/Losjon-za-telo-kokos-550x660-1-250x300.jpg 250w, https:\/\/grski-zakladi.si\/wp-content\/uploads\/2022\/09\/Losjon-za-telo-kokos-550x660-1-380x456.jpg 380w, https:\/\/grski-zakladi.si\/wp-content\/uploads\/2022\/09\/Losjon-za-telo-kokos-550x660-1.jpg 550w\" sizes=\"auto, (max-width: 420px) 100vw, 420px\" \/><\/div>\n\t\t\t\t\t<\/a><\/div><a href=\"https:\/\/grski-zakladi.si\/hr\/proizvod\/losion-za-tijelo-kokos\/\" class=\"wc-block-grid__product-link\">\n\t\t\t\t\t<div class=\"wc-block-grid__product-title\">Losion za tijelo &#8211; Kokos<\/div>\n\t\t\t\t<\/a><div class=\"wc-block-grid__product-rating\"><div class=\"star-rating\" role=\"img\" aria-label=\"Ocijenjeno 5.00 od 5\"><span style=\"width:100%\">Korisni\u010dka ocjena: <strong class=\"rating\">5.00<\/strong> od ukupno 5 (<span class=\"rating\">1<\/span> korisnika)<\/span><\/div><\/div><div class=\"wc-block-grid__product-price price\"><span class=\"woocommerce-Price-amount amount\">17,90&nbsp;<span class=\"woocommerce-Price-currencySymbol\">&euro;<\/span><\/span><\/div><div class=\"loop-button-wrap button-layout2\"><div class=\"wp-block-button wc-block-grid__product-add-to-cart\"><a href=\"\/hr\/wp-json\/wp\/v2\/pages\/2985?add-to-cart=2840\" aria-label=\"Dodaj u ko\u0161aricu: &ldquo;Losion za tijelo - Kokos&rdquo;\" data-quantity=\"1\" data-product_id=\"2840\" data-product_sku=\"\" rel=\"nofollow\" class=\"wp-block-button__link add_to_cart_button ajax_add_to_cart\">Dodaj u ko\u0161aricu<\/a><\/div><\/div><\/li><li class=\"wc-block-grid__product product-grid \">\n\t\t\t\t<div class=\"loop-image-wrap botiga-add-to-cart-button-layout2\">\n\t\t\t\t\t<a href=\"https:\/\/grski-zakladi.si\/hr\/proizvod\/krema-za-opekline-i-osjetljivu-kozu\/\" class=\"wc-block-grid__product-link\">\n\t\t\t\t\t\t<div class=\"wc-block-grid__product-image\"><img loading=\"lazy\" decoding=\"async\" width=\"420\" height=\"504\" src=\"https:\/\/grski-zakladi.si\/wp-content\/uploads\/2022\/06\/Proti-opeklinam-z-aloe-vero-550x660-1-420x504.jpg\" class=\"attachment-woocommerce_thumbnail size-woocommerce_thumbnail\" alt=\"Krema za opekline i osjetljivu ko\u017eu\" srcset=\"https:\/\/grski-zakladi.si\/wp-content\/uploads\/2022\/06\/Proti-opeklinam-z-aloe-vero-550x660-1-420x504.jpg 420w, https:\/\/grski-zakladi.si\/wp-content\/uploads\/2022\/06\/Proti-opeklinam-z-aloe-vero-550x660-1-250x300.jpg 250w, https:\/\/grski-zakladi.si\/wp-content\/uploads\/2022\/06\/Proti-opeklinam-z-aloe-vero-550x660-1-380x456.jpg 380w, https:\/\/grski-zakladi.si\/wp-content\/uploads\/2022\/06\/Proti-opeklinam-z-aloe-vero-550x660-1.jpg 550w\" sizes=\"auto, (max-width: 420px) 100vw, 420px\" \/><\/div>\n\t\t\t\t\t<\/a><\/div><a href=\"https:\/\/grski-zakladi.si\/hr\/proizvod\/krema-za-opekline-i-osjetljivu-kozu\/\" class=\"wc-block-grid__product-link\">\n\t\t\t\t\t<div class=\"wc-block-grid__product-title\">Krema za opekline i osjetljivu ko\u017eu<\/div>\n\t\t\t\t<\/a><div class=\"wc-block-grid__product-rating\"><div class=\"star-rating\" role=\"img\" aria-label=\"Ocijenjeno 5.00 od 5\"><span style=\"width:100%\">Korisni\u010dka ocjena: <strong class=\"rating\">5.00<\/strong> od ukupno 5 (<span class=\"rating\">1<\/span> korisnika)<\/span><\/div><\/div><div class=\"wc-block-grid__product-price price\"><span class=\"woocommerce-Price-amount amount\">20,90&nbsp;<span class=\"woocommerce-Price-currencySymbol\">&euro;<\/span><\/span><\/div><div class=\"loop-button-wrap button-layout2\"><div class=\"wp-block-button wc-block-grid__product-add-to-cart\"><a href=\"\/hr\/wp-json\/wp\/v2\/pages\/2985?add-to-cart=3079\" aria-label=\"Dodaj u ko\u0161aricu: &ldquo;Krema za opekline i osjetljivu ko\u017eu&rdquo;\" data-quantity=\"1\" data-product_id=\"3079\" data-product_sku=\"\" rel=\"nofollow\" class=\"wp-block-button__link add_to_cart_button ajax_add_to_cart\">Dodaj u ko\u0161aricu<\/a><\/div><\/div><\/li><li class=\"wc-block-grid__product product-grid \">\n\t\t\t\t<div class=\"loop-image-wrap botiga-add-to-cart-button-layout2\">\n\t\t\t\t\t<a href=\"https:\/\/grski-zakladi.si\/hr\/proizvod\/losion-za-tijelo-s-magarecim-mlijekom\/\" class=\"wc-block-grid__product-link\">\n\t\t\t\t\t\t<div class=\"wc-block-grid__product-image\"><img loading=\"lazy\" decoding=\"async\" width=\"420\" height=\"504\" src=\"https:\/\/grski-zakladi.si\/wp-content\/uploads\/2022\/01\/Losjon-Donkey-550x660-2-420x504.jpg\" class=\"attachment-woocommerce_thumbnail size-woocommerce_thumbnail\" alt=\"Losion za tijelo s magare\u0107im mlijekom (250 ml)\" srcset=\"https:\/\/grski-zakladi.si\/wp-content\/uploads\/2022\/01\/Losjon-Donkey-550x660-2-420x504.jpg 420w, https:\/\/grski-zakladi.si\/wp-content\/uploads\/2022\/01\/Losjon-Donkey-550x660-2-250x300.jpg 250w, https:\/\/grski-zakladi.si\/wp-content\/uploads\/2022\/01\/Losjon-Donkey-550x660-2-380x456.jpg 380w, https:\/\/grski-zakladi.si\/wp-content\/uploads\/2022\/01\/Losjon-Donkey-550x660-2.jpg 550w\" sizes=\"auto, (max-width: 420px) 100vw, 420px\" \/><\/div>\n\t\t\t\t\t<\/a><\/div><a href=\"https:\/\/grski-zakladi.si\/hr\/proizvod\/losion-za-tijelo-s-magarecim-mlijekom\/\" class=\"wc-block-grid__product-link\">\n\t\t\t\t\t<div class=\"wc-block-grid__product-title\">Losion za tijelo s magare\u0107im mlijekom (250 ml)<\/div>\n\t\t\t\t<\/a><div class=\"wc-block-grid__product-price price\"><span class=\"woocommerce-Price-amount amount\">19,90&nbsp;<span class=\"woocommerce-Price-currencySymbol\">&euro;<\/span><\/span><\/div><div class=\"loop-button-wrap button-layout2\"><div class=\"wp-block-button wc-block-grid__product-add-to-cart\"><a href=\"\/hr\/wp-json\/wp\/v2\/pages\/2985?add-to-cart=2897\" aria-label=\"Dodaj u ko\u0161aricu: &ldquo;Losion za tijelo s magare\u0107im mlijekom (250 ml)&rdquo;\" data-quantity=\"1\" data-product_id=\"2897\" data-product_sku=\"\" rel=\"nofollow\" class=\"wp-block-button__link add_to_cart_button ajax_add_to_cart\">Dodaj u ko\u0161aricu<\/a><\/div><\/div><\/li><\/ul><\/div>","protected":false},"excerpt":{"rendered":"","protected":false},"author":1,"featured_media":0,"parent":0,"menu_order":0,"comment_status":"closed","ping_status":"closed","template":"","meta":{"footnotes":""},"class_list":["post-2985","page","type-page","status-publish","hentry"],"_links":{"self":[{"href":"https:\/\/grski-zakladi.si\/hr\/wp-json\/wp\/v2\/pages\/2985","targetHints":{"allow":["GET"]}}],"collection":[{"href":"https:\/\/grski-zakladi.si\/hr\/wp-json\/wp\/v2\/pages"}],"about":[{"href":"https:\/\/grski-zakladi.si\/hr\/wp-json\/wp\/v2\/types\/page"}],"author":[{"embeddable":true,"href":"https:\/\/grski-zakladi.si\/hr\/wp-json\/wp\/v2\/users\/1"}],"replies":[{"embeddable":true,"href":"https:\/\/grski-zakladi.si\/hr\/wp-json\/wp\/v2\/comments?post=2985"}],"version-history":[{"count":2,"href":"https:\/\/grski-zakladi.si\/hr\/wp-json\/wp\/v2\/pages\/2985\/revisions"}],"predecessor-version":[{"id":2987,"href":"https:\/\/grski-zakladi.si\/hr\/wp-json\/wp\/v2\/pages\/2985\/revisions\/2987"}],"wp:attachment":[{"href":"https:\/\/grski-zakladi.si\/hr\/wp-json\/wp\/v2\/media?parent=2985"}],"curies":[{"name":"wp","href":"https:\/\/api.w.org\/{rel}","templated":true}]}}