{"id":2949,"date":"2022-01-26T11:40:47","date_gmt":"2022-01-26T11:40:47","guid":{"rendered":"https:\/\/grski-zakladi.si\/o-nama\/"},"modified":"2025-02-12T10:55:48","modified_gmt":"2025-02-12T10:55:48","slug":"o-nama","status":"publish","type":"page","link":"https:\/\/grski-zakladi.si\/hr\/o-nama\/","title":{"rendered":"O nama"},"content":{"rendered":"\n<p>Smo zastupnik i distributer za prodaju prirodne gr\u010dke kozmetike tvrtke PharmAid sa Rodosa. <\/p>\n\n<p>Pharmaid je gr\u010dka obiteljska tvrtka osnovana 2005. godine, specijalizirana za proizvodnju prirodne kozmetike koja se temelji na mo\u0107i i tajnama prirode. Dugogodi\u0161njim iskustvom i znanjem stvaraju prirodne, sigurne i u\u010dinkovite proizvode na bazi ekolo\u0161kog maslinovog ulja, mlijeka magaraca i organske aloe vere. Proizvodi su primjereni za sve tipove ko\u017ee, \u010dak i za najosjetljiviju.  <\/p>\n\n<p><strong>Kako nam je putovanje u Gr\u010dku promijenilo \u017eivot<\/strong><\/p>\n\n<p class=\"has-text-align-left\">Sve je po\u010delo u ljeto 2021., kada smo oti\u0161li na odmor u Gr\u010dku, na Rodos. U du\u0107anu sa suvenirima i drugim gr\u010dkim proizvodima kupili smo Pharmaid kremu za ruke s maslinovim uljem i losion za tijelo s mlijekom od magaraca. Oba proizvoda su nas se odmah dojmila jer su jako hidratantni, brzo se upijaju u ko\u017eu, a najva\u017enije nam je bilo da nisu testirani na \u017eivotinjama. Nakon malog istra\u017eivanja ustanovili smo da u Hrvatskoj nema kvalitetne prirodne gr\u010dke kozmetike, a kozmetika s magare\u0107im mlijekom je gotovo nepoznata. I tako je po\u010dela pri\u010da o o gr\u010dkom blagu&#8230;    <\/p>\n\n<p class=\"has-text-align-left\">Sretni smo \u0161to smo donijeli djeli\u0107 Gr\u010dke u Hrvatskoj i \u0161to Vam mo\u017eemo ponuditi vrhunsku prirodnu kozmetiku koja je prijateljski nastrojena prema \u017eivotinjama i okoli\u0161u te sadr\u017ei samo organski proizvedene prirodne sastojke gr\u010dkog sunca. Vjerujemo da \u0107ete biti odu\u0161evljeni otkrivanjem gr\u010dkog blaga, a va\u0161a ko\u017ea \u0107e vam biti zahvalna. <\/p>\n\n<p class=\"has-text-align-right\"><strong>Maja i Alejandro<\/strong><\/p>\n<div class=\"wp-block-image is-resized\">\n<figure class=\"aligncenter size-large\"><img loading=\"lazy\" decoding=\"async\" width=\"1024\" height=\"683\" src=\"https:\/\/grski-zakladi.si\/wp-content\/uploads\/2022\/02\/sea-g459c27821_1920-1024x683.jpg\" alt=\"\" class=\"wp-image-1338\" style=\"width:664px;height:auto\" srcset=\"https:\/\/grski-zakladi.si\/wp-content\/uploads\/2022\/02\/sea-g459c27821_1920-1024x683.jpg 1024w, https:\/\/grski-zakladi.si\/wp-content\/uploads\/2022\/02\/sea-g459c27821_1920-300x200.jpg 300w, https:\/\/grski-zakladi.si\/wp-content\/uploads\/2022\/02\/sea-g459c27821_1920-768x512.jpg 768w, https:\/\/grski-zakladi.si\/wp-content\/uploads\/2022\/02\/sea-g459c27821_1920-1536x1025.jpg 1536w, https:\/\/grski-zakladi.si\/wp-content\/uploads\/2022\/02\/sea-g459c27821_1920-1140x761.jpg 1140w, https:\/\/grski-zakladi.si\/wp-content\/uploads\/2022\/02\/sea-g459c27821_1920-920x614.jpg 920w, https:\/\/grski-zakladi.si\/wp-content\/uploads\/2022\/02\/sea-g459c27821_1920-575x384.jpg 575w, https:\/\/grski-zakladi.si\/wp-content\/uploads\/2022\/02\/sea-g459c27821_1920-380x254.jpg 380w, https:\/\/grski-zakladi.si\/wp-content\/uploads\/2022\/02\/sea-g459c27821_1920-420x280.jpg 420w, https:\/\/grski-zakladi.si\/wp-content\/uploads\/2022\/02\/sea-g459c27821_1920-800x534.jpg 800w, https:\/\/grski-zakladi.si\/wp-content\/uploads\/2022\/02\/sea-g459c27821_1920.jpg 1920w\" sizes=\"auto, (max-width: 1024px) 100vw, 1024px\" \/><\/figure>\n<\/div>\n<p><\/p>\n<div class=\"wp-block-image is-style-default\">\n<figure class=\"aligncenter size-large is-resized\"><img loading=\"lazy\" decoding=\"async\" width=\"1024\" height=\"766\" src=\"https:\/\/grski-zakladi.si\/wp-content\/uploads\/2025\/02\/IMG_20230917_183724-1024x766.jpg\" alt=\"\" class=\"wp-image-4042\" style=\"width:666px;height:auto\" srcset=\"https:\/\/grski-zakladi.si\/wp-content\/uploads\/2025\/02\/IMG_20230917_183724-1024x766.jpg 1024w, https:\/\/grski-zakladi.si\/wp-content\/uploads\/2025\/02\/IMG_20230917_183724-300x225.jpg 300w, https:\/\/grski-zakladi.si\/wp-content\/uploads\/2025\/02\/IMG_20230917_183724-768x575.jpg 768w, https:\/\/grski-zakladi.si\/wp-content\/uploads\/2025\/02\/IMG_20230917_183724-1536x1150.jpg 1536w, https:\/\/grski-zakladi.si\/wp-content\/uploads\/2025\/02\/IMG_20230917_183724-2048x1533.jpg 2048w, https:\/\/grski-zakladi.si\/wp-content\/uploads\/2025\/02\/IMG_20230917_183724-1140x853.jpg 1140w, https:\/\/grski-zakladi.si\/wp-content\/uploads\/2025\/02\/IMG_20230917_183724-920x689.jpg 920w, https:\/\/grski-zakladi.si\/wp-content\/uploads\/2025\/02\/IMG_20230917_183724-575x430.jpg 575w, https:\/\/grski-zakladi.si\/wp-content\/uploads\/2025\/02\/IMG_20230917_183724-380x284.jpg 380w, https:\/\/grski-zakladi.si\/wp-content\/uploads\/2025\/02\/IMG_20230917_183724-420x314.jpg 420w, https:\/\/grski-zakladi.si\/wp-content\/uploads\/2025\/02\/IMG_20230917_183724-800x599.jpg 800w\" sizes=\"auto, (max-width: 1024px) 100vw, 1024px\" \/><\/figure>\n<\/div>\n<p class=\"has-text-align-center\"><\/p>\n","protected":false},"excerpt":{"rendered":"<p>Smo zastupnik i distributer za prodaju prirodne gr\u010dke kozmetike tvrtke PharmAid sa Rodosa. Pharmaid je gr\u010dka obiteljska tvrtka osnovana 2005. godine, specijalizirana za proizvodnju prirodne kozmetike koja se temelji na [&hellip;]<\/p>\n","protected":false},"author":1,"featured_media":0,"parent":0,"menu_order":0,"comment_status":"closed","ping_status":"closed","template":"","meta":{"footnotes":""},"class_list":["post-2949","page","type-page","status-publish","hentry"],"_links":{"self":[{"href":"https:\/\/grski-zakladi.si\/hr\/wp-json\/wp\/v2\/pages\/2949","targetHints":{"allow":["GET"]}}],"collection":[{"href":"https:\/\/grski-zakladi.si\/hr\/wp-json\/wp\/v2\/pages"}],"about":[{"href":"https:\/\/grski-zakladi.si\/hr\/wp-json\/wp\/v2\/types\/page"}],"author":[{"embeddable":true,"href":"https:\/\/grski-zakladi.si\/hr\/wp-json\/wp\/v2\/users\/1"}],"replies":[{"embeddable":true,"href":"https:\/\/grski-zakladi.si\/hr\/wp-json\/wp\/v2\/comments?post=2949"}],"version-history":[{"count":6,"href":"https:\/\/grski-zakladi.si\/hr\/wp-json\/wp\/v2\/pages\/2949\/revisions"}],"predecessor-version":[{"id":4052,"href":"https:\/\/grski-zakladi.si\/hr\/wp-json\/wp\/v2\/pages\/2949\/revisions\/4052"}],"wp:attachment":[{"href":"https:\/\/grski-zakladi.si\/hr\/wp-json\/wp\/v2\/media?parent=2949"}],"curies":[{"name":"wp","href":"https:\/\/api.w.org\/{rel}","templated":true}]}}