{"id":2926,"date":"2022-02-10T10:17:53","date_gmt":"2022-02-10T09:17:53","guid":{"rendered":"https:\/\/grski-zakladi.si\/opci-uvjeti-poslovanja\/"},"modified":"2024-09-08T19:13:07","modified_gmt":"2024-09-08T19:13:07","slug":"opci-uvjeti-poslovanja","status":"publish","type":"page","link":"https:\/\/grski-zakladi.si\/hr\/opci-uvjeti-poslovanja\/","title":{"rendered":"Op\u0107i uvjeti poslovanja"},"content":{"rendered":"\n<p>Op\u0107i uvjeti poslovanja internetske trgovine Greek Treasures sastavljeni su u skladu sa Zakonom o za\u0161titi potro\u0161a\u010da (ZVPot-UPB2), Zakonom o za\u0161titi osobnih podataka (ZVOP-1), Op\u0107om uredbom o za\u0161titi podataka (GDPR) i elektroni\u010dkim komunikacijama. Zakon (ZEKom-1). Internet trgovinu Gr\u0161ki Zakladi vodi Gr\u0161ki Zakladi, Maja Slevec Peternel, sp Trubarjeva ulica 6, 1230 Dom\u017eale. <br\/><br\/><strong>Podaci o tvrtki:<\/strong><br\/><br\/>Gr\u0161ki Zakladi, Maja Slevec Peternel, sp<br\/>Trubarjeva ulica 6<br\/>1230 Dom\u017eale<br\/>Slovenija<br\/>Mati\u010dni broj: 8842329000<br\/>TRR otvoren u Delavskoj Hranilnici: SI56 6100 0002 5684 977<br\/><br\/><strong>Dostupnost informacija<\/strong><br\/><br\/>Tvrtka Gr\u0161ki Zakladi, Maja Slevec Peternel, sp posjetiteljima internetske trgovine Gr\u0161ki Zakladi na svojoj web stranici grski-zakladi.si i ovim op\u0107im uvjetima daje sljede\u0107e informacije:<\/p>\n\n<ul class=\"wp-block-list\">\n<li>Podaci o tvrtki (naziv i sjedi\u0161te tvrtke, mati\u010dni broj),<\/li>\n\n\n\n<li>kontakt podatke koji kupcu omogu\u0107uju brzu i u\u010dinkovitu komunikaciju (e-mail),<\/li>\n\n\n\n<li>bitne karakteristike artikala i rok valjanosti ovih podataka,<\/li>\n\n\n\n<li>dostupnost artikala (svaki artikl iz ponude na web stranici dostupan je u razumnom roku, ukoliko ga nema na zalihi to je izri\u010dito nazna\u010deno),<\/li>\n\n\n\n<li>uvjete dostave artikala (na\u010din, mjesto i rok dostave),<\/li>\n\n\n\n<li>cijene koje su jasno i nedvosmisleno odre\u0111ene, kao i promotivne cijene. Cijene ne uklju\u010duju tro\u0161kove dostave, <\/li>\n\n\n\n<li>na\u010din pla\u0107anja i dostave,<\/li>\n\n\n\n<li>vremenska valjanost ponude,<\/li>\n\n\n\n<li>rok u kojem je mogu\u0107e odustati od ugovora i uvjete odustajanja,<\/li>\n\n\n\n<li>poja\u0161njenje \u017ealbenog postupka.<\/li>\n<\/ul>\n\n<p><strong>Metode Pla\u010danja<\/strong><br\/><br\/>Internet trgovina Gr\u0161ki Zakladi nudi moderne elektroni\u010dke sustave pla\u0107anja. Pla\u0107anje je tako sigurno i jednostavno. <br\/><br\/>Mogu\u0107i su sljede\u0107i na\u010dini pla\u0107anja:<\/p>\n\n<ul class=\"wp-block-list\">\n<li>Pla\u0107anje kreditnim i debitnim karticama (Mastercard, Visa, Maestro).<\/li>\n\n\n\n<li>Pla\u0107anje gotovinom ili platnom karticom prilikom preuzimanja paketa uz naplatu dostave (1\u20ac).<\/li>\n<\/ul>\n\n<p><strong>Isporuka i rokovi isporuke<\/strong><br\/><br\/>Ugovorni partner za dostavu je GLS. Tro\u0161kove dostave kupac snosi sam ako je iznos kupnje manji od 59 \u20ac, u suprotnom su tro\u0161kovi dostave BESPLATNI. Tro\u0161ak dostave je 5,9\u20ac.  <\/p>\n\n<p>Rok isporuke je 3-5 radna dana. Narud\u017ebe primljene do 16 sati bit \u0107e dostavljene isti dan. <br\/><br\/><strong>Za\u0161tita podataka<\/strong><br\/><br\/>Svi osobni podaci korisnika internetske trgovine www.grski-zakladi.si za\u0161ti\u0107eni su sukladno Zakonu o za\u0161titi osobnih podataka (ZVOP-1). Podaci se pohranjuju i koriste isklju\u010divo za izvr\u0161enje narud\u017ebi te se ni pod kojim uvjetima ne proslje\u0111uju tre\u0107im osobama. <br\/><br\/>Svi podaci o potro\u0161a\u010dima koji se prenose \u0161ifrirani su SSL tehnologijom \u0161ifriranja podataka. Ovaj napredni proces enkripcije podataka osigurava da osobni podaci ne mogu biti presretnuti dok putuju od ra\u010dunala potro\u0161a\u010da do ra\u010dunala prodava\u010da ili od ra\u010dunala prodava\u010da do banke. Osobni podaci prenose se u kodiranom obliku s ra\u010dunala na autorizacijski poslu\u017eitelj banke i ne pohranjuju se na poslu\u017eitelju davatelja.  <br\/><br\/><strong>Povla\u010denje ugovora<\/strong><br\/><br\/>Kupac ima pravo u roku od 14 dana od primitka artikla obavijestiti prodavatelja da odustaje od ugovora, bez obrazlo\u017eenja svoje odluke. Rok po\u010dinje te\u0107i jedan dan od dana primitka artikala. <br\/><br\/>Odustanak od ugovora kupac dostavlja prodavatelju na e-mail adresu: <a href=\"mailto:info@grski-zakladi.si\">info@grski-zakladi.si<\/a> . Prodavatelj vra\u0107a sve primljene uplate najkasnije u roku od 14 dana od obavijesti o odustajanju od ugovora istim sredstvom pla\u0107anja koje je koristio potro\u0161a\u010d. U vezi s odustajanjem od ugovora, potro\u0161a\u010d snosi samo tro\u0161kove povrata robe.  <br\/><br\/>Potro\u0161a\u010d je du\u017ean artikl vratiti prodavatelju neo\u0161te\u0107en i u istoj koli\u010dini, odnosno neotvoren, nekori\u0161ten i u originalnom pakiranju, osim ako se njegova koli\u010dina smanjila ne krivnjom potro\u0161a\u010da.<br\/><br\/><strong>Pritu\u017ebe<\/strong><br\/><br\/>Svi proizvodi su pregledani prije isporuke i isporu\u010deni neo\u0161te\u0107eni. Sukladno \u010dlanku 37. Zakona o za\u0161titi potro\u0161a\u010da, u slu\u010daju neispravnosti proizvoda, kupac ima pravo zahtijevati od tvrtke da proizvod s nedostatkom zamijeni novim besprijekornim proizvodom ili povrat pla\u0107enog iznosa ili otkloni nedostatak na proizvodu. ili vratiti dio pla\u0107enog iznosa razmjerno nedostatku. Ukoliko je pakiranje o\u0161te\u0107eno, kupac mora o svom zahtjevu obavijestiti Gr\u0161ki Zakladi, Maja Slevec Peternel, sp u roku od 8 dana od primitka robe.   <br\/><br\/><strong>Pritu\u017ebe i sporovi<\/strong><br\/><br\/>Internet trgovina Greek Treasures u skladu je s va\u017ee\u0107im zakonima o za\u0161titi potro\u0161a\u010da. U slu\u010daju problema, kupac kontaktira prodavatelja putem e-maila <a href=\"mailto:info@grski-zakladi.si\">info@grski-zakladi.si<\/a> . Prigovor se mo\u017ee poslati i obi\u010dnom po\u0161tom u sjedi\u0161te davatelja usluga. Postupak rje\u0161avanja prigovora je u potpunosti povjerljiv. No, u interesu je internet trgovine Gr\u0161ki Zakladi da se svi eventualni sporovi rje\u0161avaju sporazumno.    <br\/><br\/><strong>Intelektualno vlasni\u0161tvo<\/strong><br\/><br\/>Internet trgovina Gr\u0161ki Zakladi i svi podaci na njoj (fotografije, grafika, sadr\u017eaj) podlo\u017eni su autorskom pravu ili drugom obliku za\u0161tite intelektualnog vlasni\u0161tva. Sadr\u017eaj web stranice ne smije se kopirati, prepravljati, mijenjati ili na bilo koji drugi na\u010din reproducirati, osim uz pisani pristanak prodavatelja. <\/p>\n","protected":false},"excerpt":{"rendered":"<p>Op\u0107i uvjeti poslovanja internetske trgovine Greek Treasures sastavljeni su u skladu sa Zakonom o za\u0161titi potro\u0161a\u010da (ZVPot-UPB2), Zakonom o za\u0161titi osobnih podataka (ZVOP-1), Op\u0107om uredbom o za\u0161titi podataka (GDPR) i [&hellip;]<\/p>\n","protected":false},"author":1,"featured_media":0,"parent":0,"menu_order":0,"comment_status":"closed","ping_status":"closed","template":"","meta":{"footnotes":""},"class_list":["post-2926","page","type-page","status-publish","hentry"],"_links":{"self":[{"href":"https:\/\/grski-zakladi.si\/hr\/wp-json\/wp\/v2\/pages\/2926","targetHints":{"allow":["GET"]}}],"collection":[{"href":"https:\/\/grski-zakladi.si\/hr\/wp-json\/wp\/v2\/pages"}],"about":[{"href":"https:\/\/grski-zakladi.si\/hr\/wp-json\/wp\/v2\/types\/page"}],"author":[{"embeddable":true,"href":"https:\/\/grski-zakladi.si\/hr\/wp-json\/wp\/v2\/users\/1"}],"replies":[{"embeddable":true,"href":"https:\/\/grski-zakladi.si\/hr\/wp-json\/wp\/v2\/comments?post=2926"}],"version-history":[{"count":5,"href":"https:\/\/grski-zakladi.si\/hr\/wp-json\/wp\/v2\/pages\/2926\/revisions"}],"predecessor-version":[{"id":3302,"href":"https:\/\/grski-zakladi.si\/hr\/wp-json\/wp\/v2\/pages\/2926\/revisions\/3302"}],"wp:attachment":[{"href":"https:\/\/grski-zakladi.si\/hr\/wp-json\/wp\/v2\/media?parent=2926"}],"curies":[{"name":"wp","href":"https:\/\/api.w.org\/{rel}","templated":true}]}}