{"id":4538,"date":"2025-05-26T10:49:28","date_gmt":"2025-05-26T10:49:28","guid":{"rendered":"https:\/\/grski-zakladi.si\/izdelek\/protector-solar-de-coco-fps-25-200-ml\/"},"modified":"2025-05-26T10:49:28","modified_gmt":"2025-05-26T08:49:28","slug":"protector-solar-de-coco-fps-25-200-ml","status":"publish","type":"product","link":"https:\/\/grski-zakladi.si\/es\/producto\/protector-solar-de-coco-fps-25-200-ml\/","title":{"rendered":"Protector solar de coco, FPS 25 (200 ml)"},"content":{"rendered":"<p>Este protector solar resistente al agua ofrece protecci\u00f3n UVA y UVB. Contiene aceite de coco emoliente y nutritivo, y vitaminas antioxidantes A y E. Adem\u00e1s, est\u00e1 enriquecido con ingredientes hidratantes, calmantes y antiinflamatorios como aloe vera, pantenol y alanto\u00edna. La crema protege eficazmente contra los rayos del sol, a la vez que calma y nutre la piel.  <\/p>\n<p>MODO DE EMPLEO: Aplicar la crema antes de cada exposici\u00f3n solar. Reaplicar varias veces durante el d\u00eda, especialmente despu\u00e9s de nadar, sudar o secarse con la toalla, para mantener la protecci\u00f3n. <\/p>\n<p><strong>\u00a1No lo olvides! La protecci\u00f3n solar es fundamental para mantener la salud y la belleza de tu piel. <\/strong><\/p>\n<p><span style=\"font-size: 80%;\"><em>INGREDIENTES: aqua, cetearyl alcohol, dicetyl phosphate, ceteth-10 phosphate, octocrylene, ethylhexyl methoxycinnamate, glyceryl stearate, peg-100 stearate, ethylhexyl palmitate, c12-15 alkyl benzoate, hydrolyzed wheat protein\/pvp crosspolymer, butyl methoxydibenzoylmethane, titanium dioxide (nano), oleth-10, isodeceth-6, aluminium stearate, alumina, simethicone, diazolidinyl urea, urea, aloe barbadensis leaf juice*, benzyl alcohol, dehydroacetic acid, glycerin, cyclopentasiloxane, cetyl alcohol, dimethicone, sorbitan monostearate, isohexadecane, triethylhexanoin, polyhydroxystearic acid, vp\/eicosene copolymer, cocos nucifera (coconut) oil*, panthenol, tocopheryl acetate, retinyl palmitate, allantoin, magnesium aluminum silicate, benzophenone-3, parfum, xanthan gum, sodium phytate, sodium dehydroacetate, bht, coumarin. <\/em><br \/>\n<\/span> <span style=\"font-size: 80%;\"><br \/>\n<em>* ingredientes cultivados ecol\u00f3gicamente<\/em><br \/>\n<\/span><\/p>\n","protected":false},"excerpt":{"rendered":"<p>Protector solar con aceite de coco. Protecci\u00f3n media. <\/p>\n<p>Tama\u00f1o: 200 ml<\/p>\n","protected":false},"featured_media":4293,"comment_status":"open","ping_status":"closed","template":"","meta":[],"product_brand":[],"product_cat":[72],"product_tag":[68],"class_list":{"0":"post-4538","1":"product","2":"type-product","3":"status-publish","4":"has-post-thumbnail","6":"product_cat-cuidado-de-cuerpo","7":"product_tag-novedades","9":"first","10":"instock","11":"shipping-taxable","12":"purchasable","13":"product-type-simple"},"_links":{"self":[{"href":"https:\/\/grski-zakladi.si\/es\/wp-json\/wp\/v2\/product\/4538","targetHints":{"allow":["GET"]}}],"collection":[{"href":"https:\/\/grski-zakladi.si\/es\/wp-json\/wp\/v2\/product"}],"about":[{"href":"https:\/\/grski-zakladi.si\/es\/wp-json\/wp\/v2\/types\/product"}],"replies":[{"embeddable":true,"href":"https:\/\/grski-zakladi.si\/es\/wp-json\/wp\/v2\/comments?post=4538"}],"wp:featuredmedia":[{"embeddable":true,"href":"https:\/\/grski-zakladi.si\/es\/wp-json\/wp\/v2\/media\/4293"}],"wp:attachment":[{"href":"https:\/\/grski-zakladi.si\/es\/wp-json\/wp\/v2\/media?parent=4538"}],"wp:term":[{"taxonomy":"product_brand","embeddable":true,"href":"https:\/\/grski-zakladi.si\/es\/wp-json\/wp\/v2\/product_brand?post=4538"},{"taxonomy":"product_cat","embeddable":true,"href":"https:\/\/grski-zakladi.si\/es\/wp-json\/wp\/v2\/product_cat?post=4538"},{"taxonomy":"product_tag","embeddable":true,"href":"https:\/\/grski-zakladi.si\/es\/wp-json\/wp\/v2\/product_tag?post=4538"}],"curies":[{"name":"wp","href":"https:\/\/api.w.org\/{rel}","templated":true}]}}