{"id":4537,"date":"2025-05-26T11:03:47","date_gmt":"2025-05-26T09:03:47","guid":{"rendered":"https:\/\/grski-zakladi.si\/izdelek\/gel-after-sun-aloe-vera-250-ml\/"},"modified":"2026-01-19T12:09:02","modified_gmt":"2026-01-19T11:09:02","slug":"gel-after-sun-aloe-vera-250-ml","status":"publish","type":"product","link":"https:\/\/grski-zakladi.si\/es\/producto\/gel-after-sun-aloe-vera-250-ml\/","title":{"rendered":"Gel after-sun Aloe vera (250 ml)"},"content":{"rendered":"<p>El gel tambi\u00e9n contiene vitaminas A y E, pantenol, extracto de pepino e ingredientes hidratantes y antiedad que mejoran la protecci\u00f3n de la piel frente a la luz solar, a la vez que la calman y nutren. La piel quedar\u00e1 hidratada, el\u00e1stica y suave despu\u00e9s de tomar el sol. El gel tiene una textura ligera, un efecto refrescante y se absorbe inmediatamente. Y, por si fuera poco, tambi\u00e9n cautiva con su maravilloso aroma.   <\/p>\n<p>MODO DE EMPLEO: Aplicar una cantidad suficiente sobre la piel limpia despu\u00e9s de cada exposici\u00f3n solar. Repetir la aplicaci\u00f3n varias veces al d\u00eda o seg\u00fan sea necesario.  <\/p>\n<p><span style=\"font-size: 80%;\"><em>INGREDIENTES: aqua, aloe barbadensis leaf juice*, alcohol denat., panthenol, olea europaea (olive) leaf extract*, glycerin, cucumis sativus (cucumber) fruit extract, melaleuca alternifolia (tea tree) leaf oil, allantoin, polysorbate 20, retinyl palmitate, tocopherol acetate, linolenic acid, menthyl lactate, PPG-26 buteth-26, PEG-40 hydrogenated castor oil, triethanolamine, carbomer, disodium EDTA, phenoxyethanol, ethylhexylglycerin, parfum, polysorbate-20, benzophenone-4, amyl cinnamal, coumarin, benzyl benzoate, hexylcinnamaldehyde, linalool may contain: CI. 47005, CI. 42051, CI. 16185. <\/em><br \/>\n<\/span> <span style=\"font-size: 80%;\"><br \/>\n<em>* ingredientes de producci\u00f3n org\u00e1nica<\/em><br \/>\n<\/span><\/p>\n","protected":false},"excerpt":{"rendered":"<p>Gel refrescante para despu\u00e9s del sol con aloe vera org\u00e1nico, extractos de hojas de olivo y aceite de \u00e1rbol de t\u00e9.<\/p>\n<p> Tama\u00f1o: 250 ml<\/p>\n","protected":false},"featured_media":4277,"comment_status":"open","ping_status":"closed","template":"","meta":[],"product_brand":[],"product_cat":[72],"product_tag":[69,68],"class_list":{"0":"post-4537","1":"product","2":"type-product","3":"status-publish","4":"has-post-thumbnail","6":"product_cat-cuidado-de-cuerpo","7":"product_tag-aloe-treasures-es","8":"product_tag-novedades","10":"first","11":"instock","12":"virtual","13":"purchasable","14":"product-type-simple"},"_links":{"self":[{"href":"https:\/\/grski-zakladi.si\/es\/wp-json\/wp\/v2\/product\/4537","targetHints":{"allow":["GET"]}}],"collection":[{"href":"https:\/\/grski-zakladi.si\/es\/wp-json\/wp\/v2\/product"}],"about":[{"href":"https:\/\/grski-zakladi.si\/es\/wp-json\/wp\/v2\/types\/product"}],"replies":[{"embeddable":true,"href":"https:\/\/grski-zakladi.si\/es\/wp-json\/wp\/v2\/comments?post=4537"}],"wp:featuredmedia":[{"embeddable":true,"href":"https:\/\/grski-zakladi.si\/es\/wp-json\/wp\/v2\/media\/4277"}],"wp:attachment":[{"href":"https:\/\/grski-zakladi.si\/es\/wp-json\/wp\/v2\/media?parent=4537"}],"wp:term":[{"taxonomy":"product_brand","embeddable":true,"href":"https:\/\/grski-zakladi.si\/es\/wp-json\/wp\/v2\/product_brand?post=4537"},{"taxonomy":"product_cat","embeddable":true,"href":"https:\/\/grski-zakladi.si\/es\/wp-json\/wp\/v2\/product_cat?post=4537"},{"taxonomy":"product_tag","embeddable":true,"href":"https:\/\/grski-zakladi.si\/es\/wp-json\/wp\/v2\/product_tag?post=4537"}],"curies":[{"name":"wp","href":"https:\/\/api.w.org\/{rel}","templated":true}]}}