{"id":4067,"date":"2025-02-06T12:34:41","date_gmt":"2025-02-06T12:34:41","guid":{"rendered":"https:\/\/grski-zakladi.si\/izdelek\/cepillo-de-masaje-para-el-cuero-cabelludo\/"},"modified":"2025-02-17T10:37:11","modified_gmt":"2025-02-17T10:37:11","slug":"cepillo-de-masaje-para-el-cuero-cabelludo","status":"publish","type":"product","link":"https:\/\/grski-zakladi.si\/es\/producto\/cepillo-de-masaje-para-el-cuero-cabelludo\/","title":{"rendered":"Cepillo de masaje para el cuero cabelludo"},"content":{"rendered":"<p>Con el cepillo de masaje, tu cuero cabelludo estar\u00e1 siempre limpio. Elimina las c\u00e9lulas muertas de la piel, inhibe la formaci\u00f3n de caspa y retarda la grasitud del cabello. Los movimientos de masaje aumentan el flujo sangu\u00edneo al cuero cabelludo y proporcionan una buena ventilaci\u00f3n. Esto permite que los fol\u00edculos pilosos reciban m\u00e1s ox\u00edgeno, lo que promueve un crecimiento m\u00e1s r\u00e1pido, menor p\u00e9rdida de cabello y un cabello m\u00e1s fuerte y grueso. El champ\u00fa y otros productos pueden penetrar mejor en el cuero cabelludo y realizar su trabajo de forma m\u00e1s efectiva. El masaje del cuero cabelludo tiene un efecto relajante y reduce la tensi\u00f3n, el estr\u00e9s y los dolores de cabeza.<\/p>\n<p>Gracias a su suavidad, el cepillo es adecuado para todo tipo de cabello y no le enreda.<\/p>\n<p>Puedes encontrar todos los productos para el cuidado del cabello <a href=\"https:\/\/grski-zakladi.si\/es\/categorias-producto\/cabello\/\">AQU\u00cd<\/a> .<\/p>\n","protected":false},"excerpt":{"rendered":"<p>El cepillo de masaje para el cabello es una excelente herramienta para lavar el cabello. Limpia en profundidad el cuero cabelludo, estimula el crecimiento del cabello y proporciona un masaje extremadamente relajante.<\/p>\n","protected":false},"featured_media":4033,"comment_status":"open","ping_status":"closed","template":"","meta":[],"product_brand":[],"product_cat":[64],"product_tag":[],"class_list":{"0":"post-4067","1":"product","2":"type-product","3":"status-publish","4":"has-post-thumbnail","6":"product_cat-cabello","8":"first","9":"instock","10":"shipping-taxable","11":"purchasable","12":"product-type-simple"},"_links":{"self":[{"href":"https:\/\/grski-zakladi.si\/es\/wp-json\/wp\/v2\/product\/4067","targetHints":{"allow":["GET"]}}],"collection":[{"href":"https:\/\/grski-zakladi.si\/es\/wp-json\/wp\/v2\/product"}],"about":[{"href":"https:\/\/grski-zakladi.si\/es\/wp-json\/wp\/v2\/types\/product"}],"replies":[{"embeddable":true,"href":"https:\/\/grski-zakladi.si\/es\/wp-json\/wp\/v2\/comments?post=4067"}],"wp:featuredmedia":[{"embeddable":true,"href":"https:\/\/grski-zakladi.si\/es\/wp-json\/wp\/v2\/media\/4033"}],"wp:attachment":[{"href":"https:\/\/grski-zakladi.si\/es\/wp-json\/wp\/v2\/media?parent=4067"}],"wp:term":[{"taxonomy":"product_brand","embeddable":true,"href":"https:\/\/grski-zakladi.si\/es\/wp-json\/wp\/v2\/product_brand?post=4067"},{"taxonomy":"product_cat","embeddable":true,"href":"https:\/\/grski-zakladi.si\/es\/wp-json\/wp\/v2\/product_cat?post=4067"},{"taxonomy":"product_tag","embeddable":true,"href":"https:\/\/grski-zakladi.si\/es\/wp-json\/wp\/v2\/product_tag?post=4067"}],"curies":[{"name":"wp","href":"https:\/\/api.w.org\/{rel}","templated":true}]}}