{"id":3468,"date":"2024-09-28T09:19:56","date_gmt":"2024-09-28T07:19:56","guid":{"rendered":"https:\/\/grski-zakladi.si\/izdelek\/crema-facial-hidratante-con-acido-hialuronico\/"},"modified":"2024-09-28T09:19:56","modified_gmt":"2024-09-28T09:19:56","slug":"crema-facial-hidratante-con-acido-hialuronico","status":"publish","type":"product","link":"https:\/\/grski-zakladi.si\/es\/producto\/crema-facial-hidratante-con-acido-hialuronico\/","title":{"rendered":"Crema facial hidratante con \u00e1cido hialur\u00f3nico."},"content":{"rendered":"<p>La crema est\u00e1 especialmente dise\u00f1ada para prevenir los signos del envejecimiento prematuro (arrugas, puntos negros). Contiene vitaminas A, E, C y F, liposomas, extracto de semilla de uva roja, azafr\u00e1n y coenzima Q10. La combinaci\u00f3n \u00fanica de uvas y liposomas previene la destrucci\u00f3n de c\u00e9lulas y col\u00e1geno, mientras que el azafr\u00e1n y la vitamina C estabilizada inhiben la formaci\u00f3n de puntos negros. La crema tambi\u00e9n contiene \u00e1cido hialur\u00f3nico* y manteca de karit\u00e9, que hidratan enormemente la piel. La piel quedar\u00e1 m\u00e1s tersa, profundamente hidratada y sedosa y suave. *El \u00e1cido hialur\u00f3nico se utiliza b\u00e1sicamente como humectante profundo.    <\/p>\n<p><span style=\"font-size: 80%;\"><br \/>\n<em>INGREDIENTES: aqua, aloe barbadensis leaf juice*, hydrogenated ethylhexyl olivate, hydrogenated olive oil, unsaponifiables, cetearyl alcohol, dicetyl phosphate, ceteth-10 phosphate, sodium PCA, sodium lactate, fructose, glycine, niacinamide, urea, inositol, glycerin, caprylic\/capric triglyceride, octyl palmitate, titanium dioxide (nano), oleth-10, isodeceth-6, aluminium stearate, alumina, simethicone, diazolidinyl urea, PEG-20 stearate, benzyl alcohol, dehydroacetic acid, coco-caprylate\/caprate, PEG-40 hydrogenated castor oil, tocopherol, vitis vinifera (grape) seed extract, crocus sativus (saffron) flower extract, olea europaea (olive) fruit oil*, butyrospermum parkii (shea) butter, tocopheryl acetate, allantoin, lecithin, ubiquinone, carnosine, silybum marianum fruit extract, alpha-arbutin, sodium hyaluronate, ascorbyl glucoside, retinyl palmitate, steareth-10, sodium hydroxide, parfum, acrylates\/C10-30 alkyl acrylate crosspolymer, steareth-2, sodium phytate, BHT, benzyl salicylate, citronellol, hexylcinnamaldehyde, linalool. (*) <\/em><br \/>\n<\/span><span style=\"font-size: 80%;\"><br \/>\n<em>* ingredientes cultivados ecol\u00f3gicamente<\/em><br \/>\n<\/span><\/p>\n","protected":false},"excerpt":{"rendered":"<p>Crema facial con aloe vera ecol\u00f3gico y aceite de oliva ecol\u00f3gico. Rico en vitaminas, antioxidantes e ingredientes antienvejecimiento. <\/p>\n<p>Tama\u00f1o: 50 ml<\/p>\n","protected":false},"featured_media":3391,"comment_status":"open","ping_status":"closed","template":"","meta":[],"product_brand":[],"product_cat":[67],"product_tag":[69,124],"class_list":{"0":"post-3468","1":"product","2":"type-product","3":"status-publish","4":"has-post-thumbnail","6":"product_cat-rostro","7":"product_tag-aloe-treasures-es","8":"product_tag-los-mas-vendidos","10":"first","11":"instock","12":"shipping-taxable","13":"purchasable","14":"product-type-simple"},"_links":{"self":[{"href":"https:\/\/grski-zakladi.si\/es\/wp-json\/wp\/v2\/product\/3468","targetHints":{"allow":["GET"]}}],"collection":[{"href":"https:\/\/grski-zakladi.si\/es\/wp-json\/wp\/v2\/product"}],"about":[{"href":"https:\/\/grski-zakladi.si\/es\/wp-json\/wp\/v2\/types\/product"}],"replies":[{"embeddable":true,"href":"https:\/\/grski-zakladi.si\/es\/wp-json\/wp\/v2\/comments?post=3468"}],"wp:featuredmedia":[{"embeddable":true,"href":"https:\/\/grski-zakladi.si\/es\/wp-json\/wp\/v2\/media\/3391"}],"wp:attachment":[{"href":"https:\/\/grski-zakladi.si\/es\/wp-json\/wp\/v2\/media?parent=3468"}],"wp:term":[{"taxonomy":"product_brand","embeddable":true,"href":"https:\/\/grski-zakladi.si\/es\/wp-json\/wp\/v2\/product_brand?post=3468"},{"taxonomy":"product_cat","embeddable":true,"href":"https:\/\/grski-zakladi.si\/es\/wp-json\/wp\/v2\/product_cat?post=3468"},{"taxonomy":"product_tag","embeddable":true,"href":"https:\/\/grski-zakladi.si\/es\/wp-json\/wp\/v2\/product_tag?post=3468"}],"curies":[{"name":"wp","href":"https:\/\/api.w.org\/{rel}","templated":true}]}}