{"id":3461,"date":"2024-09-28T08:24:12","date_gmt":"2024-09-28T08:24:12","guid":{"rendered":"https:\/\/grski-zakladi.si\/izdelek\/aceite-para-el-cuidado-del-cabello-con-aceite-de-argan\/"},"modified":"2024-09-28T08:24:12","modified_gmt":"2024-09-28T08:24:12","slug":"aceite-para-el-cuidado-del-cabello-con-aceite-de-argan","status":"publish","type":"product","link":"https:\/\/grski-zakladi.si\/es\/producto\/aceite-para-el-cuidado-del-cabello-con-aceite-de-argan\/","title":{"rendered":"Aceite para el cuidado del cabello con aceite de arg\u00e1n."},"content":{"rendered":"<p>El aceite de arg\u00e1n se obtiene de la semilla del fruto del \u00e1rbol Argania Spinosa, que crece en Marruecos. Los lugare\u00f1os lo llaman con raz\u00f3n el \u00ab\u00e1rbol de la vida\u00bb, ya que el aceite de arg\u00e1n que contiene esta fruta es uno de los m\u00e1s valiosos por sus propiedades nutritivas, emolientes y antioxidantes. En combinaci\u00f3n con extracto de aloe y vitamina E protectora, nutre y nutre el cabello, dej\u00e1ndolo sedoso, suave y brillante. No engrasa el cabello y facilita el peinado. El aceite es particularmente eficaz para regenerar el cabello seco y da\u00f1ado. USO: Aplicar unas gotas sobre el cabello lavado y masajear suavemente desde la ra\u00edz hasta las puntas. <\/p>\n<p> Sin aclarar. Se puede utilizar sobre cabello h\u00famedo y seco.<\/p>\n<p><span style=\"font-size: 80%;\"><br \/>\n<em>INGREDIENTES: cyclopentasiloxane, dimethiconol, dimethicone, argania spinosa kernel oil*, helianthus annus (sunflower) seed oil, aloe barbadensis leaf extract, tocopheryl acetate, parfum, amyl cinnamal, cinnamyl alcohol, cinnamal, coumarin, geraniol, citronellol, hexylcinnamaldehyde, linalool, alpha-isomethyl ionone. (*) <\/em><br \/>\n<\/span><span style=\"font-size: 80%;\"><br \/>\n<em>* ingredientes cultivados ecol\u00f3gicamente<\/em><br \/>\n<\/span><\/p>\n","protected":false},"excerpt":{"rendered":"<p>Aceite para el cuidado del cabello con aceite de arg\u00e1n ecol\u00f3gico y aloe vera ecol\u00f3gico.<\/p>\n<p> Tama\u00f1o: 125ml<\/p>\n","protected":false},"featured_media":3395,"comment_status":"open","ping_status":"closed","template":"","meta":[],"product_brand":[],"product_cat":[64],"product_tag":[69],"class_list":{"0":"post-3461","1":"product","2":"type-product","3":"status-publish","4":"has-post-thumbnail","6":"product_cat-cabello","7":"product_tag-aloe-treasures-es","9":"first","10":"instock","11":"shipping-taxable","12":"purchasable","13":"product-type-simple"},"_links":{"self":[{"href":"https:\/\/grski-zakladi.si\/es\/wp-json\/wp\/v2\/product\/3461","targetHints":{"allow":["GET"]}}],"collection":[{"href":"https:\/\/grski-zakladi.si\/es\/wp-json\/wp\/v2\/product"}],"about":[{"href":"https:\/\/grski-zakladi.si\/es\/wp-json\/wp\/v2\/types\/product"}],"replies":[{"embeddable":true,"href":"https:\/\/grski-zakladi.si\/es\/wp-json\/wp\/v2\/comments?post=3461"}],"wp:featuredmedia":[{"embeddable":true,"href":"https:\/\/grski-zakladi.si\/es\/wp-json\/wp\/v2\/media\/3395"}],"wp:attachment":[{"href":"https:\/\/grski-zakladi.si\/es\/wp-json\/wp\/v2\/media?parent=3461"}],"wp:term":[{"taxonomy":"product_brand","embeddable":true,"href":"https:\/\/grski-zakladi.si\/es\/wp-json\/wp\/v2\/product_brand?post=3461"},{"taxonomy":"product_cat","embeddable":true,"href":"https:\/\/grski-zakladi.si\/es\/wp-json\/wp\/v2\/product_cat?post=3461"},{"taxonomy":"product_tag","embeddable":true,"href":"https:\/\/grski-zakladi.si\/es\/wp-json\/wp\/v2\/product_tag?post=3461"}],"curies":[{"name":"wp","href":"https:\/\/api.w.org\/{rel}","templated":true}]}}