{"id":2375,"date":"2023-06-29T07:24:29","date_gmt":"2023-06-29T05:24:29","guid":{"rendered":"https:\/\/grski-zakladi.si\/izdelek\/crema-de-manos-aloe-vera\/"},"modified":"2023-06-29T07:24:29","modified_gmt":"2023-06-29T07:24:29","slug":"crema-de-manos-aloe-vera","status":"publish","type":"product","link":"https:\/\/grski-zakladi.si\/es\/producto\/crema-de-manos-aloe-vera\/","title":{"rendered":"Crema de manos &#8211; Aloe vera"},"content":{"rendered":"<p>Hidrata y nutre intensamente la piel seca de las manos. Adem\u00e1s de aloe vera, tambi\u00e9n contiene aceite de oliva, pantenol y manteca de karit\u00e9. Las manos estar\u00e1n frescas, bien cuidadas y suaves como la seda. Se absorbe r\u00e1pidamente en la piel.<\/p>\n<p><span style=\"font-size: 80%;\"><br \/>\n<em>INGREDIENTES: aqua, aloe barbadensis leaf juice*, glycerin, octyl palmitate, glyceryl stearate, PEG-100 stearate, stearic acid, cetyl alcohol, cetearyl alcohol, dicetyl phosphate, ceteth-10 phosphate, phenoxyethanol, ethylhexylglycerin, cyclopentasiloxane, dimethicone, olea europaea (olive) fruit oil*, butyrospermum parkii (shea) butter, panthenol, biosaccharide gum-1, allantoin, tocopheryl acetate, retinyl palmitate, parfum, sodium hydroxide, xanthan gum, disodium EDTA, BHT, amyl cinnamal, hexylcinnamal, linalool.<br \/>\n<\/em><\/span><span style=\"font-size: 80%;\"><br \/>\n<em>* ingredientes cultivados ecol\u00f3gicamente<\/em><br \/>\n<\/span><\/p>\n","protected":false},"excerpt":{"rendered":"<p>Crema de manos hidratante con extracto de aloe vera ecol\u00f3gico y aceite de oliva ecol\u00f3gico.<\/p>\n<p>Tama\u00f1o: 120 ml<\/p>\n","protected":false},"featured_media":2266,"comment_status":"open","ping_status":"closed","template":"","meta":[],"product_brand":[],"product_cat":[70,73],"product_tag":[69],"class_list":{"0":"post-2375","1":"product","2":"type-product","3":"status-publish","4":"has-post-thumbnail","6":"product_cat-cuerpo","7":"product_cat-cuidado-de-manos","8":"product_tag-aloe-treasures-es","10":"first","11":"instock","12":"shipping-taxable","13":"purchasable","14":"product-type-simple"},"_links":{"self":[{"href":"https:\/\/grski-zakladi.si\/es\/wp-json\/wp\/v2\/product\/2375","targetHints":{"allow":["GET"]}}],"collection":[{"href":"https:\/\/grski-zakladi.si\/es\/wp-json\/wp\/v2\/product"}],"about":[{"href":"https:\/\/grski-zakladi.si\/es\/wp-json\/wp\/v2\/types\/product"}],"replies":[{"embeddable":true,"href":"https:\/\/grski-zakladi.si\/es\/wp-json\/wp\/v2\/comments?post=2375"}],"wp:featuredmedia":[{"embeddable":true,"href":"https:\/\/grski-zakladi.si\/es\/wp-json\/wp\/v2\/media\/2266"}],"wp:attachment":[{"href":"https:\/\/grski-zakladi.si\/es\/wp-json\/wp\/v2\/media?parent=2375"}],"wp:term":[{"taxonomy":"product_brand","embeddable":true,"href":"https:\/\/grski-zakladi.si\/es\/wp-json\/wp\/v2\/product_brand?post=2375"},{"taxonomy":"product_cat","embeddable":true,"href":"https:\/\/grski-zakladi.si\/es\/wp-json\/wp\/v2\/product_cat?post=2375"},{"taxonomy":"product_tag","embeddable":true,"href":"https:\/\/grski-zakladi.si\/es\/wp-json\/wp\/v2\/product_tag?post=2375"}],"curies":[{"name":"wp","href":"https:\/\/api.w.org\/{rel}","templated":true}]}}