{"id":2374,"date":"2022-09-08T22:35:46","date_gmt":"2022-09-08T20:35:46","guid":{"rendered":"https:\/\/grski-zakladi.si\/izdelek\/crema-facial-colageno-marino\/"},"modified":"2026-01-19T12:08:48","modified_gmt":"2026-01-19T11:08:48","slug":"crema-facial-colageno-marino","status":"publish","type":"product","link":"https:\/\/grski-zakladi.si\/es\/producto\/crema-facial-colageno-marino\/","title":{"rendered":"Crema facial &#8211; Col\u00e1geno marino"},"content":{"rendered":"<p>La crema contiene ceramidas, vitamina C estabilizada, ingredientes hidratantes y antioxidantes para prevenir los primeros signos de envejecimiento y los puntos negros de la piel. Hidrata y restaura la piel estabilizando los mecanismos de reparaci\u00f3n celular y aportando elasticidad y luminosidad de la juventud. F\u00f3rmula ligera y no grasa con pH neutro.<\/p>\n<p>USO: Aplicar por la ma\u00f1ana o por la noche sobre la piel limpia del rostro y masajear suavemente hasta que se absorba.<\/p>\n<p><span style=\"font-size: 80%;\"><br \/>\n<em>INGREDIENTES: aqua, isopropyl isostearate, donkey milk, cetearyl alcohol &amp; dicetyl phosphate &amp; ceteth-10 phosphate, cetyl alcohol &amp; potassium cetyl phosphate &amp; cetyl stearate &amp; stearic acid, isostearyl, isostearate, cetyl esters, propanediol, benzyl alcohol &amp; dehydroacetic acid, soluble collagen, olea europaea (olive) fruit oil*, C12-15 alkyl benzoate &amp; tribehenin &amp; ceramide NG &amp; PEG-100 phytosterol &amp; palmitoyl hexapeptide-12 &amp; lactic acid, tocopheryl acetate, ascorbyl glucoside, allantoin, arbutin, ethylhexyl methoxycinnamate &amp; butyl methoxydibenzoylmethane &amp; ethylhexyl salicylate, steareth-10, steareth-2, xanthan gum, parfum, sodium hydroxide, disodium EDTA, BHT, benzyl salicylate.<\/em><br \/>\n<\/span><span style=\"font-size: 80%;\"><br \/>\n<em>* ingredientes cultivados ecol\u00f3gicamente<\/em><br \/>\n<\/span><\/p>\n","protected":false},"excerpt":{"rendered":"<p>Crema facial renovadora antiedad con leche de burra 100% griega, col\u00e1geno marino, p\u00e9ptidos bioactivos y aceite de oliva ecol\u00f3gico.<\/p>\n<p>Tama\u00f1o: 50 ml<\/p>\n","protected":false},"featured_media":2251,"comment_status":"open","ping_status":"closed","template":"","meta":[],"product_brand":[],"product_cat":[67],"product_tag":[66,124],"class_list":{"0":"post-2374","1":"product","2":"type-product","3":"status-publish","4":"has-post-thumbnail","6":"product_cat-rostro","7":"product_tag-donkey-milk-treasures-es","8":"product_tag-los-mas-vendidos","10":"first","11":"instock","12":"shipping-taxable","13":"purchasable","14":"product-type-simple"},"_links":{"self":[{"href":"https:\/\/grski-zakladi.si\/es\/wp-json\/wp\/v2\/product\/2374","targetHints":{"allow":["GET"]}}],"collection":[{"href":"https:\/\/grski-zakladi.si\/es\/wp-json\/wp\/v2\/product"}],"about":[{"href":"https:\/\/grski-zakladi.si\/es\/wp-json\/wp\/v2\/types\/product"}],"replies":[{"embeddable":true,"href":"https:\/\/grski-zakladi.si\/es\/wp-json\/wp\/v2\/comments?post=2374"}],"wp:featuredmedia":[{"embeddable":true,"href":"https:\/\/grski-zakladi.si\/es\/wp-json\/wp\/v2\/media\/2251"}],"wp:attachment":[{"href":"https:\/\/grski-zakladi.si\/es\/wp-json\/wp\/v2\/media?parent=2374"}],"wp:term":[{"taxonomy":"product_brand","embeddable":true,"href":"https:\/\/grski-zakladi.si\/es\/wp-json\/wp\/v2\/product_brand?post=2374"},{"taxonomy":"product_cat","embeddable":true,"href":"https:\/\/grski-zakladi.si\/es\/wp-json\/wp\/v2\/product_cat?post=2374"},{"taxonomy":"product_tag","embeddable":true,"href":"https:\/\/grski-zakladi.si\/es\/wp-json\/wp\/v2\/product_tag?post=2374"}],"curies":[{"name":"wp","href":"https:\/\/api.w.org\/{rel}","templated":true}]}}