{"id":2373,"date":"2024-01-04T12:21:24","date_gmt":"2024-01-04T11:21:24","guid":{"rendered":"https:\/\/grski-zakladi.si\/izdelek\/gel-de-ducha-aceite-de-arbol-de-te\/"},"modified":"2024-03-02T13:42:02","modified_gmt":"2024-03-02T13:42:02","slug":"gel-de-ducha-aceite-de-arbol-de-te","status":"publish","type":"product","link":"https:\/\/grski-zakladi.si\/es\/producto\/gel-de-ducha-aceite-de-arbol-de-te\/","title":{"rendered":"Gel de ducha \u2013 Aceite de \u00e1rbol de t\u00e9"},"content":{"rendered":"<p>Este gel de ducha es rico en vitaminas A, E, F y H. Limpia suavemente la piel sin resecarla. Contiene aloe vera, que hidrata intensamente la piel, mientras que el aceite de \u00e1rbol de t\u00e9 tiene un efecto beneficioso sobre la piel propensa al acn\u00e9, grasa e irritada. Su piel se sentir\u00e1 suave, tersa y fresca despu\u00e9s de la ducha.<\/p>\n<p>El gel es adecuado para todo tipo de pieles.<\/p>\n<p><span style=\"font-size: 80%;\"><br \/>\n<em>INGREDIENTES: aqua, sodium laureth sulfate, aloe barbadensis gel*, cocamidopropyl betaine, acrylates copolymer, PEG-4 rapeseedamide, amodimethicone, trideceth-12, glycerin, cetrimonium chloride, polysorbate 20, retinyl palmitate, tocopherol acetate, linolenic acid, melaleuca alternifolia oil, parfum, triethanolamine, sodium chloride, polyquaternium-39, citric acid, benzyl alcohol, methylisothiasolinone, chloromethylisothiasolinone, disodium EDTA, benzophenone-4, amyl cinnamal, hexylcinnamaldehyde, alpha-isomethyl ionone may contains: c.i. 47007, c.i. 42051, c.i. 45190.<\/em><br \/>\n<\/span><span style=\"font-size: 80%;\"><br \/>\n<em>* ingredientes cultivados ecol\u00f3gicamente<\/em><br \/>\n<\/span><\/p>\n","protected":false},"excerpt":{"rendered":"<p>Gel de ducha suave con aloe vera ecol\u00f3gico y aceite de \u00e1rbol de t\u00e9.<\/p>\n<p>Tama\u00f1o: 250 ml<\/p>\n","protected":false},"featured_media":2273,"comment_status":"open","ping_status":"closed","template":"","meta":[],"product_brand":[],"product_cat":[70,72],"product_tag":[69],"class_list":{"0":"post-2373","1":"product","2":"type-product","3":"status-publish","4":"has-post-thumbnail","6":"product_cat-cuerpo","7":"product_cat-cuidado-de-cuerpo","8":"product_tag-aloe-treasures-es","10":"first","11":"instock","12":"shipping-taxable","13":"purchasable","14":"product-type-simple"},"_links":{"self":[{"href":"https:\/\/grski-zakladi.si\/es\/wp-json\/wp\/v2\/product\/2373","targetHints":{"allow":["GET"]}}],"collection":[{"href":"https:\/\/grski-zakladi.si\/es\/wp-json\/wp\/v2\/product"}],"about":[{"href":"https:\/\/grski-zakladi.si\/es\/wp-json\/wp\/v2\/types\/product"}],"replies":[{"embeddable":true,"href":"https:\/\/grski-zakladi.si\/es\/wp-json\/wp\/v2\/comments?post=2373"}],"wp:featuredmedia":[{"embeddable":true,"href":"https:\/\/grski-zakladi.si\/es\/wp-json\/wp\/v2\/media\/2273"}],"wp:attachment":[{"href":"https:\/\/grski-zakladi.si\/es\/wp-json\/wp\/v2\/media?parent=2373"}],"wp:term":[{"taxonomy":"product_brand","embeddable":true,"href":"https:\/\/grski-zakladi.si\/es\/wp-json\/wp\/v2\/product_brand?post=2373"},{"taxonomy":"product_cat","embeddable":true,"href":"https:\/\/grski-zakladi.si\/es\/wp-json\/wp\/v2\/product_cat?post=2373"},{"taxonomy":"product_tag","embeddable":true,"href":"https:\/\/grski-zakladi.si\/es\/wp-json\/wp\/v2\/product_tag?post=2373"}],"curies":[{"name":"wp","href":"https:\/\/api.w.org\/{rel}","templated":true}]}}