{"id":2328,"date":"2022-01-30T18:00:31","date_gmt":"2022-01-30T18:00:31","guid":{"rendered":"https:\/\/grski-zakladi.si\/izdelek\/locion-corporal-con-leche-de-burrra\/"},"modified":"2024-03-02T17:08:49","modified_gmt":"2024-03-02T17:08:49","slug":"locion-corporal-con-leche-de-burrra","status":"publish","type":"product","link":"https:\/\/grski-zakladi.si\/es\/producto\/locion-corporal-con-leche-de-burrra\/","title":{"rendered":"Loci\u00f3n corporal con leche de burra"},"content":{"rendered":"<p>La leche de burra se considera un elixir para el cuidado y la belleza de la piel desde la antig\u00fcedad. Contiene prote\u00ednas y amino\u00e1cidos que retienen la humedad en la piel y refuerzan la funci\u00f3n del col\u00e1geno y la elastina. Junto con el aceite de oliva org\u00e1nico, el aceite diet\u00e9tico de jojoba y el extracto antioxidante de granada, dan una sensaci\u00f3n de rejuvenecimiento, frescura y suavidad aterciopelada. F\u00f3rmula ligera baja en grasa con pH neutro.<\/p>\n<p>USO: Aplicar diariamente por la ma\u00f1ana y\/o por la noche sobre la piel limpia y frotar con suaves masajes hasta su absorci\u00f3n.<\/p>\n<p><span style=\"font-size: 80%;\"><br \/>\n<em>INGREDIENTES: aqua, isopropyl myristate, glycerin, glyceryl stearate &amp; polyglyceryl-6 palmitate\/succinate, cetearyl alcohol, stearic acid, butylene glycol &amp; punica granatum (pomegranate) extract, potassium olivoyl hydrolyzed wheat protein &amp; glyceryl oleate, phenoxyethanol &amp; ethylhexylglycerin, donkey milk, simmondsia sinensis (jojoba) seed oil, olea europaea (olive) fruit oil**, allantoin, tocopheryl acetate, parfum, sodium polyacrylate &amp; isotridecyl isononanoate &amp; trideceth-6, xanthan gum, disodium EDTA, BHT, benzyl salicylate.<\/em><br \/>\n<\/span><span style=\"font-size: 80%;\"><br \/>\n<em>** ingredientes cultivados ecol\u00f3gicamente<\/em><br \/>\n<\/span><\/p>\n","protected":false},"excerpt":{"rendered":"<p>Loci\u00f3n corporal hidratante para todo tipo de pieles. Con leche de burra 100% griega tratada criog\u00e9nicamente*, aceite de jojoba, extracto de granada y aceite de oliva ecol\u00f3gico.<\/p>\n<p><em>* Tratamiento especial para preservar las caracter\u00edsticas y propiedades \u00fanicas de la leche.<\/em><\/p>\n<p>Tama\u00f1o: 250 ml<\/p>\n","protected":false},"featured_media":2221,"comment_status":"open","ping_status":"closed","template":"","meta":[],"product_brand":[],"product_cat":[70,72],"product_tag":[66],"class_list":{"0":"post-2328","1":"product","2":"type-product","3":"status-publish","4":"has-post-thumbnail","6":"product_cat-cuerpo","7":"product_cat-cuidado-de-cuerpo","8":"product_tag-donkey-milk-treasures-es","10":"first","11":"instock","12":"shipping-taxable","13":"purchasable","14":"product-type-simple"},"_links":{"self":[{"href":"https:\/\/grski-zakladi.si\/es\/wp-json\/wp\/v2\/product\/2328","targetHints":{"allow":["GET"]}}],"collection":[{"href":"https:\/\/grski-zakladi.si\/es\/wp-json\/wp\/v2\/product"}],"about":[{"href":"https:\/\/grski-zakladi.si\/es\/wp-json\/wp\/v2\/types\/product"}],"replies":[{"embeddable":true,"href":"https:\/\/grski-zakladi.si\/es\/wp-json\/wp\/v2\/comments?post=2328"}],"wp:featuredmedia":[{"embeddable":true,"href":"https:\/\/grski-zakladi.si\/es\/wp-json\/wp\/v2\/media\/2221"}],"wp:attachment":[{"href":"https:\/\/grski-zakladi.si\/es\/wp-json\/wp\/v2\/media?parent=2328"}],"wp:term":[{"taxonomy":"product_brand","embeddable":true,"href":"https:\/\/grski-zakladi.si\/es\/wp-json\/wp\/v2\/product_brand?post=2328"},{"taxonomy":"product_cat","embeddable":true,"href":"https:\/\/grski-zakladi.si\/es\/wp-json\/wp\/v2\/product_cat?post=2328"},{"taxonomy":"product_tag","embeddable":true,"href":"https:\/\/grski-zakladi.si\/es\/wp-json\/wp\/v2\/product_tag?post=2328"}],"curies":[{"name":"wp","href":"https:\/\/api.w.org\/{rel}","templated":true}]}}