{"id":2327,"date":"2022-09-08T23:03:03","date_gmt":"2022-09-08T21:03:03","guid":{"rendered":"https:\/\/grski-zakladi.si\/izdelek\/locion-corporal-coco\/"},"modified":"2026-01-19T12:09:02","modified_gmt":"2026-01-19T11:09:02","slug":"locion-corporal-coco","status":"publish","type":"product","link":"https:\/\/grski-zakladi.si\/es\/producto\/locion-corporal-coco\/","title":{"rendered":"Loci\u00f3n corporal &#8211; Coco"},"content":{"rendered":"<p>La loci\u00f3n con vitaminas A y E, pantenol, manteca de karit\u00e9, ingredientes hidratantes y antiedad protege, nutre y calma la piel. La piel estar\u00e1 hidratada, el\u00e1stica y agradablemente suave. El olor a coco evocar\u00e1 recuerdos del mar, de las largas playas de arena, de las palmeras, del sol&#8230;<\/p>\n<p><span style=\"font-size: 80%;\"><br \/>\n<em>INGREDIENTES: aqua, aloe barbadensis leaf juice powder*, octyl palmitate, glycerin, glyceryl stearate, PEG-100 stearate, cyclopentasiloxane, cocos nucifera (coconut) oil*, cetyl alcohol, phenoxyethanol, ethylhexylglycerin, panthenol, allantoin, biosaccharide gum-1, tocopheryl acetate, butyrospermum parkii (shea) butter, retinyl palmitate, sodium polyacrylate, hydrogenated polydecene, trideceth-6, dimethicone, sodium hydroxide, carbomer, disodium EDTA, \u0392\u0397\u03a4, coumarin.<br \/>\n<\/em><\/span><span style=\"font-size: 80%;\"><br \/>\n<em>* ingredientes cultivados ecol\u00f3gicamente<\/em><br \/>\n<\/span><\/p>\n","protected":false},"excerpt":{"rendered":"<p>Loci\u00f3n corporal refrescante con aloe vera org\u00e1nico y aceite de coco org\u00e1nico.<\/p>\n<p>Tama\u00f1o: 250 ml<\/p>\n","protected":false},"featured_media":2252,"comment_status":"open","ping_status":"closed","template":"","meta":[],"product_brand":[],"product_cat":[70,72],"product_tag":[69,124],"class_list":{"0":"post-2327","1":"product","2":"type-product","3":"status-publish","4":"has-post-thumbnail","6":"product_cat-cuerpo","7":"product_cat-cuidado-de-cuerpo","8":"product_tag-aloe-treasures-es","9":"product_tag-los-mas-vendidos","11":"first","12":"instock","13":"shipping-taxable","14":"purchasable","15":"product-type-simple"},"_links":{"self":[{"href":"https:\/\/grski-zakladi.si\/es\/wp-json\/wp\/v2\/product\/2327","targetHints":{"allow":["GET"]}}],"collection":[{"href":"https:\/\/grski-zakladi.si\/es\/wp-json\/wp\/v2\/product"}],"about":[{"href":"https:\/\/grski-zakladi.si\/es\/wp-json\/wp\/v2\/types\/product"}],"replies":[{"embeddable":true,"href":"https:\/\/grski-zakladi.si\/es\/wp-json\/wp\/v2\/comments?post=2327"}],"wp:featuredmedia":[{"embeddable":true,"href":"https:\/\/grski-zakladi.si\/es\/wp-json\/wp\/v2\/media\/2252"}],"wp:attachment":[{"href":"https:\/\/grski-zakladi.si\/es\/wp-json\/wp\/v2\/media?parent=2327"}],"wp:term":[{"taxonomy":"product_brand","embeddable":true,"href":"https:\/\/grski-zakladi.si\/es\/wp-json\/wp\/v2\/product_brand?post=2327"},{"taxonomy":"product_cat","embeddable":true,"href":"https:\/\/grski-zakladi.si\/es\/wp-json\/wp\/v2\/product_cat?post=2327"},{"taxonomy":"product_tag","embeddable":true,"href":"https:\/\/grski-zakladi.si\/es\/wp-json\/wp\/v2\/product_tag?post=2327"}],"curies":[{"name":"wp","href":"https:\/\/api.w.org\/{rel}","templated":true}]}}