{"id":2322,"date":"2023-06-29T06:59:42","date_gmt":"2023-06-29T04:59:42","guid":{"rendered":"https:\/\/grski-zakladi.si\/izdelek\/manteca-corporal-coco\/"},"modified":"2024-02-26T10:09:32","modified_gmt":"2024-02-26T10:09:32","slug":"manteca-corporal-coco","status":"publish","type":"product","link":"https:\/\/grski-zakladi.si\/es\/producto\/manteca-corporal-coco\/","title":{"rendered":"Manteca corporal &#8211; Coco"},"content":{"rendered":"<p>La manteca nutritiva es ideal para el cuidado de la piel seca y sensible. Est\u00e1 enriquecido con vitaminas A y E, pantenol, manteca de karit\u00e9, ingredientes hidratantes e ingredientes antienvejecimiento. Protege, nutre y calma la piel y la hidrata intensamente. La piel volver\u00e1 a ser el\u00e1stica y aterciopelada. Se absorbe r\u00e1pidamente y no deja sensaci\u00f3n grasa. Tiene un delicado olor a coco, que evocar\u00e1 tu recuerdo de los d\u00edas de verano.<\/p>\n<p><span style=\"font-size: 80%;\"><br \/>\n<em>INGREDIENTES: aqua, aloe barbadensis leaf juice*,octyl palmitate, cetyl alcohol, stearic acid, glycerin, glyceryl stearate, PEG-100 stearate, phenoxyethanol, ethylhexylglycerin, parfum, cocos nucifera (coconut) fruit extract, cyclopentasiloxane, butyrospermum parkii (shea) butter, dimethicone, panthenol, biosaccharide gum-1, allantoin, tocopheryl acetate, retinyl palmitate, sodium hydroxide, disodium EDTA, BHT, coumarin<br \/>\n<\/em><\/span><span style=\"font-size: 80%;\"><br \/>\n<em>* ingredientes cultivados ecol\u00f3gicamente<\/em><br \/>\n<\/span><\/p>\n","protected":false},"excerpt":{"rendered":"<p>Manteca corporal hidratante con aloe vera org\u00e1nico y aceite de coco.<\/p>\n<p>Tama\u00f1o: 200 ml<\/p>\n","protected":false},"featured_media":2265,"comment_status":"open","ping_status":"closed","template":"","meta":[],"product_brand":[],"product_cat":[70,72],"product_tag":[69],"class_list":{"0":"post-2322","1":"product","2":"type-product","3":"status-publish","4":"has-post-thumbnail","6":"product_cat-cuerpo","7":"product_cat-cuidado-de-cuerpo","8":"product_tag-aloe-treasures-es","10":"first","11":"instock","12":"shipping-taxable","13":"purchasable","14":"product-type-simple"},"_links":{"self":[{"href":"https:\/\/grski-zakladi.si\/es\/wp-json\/wp\/v2\/product\/2322","targetHints":{"allow":["GET"]}}],"collection":[{"href":"https:\/\/grski-zakladi.si\/es\/wp-json\/wp\/v2\/product"}],"about":[{"href":"https:\/\/grski-zakladi.si\/es\/wp-json\/wp\/v2\/types\/product"}],"replies":[{"embeddable":true,"href":"https:\/\/grski-zakladi.si\/es\/wp-json\/wp\/v2\/comments?post=2322"}],"wp:featuredmedia":[{"embeddable":true,"href":"https:\/\/grski-zakladi.si\/es\/wp-json\/wp\/v2\/media\/2265"}],"wp:attachment":[{"href":"https:\/\/grski-zakladi.si\/es\/wp-json\/wp\/v2\/media?parent=2322"}],"wp:term":[{"taxonomy":"product_brand","embeddable":true,"href":"https:\/\/grski-zakladi.si\/es\/wp-json\/wp\/v2\/product_brand?post=2322"},{"taxonomy":"product_cat","embeddable":true,"href":"https:\/\/grski-zakladi.si\/es\/wp-json\/wp\/v2\/product_cat?post=2322"},{"taxonomy":"product_tag","embeddable":true,"href":"https:\/\/grski-zakladi.si\/es\/wp-json\/wp\/v2\/product_tag?post=2322"}],"curies":[{"name":"wp","href":"https:\/\/api.w.org\/{rel}","templated":true}]}}