{"id":2318,"date":"2022-01-30T10:53:08","date_gmt":"2022-01-30T09:53:08","guid":{"rendered":"https:\/\/grski-zakladi.si\/izdelek\/crema-de-manos-calendula\/"},"modified":"2024-07-29T11:18:37","modified_gmt":"2024-07-29T11:18:37","slug":"crema-de-manos-calendula","status":"publish","type":"product","link":"https:\/\/grski-zakladi.si\/es\/producto\/crema-de-manos-calendula\/","title":{"rendered":"Crema de manos &#8211; Cal\u00e9ndula"},"content":{"rendered":"<p>La crema contiene aceite de oliva ecol\u00f3gico, extractos de hoja de olivo y cal\u00e9ndula. Tambi\u00e9n est\u00e1 enriquecido con vitaminas A y E, pantenol, manteca de karit\u00e9 y glicerina. Nutre y suaviza incluso las manos m\u00e1s secas. Hidrata la piel, aport\u00e1ndole elasticidad y una sensaci\u00f3n de suavidad aterciopelada. No deja sensaci\u00f3n grasa en la piel y se absorbe inmediatamente.  <span style=\"font-size: 80%;\"><br \/>\n<em>INGREDIENTES: agua, glicerina, palmitato de octilo, estearato de glicerilo, estearato de peg-100, \u00e1cido este\u00e1rico, ciclopentasiloxano, alcohol cet\u00edlico, aceite de fruta de olea europaea*, fenoxietanol, etilhexilglicerina, dimeticona, extracto de hoja de olea europaea*, extracto de flor de cal\u00e9ndula officinalis, butyrospermum parkii , pantenol, goma de biosac\u00e1rido-1, acetato de tocoferilo, alanto\u00edna, palmitato de retinilo, perfume, hidr\u00f3xido de sodio, etilhexilglicerina, edta dis\u00f3dico, butilhidroxitolueno, salicilato de bencilo, geraniol, cironelol, hexilcinamaldeh\u00eddo, d-limoneno, linalol.<\/em><br \/>\n<\/span><span style=\"font-size: 80%;\"><br \/>\n<em>* ingredientes cultivados ecol\u00f3gicamente<\/em><br \/>\n<\/span><\/p>\n","protected":false},"excerpt":{"rendered":"<p>Crema de manos hidratante con cal\u00e9ndula para pieles muy secas. Tama\u00f1o: 200 ml<\/p>\n","protected":false},"featured_media":2276,"comment_status":"open","ping_status":"closed","template":"","meta":[],"product_brand":[],"product_cat":[70,73],"product_tag":[76],"class_list":{"0":"post-2318","1":"product","2":"type-product","3":"status-publish","4":"has-post-thumbnail","6":"product_cat-cuerpo","7":"product_cat-cuidado-de-manos","8":"product_tag-athenas-treasures-es","10":"first","11":"instock","12":"shipping-taxable","13":"purchasable","14":"product-type-simple"},"_links":{"self":[{"href":"https:\/\/grski-zakladi.si\/es\/wp-json\/wp\/v2\/product\/2318","targetHints":{"allow":["GET"]}}],"collection":[{"href":"https:\/\/grski-zakladi.si\/es\/wp-json\/wp\/v2\/product"}],"about":[{"href":"https:\/\/grski-zakladi.si\/es\/wp-json\/wp\/v2\/types\/product"}],"replies":[{"embeddable":true,"href":"https:\/\/grski-zakladi.si\/es\/wp-json\/wp\/v2\/comments?post=2318"}],"wp:featuredmedia":[{"embeddable":true,"href":"https:\/\/grski-zakladi.si\/es\/wp-json\/wp\/v2\/media\/2276"}],"wp:attachment":[{"href":"https:\/\/grski-zakladi.si\/es\/wp-json\/wp\/v2\/media?parent=2318"}],"wp:term":[{"taxonomy":"product_brand","embeddable":true,"href":"https:\/\/grski-zakladi.si\/es\/wp-json\/wp\/v2\/product_brand?post=2318"},{"taxonomy":"product_cat","embeddable":true,"href":"https:\/\/grski-zakladi.si\/es\/wp-json\/wp\/v2\/product_cat?post=2318"},{"taxonomy":"product_tag","embeddable":true,"href":"https:\/\/grski-zakladi.si\/es\/wp-json\/wp\/v2\/product_tag?post=2318"}],"curies":[{"name":"wp","href":"https:\/\/api.w.org\/{rel}","templated":true}]}}