{"id":2317,"date":"2022-01-30T11:03:21","date_gmt":"2022-01-30T10:03:21","guid":{"rendered":"https:\/\/grski-zakladi.si\/izdelek\/crema-de-manos-aguacate-y-aloe-vera\/"},"modified":"2024-03-02T19:20:38","modified_gmt":"2024-03-02T19:20:38","slug":"crema-de-manos-aguacate-y-aloe-vera","status":"publish","type":"product","link":"https:\/\/grski-zakladi.si\/es\/producto\/crema-de-manos-aguacate-y-aloe-vera\/","title":{"rendered":"Crema de manos &#8211; Aguacate y Aloe vera"},"content":{"rendered":"<p>La crema est\u00e1 enriquecida con vitaminas A y E, pantenol e ingredientes hidratantes y antienvejecimiento. Nutre, protege y calma las manos al tiempo que hidrata la piel, devolvi\u00e9ndole su elasticidad y suavidad aterciopelada. No deja la piel grasa y se absorbe inmediatamente.<\/p>\n<p><span style=\"font-size: 80%;\"><br \/>\n<em>INGREDIENTES: aqua, glycerin, octyl palmitate, glyceryl stearate, peg-100 stearate, stearin, urea, cyclopentasiloxane, cetyl alcohol, dimethicone, aloe barbadensis leaf juice*, persea gratissima oil, biosaccharide gum-1, butyrospermum parkii, olea europaea oil*, sodium hydroxide, olea europaea leaf extract*, tocopheryl acetate, panthenol, parfum, polyquaternium-39, allantoin, phenoxyethanol, ethylhelylglycerin, retinyl palmitate, butyl hydroxy toluene.<\/em><br \/>\n<\/span><span style=\"font-size: 80%;\"><br \/>\n<em>* ingredientes cultivados ecol\u00f3gicamente<\/em><br \/>\n<\/span><\/p>\n","protected":false},"excerpt":{"rendered":"<p>Crema hidratante para manos secas y agrietadas. Con aceite de oliva ecol\u00f3gico, extracto de hoja de olivo, aceite de aguacate ecol\u00f3gico y aloe vera ecol\u00f3gico.<\/p>\n<p>Tama\u00f1o: 60 ml<\/p>\n","protected":false},"featured_media":2201,"comment_status":"open","ping_status":"closed","template":"","meta":[],"product_brand":[],"product_cat":[70,73],"product_tag":[76],"class_list":{"0":"post-2317","1":"product","2":"type-product","3":"status-publish","4":"has-post-thumbnail","6":"product_cat-cuerpo","7":"product_cat-cuidado-de-manos","8":"product_tag-athenas-treasures-es","10":"first","11":"instock","12":"shipping-taxable","13":"purchasable","14":"product-type-simple"},"_links":{"self":[{"href":"https:\/\/grski-zakladi.si\/es\/wp-json\/wp\/v2\/product\/2317","targetHints":{"allow":["GET"]}}],"collection":[{"href":"https:\/\/grski-zakladi.si\/es\/wp-json\/wp\/v2\/product"}],"about":[{"href":"https:\/\/grski-zakladi.si\/es\/wp-json\/wp\/v2\/types\/product"}],"replies":[{"embeddable":true,"href":"https:\/\/grski-zakladi.si\/es\/wp-json\/wp\/v2\/comments?post=2317"}],"wp:featuredmedia":[{"embeddable":true,"href":"https:\/\/grski-zakladi.si\/es\/wp-json\/wp\/v2\/media\/2201"}],"wp:attachment":[{"href":"https:\/\/grski-zakladi.si\/es\/wp-json\/wp\/v2\/media?parent=2317"}],"wp:term":[{"taxonomy":"product_brand","embeddable":true,"href":"https:\/\/grski-zakladi.si\/es\/wp-json\/wp\/v2\/product_brand?post=2317"},{"taxonomy":"product_cat","embeddable":true,"href":"https:\/\/grski-zakladi.si\/es\/wp-json\/wp\/v2\/product_cat?post=2317"},{"taxonomy":"product_tag","embeddable":true,"href":"https:\/\/grski-zakladi.si\/es\/wp-json\/wp\/v2\/product_tag?post=2317"}],"curies":[{"name":"wp","href":"https:\/\/api.w.org\/{rel}","templated":true}]}}